{"id":113,"date":"2018-11-13T14:42:33","date_gmt":"2018-11-13T13:42:33","guid":{"rendered":"https:\/\/www.contivalves.com\/?page_id=113"},"modified":"2021-06-28T09:27:44","modified_gmt":"2021-06-28T07:27:44","slug":"produzione","status":"publish","type":"page","link":"https:\/\/www.contivalves.com\/de\/wir-uber-uns\/produktion\/","title":{"rendered":"[:en]Production process[:it]Produzione[:es]Producci\u00f3n[:fr]Production[:de]Produktion[:]"},"content":{"rendered":"\t\t<div data-elementor-type=\"wp-post\" data-elementor-id=\"113\" class=\"elementor elementor-113\" data-elementor-settings=\"[]\">\n\t\t\t\t\t\t<div class=\"elementor-inner\">\n\t\t\t\t\t\t\t<div class=\"elementor-section-wrap\">\n\t\t\t\t\t\t\t<section class=\"elementor-section elementor-inner-section elementor-element elementor-element-b06e5b7 elementor-section-boxed elementor-section-height-default elementor-section-height-default\" data-id=\"b06e5b7\" data-element_type=\"section\">\n\t\t\t\t\t\t<div class=\"elementor-container elementor-column-gap-default\">\n\t\t\t\t\t\t\t<div class=\"elementor-row\">\n\t\t\t\t\t<div class=\"elementor-column elementor-col-100 elementor-inner-column elementor-element elementor-element-606d451\" data-id=\"606d451\" data-element_type=\"column\">\n\t\t\t<div class=\"elementor-column-wrap elementor-element-populated\">\n\t\t\t\t\t\t\t<div class=\"elementor-widget-wrap\">\n\t\t\t\t\t\t<div class=\"elementor-element elementor-element-77767bf elementor-widget elementor-widget-heading\" data-id=\"77767bf\" data-element_type=\"widget\" data-widget_type=\"heading.default\">\n\t\t\t\t<div class=\"elementor-widget-container\">\n\t\t\t<h2 class=\"elementor-heading-title elementor-size-default\">Conti ist auf internationaler Ebene in verschiedenen Industriebranchen und Einsatzbereichen f\u00fcr h\u00f6chste Qualit\u00e4t, Zuverl\u00e4ssigkeit und Sicherheit bekannt und gesch\u00e4tzt.<\/h2>\t\t<\/div>\n\t\t\t\t<\/div>\n\t\t\t\t<div class=\"elementor-element elementor-element-7ed44d6 elementor-widget elementor-widget-text-editor\" data-id=\"7ed44d6\" data-element_type=\"widget\" data-widget_type=\"text-editor.default\">\n\t\t\t\t<div class=\"elementor-widget-container\">\n\t\t\t\t\t\t\t\t<div class=\"elementor-text-editor elementor-clearfix\">\n\t\t\t\t\t<p>Eine der wichtigsten strategischen Entscheidungen, dank derer wir einen so hohen Qualit\u00e4tsstandard erreichen konnten, betrifft die \u00dcberwachung des gesamten Produktionsprozesses \u2013 von der Konstruktion bis zu den Abnahmepr\u00fcfungen, die f\u00fcr alle hergestellten Artikel durchgef\u00fchrt werden.<\/p>\t\t\t\t\t<\/div>\n\t\t\t\t\t\t<\/div>\n\t\t\t\t<\/div>\n\t\t\t\t\t\t<\/div>\n\t\t\t\t\t<\/div>\n\t\t<\/div>\n\t\t\t\t\t\t\t\t<\/div>\n\t\t\t\t\t<\/div>\n\t\t<\/section>\n\t\t\t\t<section class=\"elementor-section elementor-top-section elementor-element elementor-element-f5d617d elementor-section-full_width elementor-section-stretched elementor-section-height-default elementor-section-height-default\" data-id=\"f5d617d\" data-element_type=\"section\" data-settings=\"{&quot;stretch_section&quot;:&quot;section-stretched&quot;}\">\n\t\t\t\t\t\t<div class=\"elementor-container elementor-column-gap-no\">\n\t\t\t\t\t\t\t<div class=\"elementor-row\">\n\t\t\t\t\t<div class=\"elementor-column elementor-col-100 elementor-top-column elementor-element elementor-element-1a35ba7\" data-id=\"1a35ba7\" data-element_type=\"column\">\n\t\t\t<div class=\"elementor-column-wrap\">\n\t\t\t\t\t\t\t<div class=\"elementor-widget-wrap\">\n\t\t\t\t\t\t\t\t<\/div>\n\t\t\t\t\t<\/div>\n\t\t<\/div>\n\t\t\t\t\t\t\t\t<\/div>\n\t\t\t\t\t<\/div>\n\t\t<\/section>\n\t\t\t\t<section class=\"elementor-section elementor-top-section elementor-element elementor-element-364a11a elementor-section-boxed elementor-section-height-default elementor-section-height-default\" data-id=\"364a11a\" data-element_type=\"section\" data-settings=\"{&quot;background_background&quot;:&quot;classic&quot;}\">\n\t\t\t\t\t\t<div class=\"elementor-container elementor-column-gap-default\">\n\t\t\t\t\t\t\t<div class=\"elementor-row\">\n\t\t\t\t\t<div class=\"elementor-column elementor-col-100 elementor-top-column elementor-element elementor-element-ab021ae\" data-id=\"ab021ae\" data-element_type=\"column\">\n\t\t\t<div class=\"elementor-column-wrap elementor-element-populated\">\n\t\t\t\t\t\t\t<div class=\"elementor-widget-wrap\">\n\t\t\t\t\t\t<section class=\"elementor-section elementor-inner-section elementor-element elementor-element-9b85323 elementor-section-boxed elementor-section-height-default elementor-section-height-default\" data-id=\"9b85323\" data-element_type=\"section\">\n\t\t\t\t\t\t<div class=\"elementor-container elementor-column-gap-wider\">\n\t\t\t\t\t\t\t<div class=\"elementor-row\">\n\t\t\t\t\t<div class=\"elementor-column elementor-col-50 elementor-inner-column elementor-element elementor-element-4036fe9\" data-id=\"4036fe9\" data-element_type=\"column\">\n\t\t\t<div class=\"elementor-column-wrap elementor-element-populated\">\n\t\t\t\t\t\t\t<div class=\"elementor-widget-wrap\">\n\t\t\t\t\t\t<div class=\"elementor-element elementor-element-f6b72e1 elementor-view-default elementor-vertical-align-top elementor-widget elementor-widget-icon-box\" data-id=\"f6b72e1\" data-element_type=\"widget\" data-widget_type=\"icon-box.default\">\n\t\t\t\t<div class=\"elementor-widget-container\">\n\t\t\t\t\t<div class=\"elementor-icon-box-wrapper\">\n\t\t\t\t\t\t<div class=\"elementor-icon-box-content\">\n\t\t\t\t<h3 class=\"elementor-icon-box-title\">\n\t\t\t\t\t<span >Konstruktion<\/span>\n\t\t\t\t<\/h3>\n\t\t\t\t\t\t\t\t<p class=\"elementor-icon-box-description\">Neue Produkte, Varianten von Standardprodukten oder Produkte, die ausschlie\u00dflich nach Kundenspezifikationen entwickelt werden, werden von den hoch qualifizierten Mitarbeitern unserer technischen Abteilung konzipiert und konstruiert. Hightech-L\u00f6sungen und -Software sorgen dank des umfangreichen, im Lauf der Jahre gesammelten Know-hows daf\u00fcr, dass sich das Unternehmen durch prompte Ausf\u00fchrung und maximale Flexibilit\u00e4t auszeichnet \u2013 wie schon in den Anfangsjahren.<\/p>\n\t\t\t\t\t\t\t<\/div>\n\t\t<\/div>\n\t\t\t\t<\/div>\n\t\t\t\t<\/div>\n\t\t\t\t<div class=\"elementor-element elementor-element-9713b37 elementor-view-default elementor-vertical-align-top elementor-widget elementor-widget-icon-box\" data-id=\"9713b37\" data-element_type=\"widget\" data-widget_type=\"icon-box.default\">\n\t\t\t\t<div class=\"elementor-widget-container\">\n\t\t\t\t\t<div class=\"elementor-icon-box-wrapper\">\n\t\t\t\t\t\t<div class=\"elementor-icon-box-content\">\n\t\t\t\t<h3 class=\"elementor-icon-box-title\">\n\t\t\t\t\t<span >technische entwicklung<\/span>\n\t\t\t\t<\/h3>\n\t\t\t\t\t\t\t\t<p class=\"elementor-icon-box-description\">Nach Abschluss der Konstruktionsphase legen die technische Abteilung und die Prototypenwerkstatt das neue Produkt fest. Hierzu werden mehrere Muster erstellt und anschlie\u00dfend getestet, um die \u00dcbereinstimmung mit den Planungsvorgaben zu gew\u00e4hrleisten. An diesem Punkt erteilt die technische Abteilung der mechanischen Werkstatt den Auftrag, die zur Herstellung der neuen Produkte notwendigen Werkzeuge zu fertigen. Eine ausgekl\u00fcgelte Software, die an die mechanische Werkstatt angebunden ist, erm\u00f6glicht den Konstrukteuren die Echtzeit\u00fcbertragung der erforderlichen Programme an die CNC-Maschinen, um Gie\u00dfformen und Bearbeitungswerkzeuge herzustellen.<\/p>\n\t\t\t\t\t\t\t<\/div>\n\t\t<\/div>\n\t\t\t\t<\/div>\n\t\t\t\t<\/div>\n\t\t\t\t<div class=\"elementor-element elementor-element-b03bb44 elementor-view-default elementor-vertical-align-top elementor-widget elementor-widget-icon-box\" data-id=\"b03bb44\" data-element_type=\"widget\" data-widget_type=\"icon-box.default\">\n\t\t\t\t<div class=\"elementor-widget-container\">\n\t\t\t\t\t<div class=\"elementor-icon-box-wrapper\">\n\t\t\t\t\t\t<div class=\"elementor-icon-box-content\">\n\t\t\t\t<h3 class=\"elementor-icon-box-title\">\n\t\t\t\t\t<span >Materialbeschaffung\/-eingang<\/span>\n\t\t\t\t<\/h3>\n\t\t\t\t\t\t\t\t<p class=\"elementor-icon-box-description\">Alle bei der Produktion genutzten Rohmaterialien sind nach EN 10204:2004 zertifiziert und werden vor der Annahme gr\u00fcndlich inspiziert, um deren \u00dcbereinstimmung sicherzustellen. Auf Kundenwunsch und gem\u00e4\u00df den EU-Richtlinien stellt die Qualit\u00e4tsabteilung die Originalzertifizierungen f\u00fcr die bei der Herstellung unserer Ventile eingesetzten Metalle aus. <\/p>\n\t\t\t\t\t\t\t<\/div>\n\t\t<\/div>\n\t\t\t\t<\/div>\n\t\t\t\t<\/div>\n\t\t\t\t<div class=\"elementor-element elementor-element-f159454 elementor-view-default elementor-vertical-align-top elementor-widget elementor-widget-icon-box\" data-id=\"f159454\" data-element_type=\"widget\" data-widget_type=\"icon-box.default\">\n\t\t\t\t<div class=\"elementor-widget-container\">\n\t\t\t\t\t<div class=\"elementor-icon-box-wrapper\">\n\t\t\t\t\t\t<div class=\"elementor-icon-box-content\">\n\t\t\t\t<h3 class=\"elementor-icon-box-title\">\n\t\t\t\t\t<span >Giesserei<\/span>\n\t\t\t\t<\/h3>\n\t\t\t\t\t\t\t\t<p class=\"elementor-icon-box-description\">Seit ihrer Gr\u00fcndung besitzt Conti Rubinetterie eine betriebseigene Gie\u00dferei, die die vollst\u00e4ndige Kontrolle ab der ersten Phase des Produktionsprozesses, maximale Flexibilit\u00e4t und individuelle L\u00f6sungen erm\u00f6glicht. Vor Kurzem wurde die Gie\u00dferei mit elektrischen Induktions\u00f6fen der j\u00fcngsten Generation ausgestattet. <\/p>\n\t\t\t\t\t\t\t<\/div>\n\t\t<\/div>\n\t\t\t\t<\/div>\n\t\t\t\t<\/div>\n\t\t\t\t\t\t<\/div>\n\t\t\t\t\t<\/div>\n\t\t<\/div>\n\t\t\t\t<div class=\"elementor-column elementor-col-50 elementor-inner-column elementor-element elementor-element-840ad4c\" data-id=\"840ad4c\" data-element_type=\"column\">\n\t\t\t<div class=\"elementor-column-wrap elementor-element-populated\">\n\t\t\t\t\t\t\t<div class=\"elementor-widget-wrap\">\n\t\t\t\t\t\t<div class=\"elementor-element elementor-element-490cafe elementor-view-default elementor-vertical-align-top elementor-widget elementor-widget-icon-box\" data-id=\"490cafe\" data-element_type=\"widget\" data-widget_type=\"icon-box.default\">\n\t\t\t\t<div class=\"elementor-widget-container\">\n\t\t\t\t\t<div class=\"elementor-icon-box-wrapper\">\n\t\t\t\t\t\t<div class=\"elementor-icon-box-content\">\n\t\t\t\t<h3 class=\"elementor-icon-box-title\">\n\t\t\t\t\t<span >Mechanische bearbeitung<\/span>\n\t\t\t\t<\/h3>\n\t\t\t\t\t\t\t\t<p class=\"elementor-icon-box-description\">Die Bearbeitung aller Ventilk\u00f6rper und Komponenten erfolgt betriebsintern in unserer Bearbeitungsabteilung, die qualifizierte Mitarbeiter und Hightech-CNC-Bearbeitungsstationen in Anspruch nimmt. <\/p>\n\t\t\t\t\t\t\t<\/div>\n\t\t<\/div>\n\t\t\t\t<\/div>\n\t\t\t\t<\/div>\n\t\t\t\t<div class=\"elementor-element elementor-element-f89c975 elementor-view-default elementor-vertical-align-top elementor-widget elementor-widget-icon-box\" data-id=\"f89c975\" data-element_type=\"widget\" data-widget_type=\"icon-box.default\">\n\t\t\t\t<div class=\"elementor-widget-container\">\n\t\t\t\t\t<div class=\"elementor-icon-box-wrapper\">\n\t\t\t\t\t\t<div class=\"elementor-icon-box-content\">\n\t\t\t\t<h3 class=\"elementor-icon-box-title\">\n\t\t\t\t\t<span >Montage<\/span>\n\t\t\t\t<\/h3>\n\t\t\t\t\t\t\t\t<p class=\"elementor-icon-box-description\">Je nach Art und Gr\u00f6\u00dfe der Produkte erfolgt die Montage mithilfe halbautomatischer oder manueller Montagelinien oder auf speziellen Montageinseln\/Werkb\u00e4ndern, die f\u00fcr die verschiedenen Produktgruppen ausgelegt sind. <\/p>\n\t\t\t\t\t\t\t<\/div>\n\t\t<\/div>\n\t\t\t\t<\/div>\n\t\t\t\t<\/div>\n\t\t\t\t<div class=\"elementor-element elementor-element-f9d970a elementor-view-default elementor-vertical-align-top elementor-widget elementor-widget-icon-box\" data-id=\"f9d970a\" data-element_type=\"widget\" data-widget_type=\"icon-box.default\">\n\t\t\t\t<div class=\"elementor-widget-container\">\n\t\t\t\t\t<div class=\"elementor-icon-box-wrapper\">\n\t\t\t\t\t\t<div class=\"elementor-icon-box-content\">\n\t\t\t\t<h3 class=\"elementor-icon-box-title\">\n\t\t\t\t\t<span >Pr\u00fcfung<\/span>\n\t\t\t\t<\/h3>\n\t\t\t\t\t\t\t\t<p class=\"elementor-icon-box-description\">Die gesamte Produktion wird von hoch qualifiziertem Personal unter Aufsicht der Abteilung Qualit\u00e4tskontrolle gepr\u00fcft. Die Pr\u00fcfstationen sind konzipiert, um die Dichtigkeit bei einem Druck zu pr\u00fcfen, der deutlich \u00fcber dem am Ventilk\u00f6rper angegebenen Betriebsdruck liegt. Auf Wunsch stellt die Abteilung Qualit\u00e4tskontrolle Bescheinigungen mit den Pr\u00fcfergebnissen in Bezug auf die Art (Luft oder Wasser) sowie die Parameter (Intensit\u00e4t und Dauer) der durchgef\u00fchrten Pr\u00fcfungen zur Verf\u00fcgung. W\u00e4hrend des gesamten Produktionsprozesses werden Komponenten und Halbfertigerzeugnisse strengen Kontrollen und Pr\u00fcfungen unterzogen, um deren \u00dcbereinstimmung w\u00e4hrend der Produktionsphasen, die der Montage vorausgehen, sicherzustellen.<\/p>\n\t\t\t\t\t\t\t<\/div>\n\t\t<\/div>\n\t\t\t\t<\/div>\n\t\t\t\t<\/div>\n\t\t\t\t<div class=\"elementor-element elementor-element-81d3fbf elementor-view-default elementor-vertical-align-top elementor-widget elementor-widget-icon-box\" data-id=\"81d3fbf\" data-element_type=\"widget\" data-widget_type=\"icon-box.default\">\n\t\t\t\t<div class=\"elementor-widget-container\">\n\t\t\t\t\t<div class=\"elementor-icon-box-wrapper\">\n\t\t\t\t\t\t<div class=\"elementor-icon-box-content\">\n\t\t\t\t<h3 class=\"elementor-icon-box-title\">\n\t\t\t\t\t<span >Verpackung und Lagerung<\/span>\n\t\t\t\t<\/h3>\n\t\t\t\t\t\t\t\t<p class=\"elementor-icon-box-description\">Nach dem erfolgreichen Abschluss der Pr\u00fcfungen werden alle Ventile einer abschlie\u00dfenden Sichtpr\u00fcfung unterzogen und dann f\u00fcr die Verpackung und die anschlie\u00dfende Lagerung vorbereitet.<\/p>\n\t\t\t\t\t\t\t<\/div>\n\t\t<\/div>\n\t\t\t\t<\/div>\n\t\t\t\t<\/div>\n\t\t\t\t\t\t<\/div>\n\t\t\t\t\t<\/div>\n\t\t<\/div>\n\t\t\t\t\t\t\t\t<\/div>\n\t\t\t\t\t<\/div>\n\t\t<\/section>\n\t\t\t\t<div class=\"elementor-element elementor-element-200dffe elementor-aspect-ratio-169 elementor-widget elementor-widget-video\" data-id=\"200dffe\" data-element_type=\"widget\" data-settings=\"{&quot;youtube_url&quot;:&quot;https:\\\/\\\/www.youtube.com\\\/watch?v=ANRmM6FdydY&quot;,&quot;yt_privacy&quot;:&quot;yes&quot;,&quot;video_type&quot;:&quot;youtube&quot;,&quot;controls&quot;:&quot;yes&quot;,&quot;aspect_ratio&quot;:&quot;169&quot;}\" data-widget_type=\"video.default\">\n\t\t\t\t<div class=\"elementor-widget-container\">\n\t\t\t\t\t<div class=\"elementor-wrapper elementor-fit-aspect-ratio elementor-open-inline\">\n\t\t\t<div class=\"elementor-video\"><\/div>\t\t<\/div>\n\t\t\t\t<\/div>\n\t\t\t\t<\/div>\n\t\t\t\t\t\t<\/div>\n\t\t\t\t\t<\/div>\n\t\t<\/div>\n\t\t\t\t\t\t\t\t<\/div>\n\t\t\t\t\t<\/div>\n\t\t<\/section>\n\t\t\t\t\t\t<\/div>\n\t\t\t\t\t\t<\/div>\n\t\t\t\t\t<\/div>\n\t\t","protected":false},"excerpt":{"rendered":"<p>Conti ist auf internationaler Ebene in verschiedenen Industriebranchen und Einsatzbereichen f\u00fcr h\u00f6chste Qualit\u00e4t, Zuverl\u00e4ssigkeit und Sicherheit bekannt und gesch\u00e4tzt. Eine der wichtigsten strategischen Entscheidungen, dank derer wir einen so hohen Qualit\u00e4tsstandard erreichen konnten, betrifft die \u00dcberwachung des gesamten Produktionsprozesses \u2013 von der Konstruktion bis zu den Abnahmepr\u00fcfungen, die f\u00fcr alle hergestellten Artikel durchgef\u00fchrt werden. Konstruktion [&hellip;]<\/p>\n","protected":false},"author":1,"featured_media":0,"parent":1551,"menu_order":3,"comment_status":"closed","ping_status":"closed","template":"","meta":[],"yoast_head":"<!-- This site is optimized with the Yoast SEO plugin v16.3 - https:\/\/yoast.com\/wordpress\/plugins\/seo\/ -->\n<title>Produktion - Conti Rubinetterie<\/title>\n<meta name=\"robots\" content=\"index, follow, max-snippet:-1, max-image-preview:large, max-video-preview:-1\" \/>\n<link rel=\"canonical\" href=\"https:\/\/www.contivalves.com\/azienda\/produzione\/\" \/>\n<meta property=\"og:locale\" content=\"de_DE\" \/>\n<meta property=\"og:type\" content=\"article\" \/>\n<meta property=\"og:title\" content=\"Produktion - Conti Rubinetterie\" \/>\n<meta property=\"og:description\" content=\"Conti ist auf internationaler Ebene in verschiedenen Industriebranchen und Einsatzbereichen f\u00fcr h\u00f6chste Qualit\u00e4t, Zuverl\u00e4ssigkeit und Sicherheit bekannt und gesch\u00e4tzt. Eine der wichtigsten strategischen Entscheidungen, dank derer wir einen so hohen Qualit\u00e4tsstandard erreichen konnten, betrifft die \u00dcberwachung des gesamten Produktionsprozesses \u2013 von der Konstruktion bis zu den Abnahmepr\u00fcfungen, die f\u00fcr alle hergestellten Artikel durchgef\u00fchrt werden. Konstruktion [&hellip;]\" \/>\n<meta property=\"og:url\" content=\"https:\/\/www.contivalves.com\/azienda\/produzione\/\" \/>\n<meta property=\"og:site_name\" content=\"Conti Rubinetterie\" \/>\n<meta property=\"article:modified_time\" content=\"2021-06-28T07:27:44+00:00\" \/>\n<meta name=\"twitter:card\" content=\"summary_large_image\" \/>\n<meta name=\"twitter:label1\" content=\"Gesch\u00e4tzte Lesezeit\">\n\t<meta name=\"twitter:data1\" content=\"12\u00a0Minuten\">\n<script type=\"application\/ld+json\" class=\"yoast-schema-graph\">{\"@context\":\"https:\/\/schema.org\",\"@graph\":[{\"@type\":\"Organization\",\"@id\":\"https:\/\/www.contivalves.com\/#organization\",\"name\":\"Conti Rubinetterie\",\"url\":\"https:\/\/www.contivalves.com\/\",\"sameAs\":[],\"logo\":{\"@type\":\"ImageObject\",\"@id\":\"https:\/\/www.contivalves.com\/#logo\",\"inLanguage\":\"de\",\"url\":\"https:\/\/www.contivalves.com\/wp-content\/uploads\/2018\/11\/conti-valves-rubinetterie-logo-sticky.png\",\"contentUrl\":\"https:\/\/www.contivalves.com\/wp-content\/uploads\/2018\/11\/conti-valves-rubinetterie-logo-sticky.png\",\"width\":199,\"height\":70,\"caption\":\"Conti Rubinetterie\"},\"image\":{\"@id\":\"https:\/\/www.contivalves.com\/#logo\"}},{\"@type\":\"WebSite\",\"@id\":\"https:\/\/www.contivalves.com\/#website\",\"url\":\"https:\/\/www.contivalves.com\/\",\"name\":\"Conti Rubinetterie\",\"description\":\"\",\"publisher\":{\"@id\":\"https:\/\/www.contivalves.com\/#organization\"},\"potentialAction\":[{\"@type\":\"SearchAction\",\"target\":\"https:\/\/www.contivalves.com\/?s={search_term_string}\",\"query-input\":\"required name=search_term_string\"}],\"inLanguage\":\"de\"},{\"@type\":\"WebPage\",\"@id\":\"https:\/\/www.contivalves.com\/azienda\/produzione\/#webpage\",\"url\":\"https:\/\/www.contivalves.com\/azienda\/produzione\/\",\"name\":\"Produktion - Conti Rubinetterie\",\"isPartOf\":{\"@id\":\"https:\/\/www.contivalves.com\/#website\"},\"datePublished\":\"2018-11-13T13:42:33+00:00\",\"dateModified\":\"2021-06-28T07:27:44+00:00\",\"breadcrumb\":{\"@id\":\"https:\/\/www.contivalves.com\/azienda\/produzione\/#breadcrumb\"},\"inLanguage\":\"de\",\"potentialAction\":[{\"@type\":\"ReadAction\",\"target\":[\"https:\/\/www.contivalves.com\/azienda\/produzione\/\"]}]},{\"@type\":\"BreadcrumbList\",\"@id\":\"https:\/\/www.contivalves.com\/azienda\/produzione\/#breadcrumb\",\"itemListElement\":[{\"@type\":\"ListItem\",\"position\":1,\"item\":{\"@type\":\"WebPage\",\"@id\":\"https:\/\/www.contivalves.com\/fr\/\",\"url\":\"https:\/\/www.contivalves.com\/fr\/\",\"name\":\"Home\"}},{\"@type\":\"ListItem\",\"position\":2,\"item\":{\"@type\":\"WebPage\",\"@id\":\"https:\/\/www.contivalves.com\/fr\/qui-nous-sommes\/\",\"url\":\"https:\/\/www.contivalves.com\/fr\/qui-nous-sommes\/\",\"name\":\"[:en]Company[:it]Azienda[:es]Empresa[:fr]Qui nous sommes[:de]WIR \\u00dcBER UNS[:]\"}},{\"@type\":\"ListItem\",\"position\":3,\"item\":{\"@id\":\"https:\/\/www.contivalves.com\/azienda\/produzione\/#webpage\"}}]}]}<\/script>\n<!-- \/ Yoast SEO plugin. -->","_links":{"self":[{"href":"https:\/\/www.contivalves.com\/de\/wp-json\/wp\/v2\/pages\/113"}],"collection":[{"href":"https:\/\/www.contivalves.com\/de\/wp-json\/wp\/v2\/pages"}],"about":[{"href":"https:\/\/www.contivalves.com\/de\/wp-json\/wp\/v2\/types\/page"}],"author":[{"embeddable":true,"href":"https:\/\/www.contivalves.com\/de\/wp-json\/wp\/v2\/users\/1"}],"replies":[{"embeddable":true,"href":"https:\/\/www.contivalves.com\/de\/wp-json\/wp\/v2\/comments?post=113"}],"version-history":[{"count":59,"href":"https:\/\/www.contivalves.com\/de\/wp-json\/wp\/v2\/pages\/113\/revisions"}],"predecessor-version":[{"id":2568,"href":"https:\/\/www.contivalves.com\/de\/wp-json\/wp\/v2\/pages\/113\/revisions\/2568"}],"up":[{"embeddable":true,"href":"https:\/\/www.contivalves.com\/de\/wp-json\/wp\/v2\/pages\/1551"}],"wp:attachment":[{"href":"https:\/\/www.contivalves.com\/de\/wp-json\/wp\/v2\/media?parent=113"}],"curies":[{"name":"wp","href":"https:\/\/api.w.org\/{rel}","templated":true}]}}