{"id":116,"date":"2018-11-13T14:42:48","date_gmt":"2018-11-13T13:42:48","guid":{"rendered":"https:\/\/www.contivalves.com\/?page_id=116"},"modified":"2023-10-17T15:50:14","modified_gmt":"2023-10-17T13:50:14","slug":"certificazioni","status":"publish","type":"page","link":"https:\/\/www.contivalves.com\/de\/wir-uber-uns\/zertifizierungen\/","title":{"rendered":"[:en]Certifications[:it]Certificazioni[:es]Certificaciones del producto[:fr]Certifications[:de]Zertifizierungen[:]"},"content":{"rendered":"\t\t<div data-elementor-type=\"wp-post\" data-elementor-id=\"116\" class=\"elementor elementor-116\" data-elementor-settings=\"[]\">\n\t\t\t\t\t\t<div class=\"elementor-inner\">\n\t\t\t\t\t\t\t<div class=\"elementor-section-wrap\">\n\t\t\t\t\t\t\t<section class=\"elementor-section elementor-top-section elementor-element elementor-element-df5f158 elementor-section-boxed elementor-section-height-default elementor-section-height-default\" data-id=\"df5f158\" data-element_type=\"section\">\n\t\t\t\t\t\t<div class=\"elementor-container elementor-column-gap-default\">\n\t\t\t\t\t\t\t<div class=\"elementor-row\">\n\t\t\t\t\t<div class=\"elementor-column elementor-col-100 elementor-top-column elementor-element elementor-element-9007b2f\" data-id=\"9007b2f\" data-element_type=\"column\">\n\t\t\t<div class=\"elementor-column-wrap elementor-element-populated\">\n\t\t\t\t\t\t\t<div class=\"elementor-widget-wrap\">\n\t\t\t\t\t\t<section class=\"elementor-section elementor-inner-section elementor-element elementor-element-08fbd6b elementor-section-boxed elementor-section-height-default elementor-section-height-default\" data-id=\"08fbd6b\" data-element_type=\"section\">\n\t\t\t\t\t\t<div class=\"elementor-container elementor-column-gap-default\">\n\t\t\t\t\t\t\t<div class=\"elementor-row\">\n\t\t\t\t\t<div class=\"elementor-column elementor-col-50 elementor-inner-column elementor-element elementor-element-e19f070\" data-id=\"e19f070\" data-element_type=\"column\">\n\t\t\t<div class=\"elementor-column-wrap elementor-element-populated\">\n\t\t\t\t\t\t\t<div class=\"elementor-widget-wrap\">\n\t\t\t\t\t\t<div class=\"elementor-element elementor-element-7a77bc3 elementor-widget elementor-widget-heading\" data-id=\"7a77bc3\" data-element_type=\"widget\" data-widget_type=\"heading.default\">\n\t\t\t\t<div class=\"elementor-widget-container\">\n\t\t\t<h2 class=\"elementor-heading-title elementor-size-default\">CONTI RUBINETTERIE ist f\u00fchrend, was hochwertige Bau- und Fertigungsprozesse betrifft. Unsere Ventile, die in vollem Umfang betriebsintern von einem ausgebildeten Team mit innovativen Ausr\u00fcstungen entwickelt und hergestellt werden, sind auf lange Haltbarkeit ausgelegt. Vor dem Versand werden sie einer Reihe strenger Pr\u00fcfungen und interner Inspektionen unterzogen. Heute wie vor 100 Jahren steht die Produktqualit\u00e4t weiterhin im Mittelpunkt jeder Phase des Produktionsprozesses. <\/h2>\t\t<\/div>\n\t\t\t\t<\/div>\n\t\t\t\t\t\t<\/div>\n\t\t\t\t\t<\/div>\n\t\t<\/div>\n\t\t\t\t<div class=\"elementor-column elementor-col-50 elementor-inner-column elementor-element elementor-element-190e6f5\" data-id=\"190e6f5\" data-element_type=\"column\">\n\t\t\t<div class=\"elementor-column-wrap elementor-element-populated\">\n\t\t\t\t\t\t\t<div class=\"elementor-widget-wrap\">\n\t\t\t\t\t\t<div class=\"elementor-element elementor-element-352cc28 elementor-widget elementor-widget-text-editor\" data-id=\"352cc28\" data-element_type=\"widget\" data-widget_type=\"text-editor.default\">\n\t\t\t\t<div class=\"elementor-widget-container\">\n\t\t\t\t\t\t\t\t<div class=\"elementor-text-editor elementor-clearfix\">\n\t\t\t\t\t<p><b>UNTERNEHMENSZERTIFIZIERUNG<\/b><br \/>Seit 1999 ist das Qualit\u00e4tssystem von CONTI RUBINETTERIE nach UNI EN ISO 9001:2015 zertifiziert.<br \/><\/p>\t\t\t\t\t<\/div>\n\t\t\t\t\t\t<\/div>\n\t\t\t\t<\/div>\n\t\t\t\t<div class=\"elementor-element elementor-element-0f41273 elementor-arrows-position-outside elementor-pagination-position-outside elementor-widget elementor-widget-image-carousel\" data-id=\"0f41273\" data-element_type=\"widget\" data-settings=\"{&quot;slides_to_show&quot;:&quot;10&quot;,&quot;slides_to_show_mobile&quot;:&quot;2&quot;,&quot;slides_to_scroll&quot;:&quot;6&quot;,&quot;image_spacing_custom&quot;:{&quot;unit&quot;:&quot;px&quot;,&quot;size&quot;:30,&quot;sizes&quot;:[]},&quot;navigation&quot;:&quot;both&quot;,&quot;autoplay&quot;:&quot;yes&quot;,&quot;pause_on_hover&quot;:&quot;yes&quot;,&quot;pause_on_interaction&quot;:&quot;yes&quot;,&quot;autoplay_speed&quot;:5000,&quot;infinite&quot;:&quot;yes&quot;,&quot;speed&quot;:500}\" data-widget_type=\"image-carousel.default\">\n\t\t\t\t<div class=\"elementor-widget-container\">\n\t\t\t\t\t<div class=\"elementor-image-carousel-wrapper swiper-container\" dir=\"ltr\">\n\t\t\t<div class=\"elementor-image-carousel swiper-wrapper\">\n\t\t\t\t<div class=\"swiper-slide\"><a data-elementor-open-lightbox=\"yes\" data-elementor-lightbox-slideshow=\"0f41273\" data-elementor-lightbox-title=\"ISO 9001\" href=\"https:\/\/www.contivalves.com\/wp-content\/uploads\/2023\/10\/ISO-9001.jpg\"><figure class=\"swiper-slide-inner\"><img class=\"swiper-slide-image\" src=\"https:\/\/www.contivalves.com\/wp-content\/uploads\/2023\/10\/ISO-9001.jpg\" alt=\"ISO 9001\" \/><\/figure><\/a><\/div>\t\t\t<\/div>\n\t\t\t\t\t<\/div>\n\t\t\t\t<\/div>\n\t\t\t\t<\/div>\n\t\t\t\t\t\t<\/div>\n\t\t\t\t\t<\/div>\n\t\t<\/div>\n\t\t\t\t\t\t\t\t<\/div>\n\t\t\t\t\t<\/div>\n\t\t<\/section>\n\t\t\t\t\t\t<\/div>\n\t\t\t\t\t<\/div>\n\t\t<\/div>\n\t\t\t\t\t\t\t\t<\/div>\n\t\t\t\t\t<\/div>\n\t\t<\/section>\n\t\t\t\t<section class=\"elementor-section elementor-top-section elementor-element elementor-element-6befe74 elementor-section-boxed elementor-section-height-default elementor-section-height-default\" data-id=\"6befe74\" data-element_type=\"section\" data-settings=\"{&quot;background_background&quot;:&quot;classic&quot;}\">\n\t\t\t\t\t\t<div class=\"elementor-container elementor-column-gap-default\">\n\t\t\t\t\t\t\t<div class=\"elementor-row\">\n\t\t\t\t\t<div class=\"elementor-column elementor-col-50 elementor-top-column elementor-element elementor-element-dc24f1f\" data-id=\"dc24f1f\" data-element_type=\"column\">\n\t\t\t<div class=\"elementor-column-wrap elementor-element-populated\">\n\t\t\t\t\t\t\t<div class=\"elementor-widget-wrap\">\n\t\t\t\t\t\t<div class=\"elementor-element elementor-element-910ec82 elementor-widget elementor-widget-text-editor\" data-id=\"910ec82\" data-element_type=\"widget\" data-widget_type=\"text-editor.default\">\n\t\t\t\t<div class=\"elementor-widget-container\">\n\t\t\t\t\t\t\t\t<div class=\"elementor-text-editor elementor-clearfix\">\n\t\t\t\t\t<p><strong>URSPRUNGSZEUGNISSE DER MATERIALIEN<\/strong><br \/>Alle Rohmaterialien, die bei der Fertigung eingesetzt werden, entsprechen den Vorgaben nach EN 10204:2004 \u00fcber die Herkunft und die chemische Zusammensetzung. Auf Kundenwunsch und gem\u00e4\u00df den EU-Richtlinien stellt die Abteilung Qualit\u00e4tskontrolle die Bescheinigungen f\u00fcr die bei der Herstellung unserer Ventile eingesetzten Metalle zur Verf\u00fcgung.<br \/><br \/><\/p>\t\t\t\t\t<\/div>\n\t\t\t\t\t\t<\/div>\n\t\t\t\t<\/div>\n\t\t\t\t\t\t<\/div>\n\t\t\t\t\t<\/div>\n\t\t<\/div>\n\t\t\t\t<div class=\"elementor-column elementor-col-50 elementor-top-column elementor-element elementor-element-040ed5f\" data-id=\"040ed5f\" data-element_type=\"column\">\n\t\t\t<div class=\"elementor-column-wrap elementor-element-populated\">\n\t\t\t\t\t\t\t<div class=\"elementor-widget-wrap\">\n\t\t\t\t\t\t<div class=\"elementor-element elementor-element-51a1aa2 elementor-widget elementor-widget-text-editor\" data-id=\"51a1aa2\" data-element_type=\"widget\" data-widget_type=\"text-editor.default\">\n\t\t\t\t<div class=\"elementor-widget-container\">\n\t\t\t\t\t\t\t\t<div class=\"elementor-text-editor elementor-clearfix\">\n\t\t\t\t\t<p><strong>PR\u00dcFZERTIFIKATE<\/strong><br \/>Die Pr\u00fcfung erfolgt auf 100 % der Produktion. Die Dichtheitspr\u00fcfung wird an zertifizierten Pr\u00fcfstationen gem\u00e4\u00df den europ\u00e4ischen Normen oder den Kundenvorgaben durchgef\u00fchrt. Auf Wunsch stellt die Abteilung Qualit\u00e4tskontrolle das Pr\u00fcfzertifikat mit Angaben zur Art und den Parametern der durchgef\u00fchrten Pr\u00fcfungen zur Verf\u00fcgung.<\/p>\t\t\t\t\t<\/div>\n\t\t\t\t\t\t<\/div>\n\t\t\t\t<\/div>\n\t\t\t\t\t\t<\/div>\n\t\t\t\t\t<\/div>\n\t\t<\/div>\n\t\t\t\t\t\t\t\t<\/div>\n\t\t\t\t\t<\/div>\n\t\t<\/section>\n\t\t\t\t<section class=\"elementor-section elementor-top-section elementor-element elementor-element-344b91c elementor-section-boxed elementor-section-height-default elementor-section-height-default\" data-id=\"344b91c\" data-element_type=\"section\">\n\t\t\t\t\t\t<div class=\"elementor-container elementor-column-gap-default\">\n\t\t\t\t\t\t\t<div class=\"elementor-row\">\n\t\t\t\t\t<div class=\"elementor-column elementor-col-100 elementor-top-column elementor-element elementor-element-8491656\" data-id=\"8491656\" data-element_type=\"column\">\n\t\t\t<div class=\"elementor-column-wrap elementor-element-populated\">\n\t\t\t\t\t\t\t<div class=\"elementor-widget-wrap\">\n\t\t\t\t\t\t<div class=\"elementor-element elementor-element-3d1659f elementor-widget elementor-widget-text-editor\" data-id=\"3d1659f\" data-element_type=\"widget\" data-widget_type=\"text-editor.default\">\n\t\t\t\t<div class=\"elementor-widget-container\">\n\t\t\t\t\t\t\t\t<div class=\"elementor-text-editor elementor-clearfix\">\n\t\t\t\t\t<p><strong>PRODUKTZERTIFIZIERUNGEN<\/strong><br \/>Unsere Ventile wurden f\u00fcr ihre Leistung, Solidit\u00e4t und Haltbarkeit von qualifizierten Pr\u00fcfstellen weltweit zertifiziert. Unsere Ventile werden nach der Druckger\u00e4terichtlinie PED 2014\/68\/UE gefertigt. <br \/><\/p>\t\t\t\t\t<\/div>\n\t\t\t\t\t\t<\/div>\n\t\t\t\t<\/div>\n\t\t\t\t<div class=\"elementor-element elementor-element-bc0e918 elementor-arrows-position-outside elementor-pagination-position-outside elementor-widget elementor-widget-image-carousel\" data-id=\"bc0e918\" data-element_type=\"widget\" data-settings=\"{&quot;slides_to_show&quot;:&quot;6&quot;,&quot;slides_to_show_tablet&quot;:&quot;4&quot;,&quot;slides_to_show_mobile&quot;:&quot;2&quot;,&quot;slides_to_scroll&quot;:&quot;1&quot;,&quot;image_spacing_custom&quot;:{&quot;unit&quot;:&quot;px&quot;,&quot;size&quot;:30,&quot;sizes&quot;:[]},&quot;navigation&quot;:&quot;both&quot;,&quot;autoplay&quot;:&quot;yes&quot;,&quot;pause_on_hover&quot;:&quot;yes&quot;,&quot;pause_on_interaction&quot;:&quot;yes&quot;,&quot;autoplay_speed&quot;:5000,&quot;infinite&quot;:&quot;yes&quot;,&quot;speed&quot;:500}\" data-widget_type=\"image-carousel.default\">\n\t\t\t\t<div class=\"elementor-widget-container\">\n\t\t\t\t\t<div class=\"elementor-image-carousel-wrapper swiper-container\" dir=\"ltr\">\n\t\t\t<div class=\"elementor-image-carousel swiper-wrapper\">\n\t\t\t\t<div class=\"swiper-slide\"><a data-elementor-open-lightbox=\"yes\" data-elementor-lightbox-slideshow=\"bc0e918\" data-elementor-lightbox-title=\"CE CHECK VALVES\" href=\"https:\/\/www.contivalves.com\/wp-content\/uploads\/2021\/05\/CE-CHECK-VALVES.jpg\"><figure class=\"swiper-slide-inner\"><img class=\"swiper-slide-image\" src=\"https:\/\/www.contivalves.com\/wp-content\/uploads\/2021\/05\/CE-CHECK-VALVES.jpg\" alt=\"CE CHECK VALVES\" \/><\/figure><\/a><\/div><div class=\"swiper-slide\"><a data-elementor-open-lightbox=\"yes\" data-elementor-lightbox-slideshow=\"bc0e918\" data-elementor-lightbox-title=\"CE PLUG VALVES\" href=\"https:\/\/www.contivalves.com\/wp-content\/uploads\/2021\/05\/CE-PLUG-VALVES.jpg\"><figure class=\"swiper-slide-inner\"><img class=\"swiper-slide-image\" src=\"https:\/\/www.contivalves.com\/wp-content\/uploads\/2021\/05\/CE-PLUG-VALVES.jpg\" alt=\"CE PLUG VALVES\" \/><\/figure><\/a><\/div><div class=\"swiper-slide\"><a data-elementor-open-lightbox=\"yes\" data-elementor-lightbox-slideshow=\"bc0e918\" data-elementor-lightbox-title=\"CE Y STRAINER\" href=\"https:\/\/www.contivalves.com\/wp-content\/uploads\/2021\/05\/CE-Y-STRAINER.jpg\"><figure class=\"swiper-slide-inner\"><img class=\"swiper-slide-image\" src=\"https:\/\/www.contivalves.com\/wp-content\/uploads\/2021\/05\/CE-Y-STRAINER.jpg\" alt=\"CE Y STRAINER\" \/><\/figure><\/a><\/div><div class=\"swiper-slide\"><a data-elementor-open-lightbox=\"yes\" data-elementor-lightbox-slideshow=\"bc0e918\" data-elementor-lightbox-title=\"CE GLOBE VALVES\" href=\"https:\/\/www.contivalves.com\/wp-content\/uploads\/2023\/05\/CE-GLOBE-VALVES-scaled.jpg\"><figure class=\"swiper-slide-inner\"><img class=\"swiper-slide-image\" src=\"https:\/\/www.contivalves.com\/wp-content\/uploads\/2023\/05\/CE-GLOBE-VALVES-scaled.jpg\" alt=\"CE GLOBE VALVES\" \/><\/figure><\/a><\/div><div class=\"swiper-slide\"><a data-elementor-open-lightbox=\"yes\" data-elementor-lightbox-slideshow=\"bc0e918\" data-elementor-lightbox-title=\"CE BALL VALVES\" href=\"https:\/\/www.contivalves.com\/wp-content\/uploads\/2023\/05\/CE-BALL-VALVES-scaled.jpg\"><figure class=\"swiper-slide-inner\"><img class=\"swiper-slide-image\" src=\"https:\/\/www.contivalves.com\/wp-content\/uploads\/2023\/05\/CE-BALL-VALVES-scaled.jpg\" alt=\"CE BALL VALVES\" \/><\/figure><\/a><\/div><div class=\"swiper-slide\"><a data-elementor-open-lightbox=\"yes\" data-elementor-lightbox-slideshow=\"bc0e918\" data-elementor-lightbox-title=\"CE GATE VALVES\" href=\"https:\/\/www.contivalves.com\/wp-content\/uploads\/2023\/05\/CE-GATE-VALVES-scaled.jpg\"><figure class=\"swiper-slide-inner\"><img class=\"swiper-slide-image\" src=\"https:\/\/www.contivalves.com\/wp-content\/uploads\/2023\/05\/CE-GATE-VALVES-scaled.jpg\" alt=\"CE GATE VALVES\" \/><\/figure><\/a><\/div>\t\t\t<\/div>\n\t\t\t\t\t\t\t\t\t\t\t\t<div class=\"swiper-pagination\"><\/div>\n\t\t\t\t\t\t\t\t\t\t\t\t\t<div class=\"elementor-swiper-button elementor-swiper-button-prev\">\n\t\t\t\t\t\t<i class=\"eicon-chevron-left\" aria-hidden=\"true\"><\/i>\n\t\t\t\t\t\t<span class=\"elementor-screen-only\">Zur\u00fcck<\/span>\n\t\t\t\t\t<\/div>\n\t\t\t\t\t<div class=\"elementor-swiper-button elementor-swiper-button-next\">\n\t\t\t\t\t\t<i class=\"eicon-chevron-right\" aria-hidden=\"true\"><\/i>\n\t\t\t\t\t\t<span class=\"elementor-screen-only\">Weiter<\/span>\n\t\t\t\t\t<\/div>\n\t\t\t\t\t\t\t\t\t<\/div>\n\t\t\t\t<\/div>\n\t\t\t\t<\/div>\n\t\t\t\t\t\t<\/div>\n\t\t\t\t\t<\/div>\n\t\t<\/div>\n\t\t\t\t\t\t\t\t<\/div>\n\t\t\t\t\t<\/div>\n\t\t<\/section>\n\t\t\t\t\t\t<\/div>\n\t\t\t\t\t\t<\/div>\n\t\t\t\t\t<\/div>\n\t\t","protected":false},"excerpt":{"rendered":"<p>CONTI RUBINETTERIE ist f\u00fchrend, was hochwertige Bau- und Fertigungsprozesse betrifft. Unsere Ventile, die in vollem Umfang betriebsintern von einem ausgebildeten Team mit innovativen Ausr\u00fcstungen entwickelt und hergestellt werden, sind auf lange Haltbarkeit ausgelegt. Vor dem Versand werden sie einer Reihe strenger Pr\u00fcfungen und interner Inspektionen unterzogen. Heute wie vor 100 Jahren steht die Produktqualit\u00e4t weiterhin [&hellip;]<\/p>\n","protected":false},"author":1,"featured_media":0,"parent":1551,"menu_order":4,"comment_status":"closed","ping_status":"closed","template":"","meta":[],"yoast_head":"<!-- This site is optimized with the Yoast SEO plugin v16.3 - https:\/\/yoast.com\/wordpress\/plugins\/seo\/ -->\n<title>Zertifizierungen - Conti Rubinetterie<\/title>\n<meta name=\"robots\" content=\"index, follow, max-snippet:-1, max-image-preview:large, max-video-preview:-1\" \/>\n<link rel=\"canonical\" href=\"https:\/\/www.contivalves.com\/fr\/qui-nous-sommes\/certifications\/\" \/>\n<meta property=\"og:locale\" content=\"de_DE\" \/>\n<meta property=\"og:type\" content=\"article\" \/>\n<meta property=\"og:title\" content=\"Zertifizierungen - Conti Rubinetterie\" \/>\n<meta property=\"og:description\" content=\"CONTI RUBINETTERIE ist f\u00fchrend, was hochwertige Bau- und Fertigungsprozesse betrifft. Unsere Ventile, die in vollem Umfang betriebsintern von einem ausgebildeten Team mit innovativen Ausr\u00fcstungen entwickelt und hergestellt werden, sind auf lange Haltbarkeit ausgelegt. Vor dem Versand werden sie einer Reihe strenger Pr\u00fcfungen und interner Inspektionen unterzogen. Heute wie vor 100 Jahren steht die Produktqualit\u00e4t weiterhin [&hellip;]\" \/>\n<meta property=\"og:url\" content=\"https:\/\/www.contivalves.com\/fr\/qui-nous-sommes\/certifications\/\" \/>\n<meta property=\"og:site_name\" content=\"Conti Rubinetterie\" \/>\n<meta property=\"article:modified_time\" content=\"2023-10-17T13:50:14+00:00\" \/>\n<meta property=\"og:image\" content=\"https:\/\/www.contivalves.com\/wp-content\/uploads\/2023\/10\/ISO-9001.jpg\" \/>\n<meta name=\"twitter:card\" content=\"summary_large_image\" \/>\n<meta name=\"twitter:label1\" content=\"Gesch\u00e4tzte Lesezeit\">\n\t<meta name=\"twitter:data1\" content=\"10\u00a0Minuten\">\n<script type=\"application\/ld+json\" class=\"yoast-schema-graph\">{\"@context\":\"https:\/\/schema.org\",\"@graph\":[{\"@type\":\"Organization\",\"@id\":\"https:\/\/www.contivalves.com\/#organization\",\"name\":\"Conti Rubinetterie\",\"url\":\"https:\/\/www.contivalves.com\/\",\"sameAs\":[],\"logo\":{\"@type\":\"ImageObject\",\"@id\":\"https:\/\/www.contivalves.com\/#logo\",\"inLanguage\":\"de\",\"url\":\"https:\/\/www.contivalves.com\/wp-content\/uploads\/2018\/11\/conti-valves-rubinetterie-logo-sticky.png\",\"contentUrl\":\"https:\/\/www.contivalves.com\/wp-content\/uploads\/2018\/11\/conti-valves-rubinetterie-logo-sticky.png\",\"width\":199,\"height\":70,\"caption\":\"Conti Rubinetterie\"},\"image\":{\"@id\":\"https:\/\/www.contivalves.com\/#logo\"}},{\"@type\":\"WebSite\",\"@id\":\"https:\/\/www.contivalves.com\/#website\",\"url\":\"https:\/\/www.contivalves.com\/\",\"name\":\"Conti Rubinetterie\",\"description\":\"\",\"publisher\":{\"@id\":\"https:\/\/www.contivalves.com\/#organization\"},\"potentialAction\":[{\"@type\":\"SearchAction\",\"target\":\"https:\/\/www.contivalves.com\/?s={search_term_string}\",\"query-input\":\"required name=search_term_string\"}],\"inLanguage\":\"de\"},{\"@type\":\"ImageObject\",\"@id\":\"https:\/\/www.contivalves.com\/fr\/qui-nous-sommes\/certifications\/#primaryimage\",\"inLanguage\":\"de\",\"url\":\"https:\/\/www.contivalves.com\/wp-content\/uploads\/2023\/10\/ISO-9001.jpg\",\"contentUrl\":\"https:\/\/www.contivalves.com\/wp-content\/uploads\/2023\/10\/ISO-9001.jpg\",\"width\":1240,\"height\":1754},{\"@type\":\"WebPage\",\"@id\":\"https:\/\/www.contivalves.com\/fr\/qui-nous-sommes\/certifications\/#webpage\",\"url\":\"https:\/\/www.contivalves.com\/fr\/qui-nous-sommes\/certifications\/\",\"name\":\"Zertifizierungen - Conti Rubinetterie\",\"isPartOf\":{\"@id\":\"https:\/\/www.contivalves.com\/#website\"},\"primaryImageOfPage\":{\"@id\":\"https:\/\/www.contivalves.com\/fr\/qui-nous-sommes\/certifications\/#primaryimage\"},\"datePublished\":\"2018-11-13T13:42:48+00:00\",\"dateModified\":\"2023-10-17T13:50:14+00:00\",\"breadcrumb\":{\"@id\":\"https:\/\/www.contivalves.com\/fr\/qui-nous-sommes\/certifications\/#breadcrumb\"},\"inLanguage\":\"de\",\"potentialAction\":[{\"@type\":\"ReadAction\",\"target\":[\"https:\/\/www.contivalves.com\/fr\/qui-nous-sommes\/certifications\/\"]}]},{\"@type\":\"BreadcrumbList\",\"@id\":\"https:\/\/www.contivalves.com\/fr\/qui-nous-sommes\/certifications\/#breadcrumb\",\"itemListElement\":[{\"@type\":\"ListItem\",\"position\":1,\"item\":{\"@type\":\"WebPage\",\"@id\":\"https:\/\/www.contivalves.com\/fr\/\",\"url\":\"https:\/\/www.contivalves.com\/fr\/\",\"name\":\"Home\"}},{\"@type\":\"ListItem\",\"position\":2,\"item\":{\"@type\":\"WebPage\",\"@id\":\"https:\/\/www.contivalves.com\/fr\/qui-nous-sommes\/\",\"url\":\"https:\/\/www.contivalves.com\/fr\/qui-nous-sommes\/\",\"name\":\"[:en]Company[:it]Azienda[:es]Empresa[:fr]Qui nous sommes[:de]WIR \\u00dcBER UNS[:]\"}},{\"@type\":\"ListItem\",\"position\":3,\"item\":{\"@id\":\"https:\/\/www.contivalves.com\/fr\/qui-nous-sommes\/certifications\/#webpage\"}}]}]}<\/script>\n<!-- \/ Yoast SEO plugin. -->","_links":{"self":[{"href":"https:\/\/www.contivalves.com\/de\/wp-json\/wp\/v2\/pages\/116"}],"collection":[{"href":"https:\/\/www.contivalves.com\/de\/wp-json\/wp\/v2\/pages"}],"about":[{"href":"https:\/\/www.contivalves.com\/de\/wp-json\/wp\/v2\/types\/page"}],"author":[{"embeddable":true,"href":"https:\/\/www.contivalves.com\/de\/wp-json\/wp\/v2\/users\/1"}],"replies":[{"embeddable":true,"href":"https:\/\/www.contivalves.com\/de\/wp-json\/wp\/v2\/comments?post=116"}],"version-history":[{"count":80,"href":"https:\/\/www.contivalves.com\/de\/wp-json\/wp\/v2\/pages\/116\/revisions"}],"predecessor-version":[{"id":2747,"href":"https:\/\/www.contivalves.com\/de\/wp-json\/wp\/v2\/pages\/116\/revisions\/2747"}],"up":[{"embeddable":true,"href":"https:\/\/www.contivalves.com\/de\/wp-json\/wp\/v2\/pages\/1551"}],"wp:attachment":[{"href":"https:\/\/www.contivalves.com\/de\/wp-json\/wp\/v2\/media?parent=116"}],"curies":[{"name":"wp","href":"https:\/\/api.w.org\/{rel}","templated":true}]}}