{"id":119,"date":"2018-11-13T14:43:03","date_gmt":"2018-11-13T13:43:03","guid":{"rendered":"https:\/\/www.contivalves.com\/?page_id=119"},"modified":"2023-10-17T15:51:49","modified_gmt":"2023-10-17T13:51:49","slug":"rispetto-per-lambiente","status":"publish","type":"page","link":"https:\/\/www.contivalves.com\/de\/wir-uber-uns\/umweltschutz\/","title":{"rendered":"[:en]Respecting the environment[:it]Rispetto per l&#8217;ambiente[:es]Respeto por el medio ambiente[:fr]Respect de l&#8217;environnement[:de]Umweltschutz[:]"},"content":{"rendered":"\t\t<div data-elementor-type=\"wp-post\" data-elementor-id=\"119\" class=\"elementor elementor-119\" data-elementor-settings=\"[]\">\n\t\t\t\t\t\t<div class=\"elementor-inner\">\n\t\t\t\t\t\t\t<div class=\"elementor-section-wrap\">\n\t\t\t\t\t\t\t<section class=\"elementor-section elementor-top-section elementor-element elementor-element-3da7fcc elementor-section-boxed elementor-section-height-default elementor-section-height-default\" data-id=\"3da7fcc\" data-element_type=\"section\">\n\t\t\t\t\t\t<div class=\"elementor-container elementor-column-gap-default\">\n\t\t\t\t\t\t\t<div class=\"elementor-row\">\n\t\t\t\t\t<div class=\"elementor-column elementor-col-100 elementor-top-column elementor-element elementor-element-aeb0dea\" data-id=\"aeb0dea\" data-element_type=\"column\">\n\t\t\t<div class=\"elementor-column-wrap elementor-element-populated\">\n\t\t\t\t\t\t\t<div class=\"elementor-widget-wrap\">\n\t\t\t\t\t\t<section class=\"elementor-section elementor-inner-section elementor-element elementor-element-9415e58 elementor-section-boxed elementor-section-height-default elementor-section-height-default\" data-id=\"9415e58\" data-element_type=\"section\">\n\t\t\t\t\t\t<div class=\"elementor-container elementor-column-gap-wider\">\n\t\t\t\t\t\t\t<div class=\"elementor-row\">\n\t\t\t\t\t<div class=\"elementor-column elementor-col-50 elementor-inner-column elementor-element elementor-element-ebf5cf2\" data-id=\"ebf5cf2\" data-element_type=\"column\">\n\t\t\t<div class=\"elementor-column-wrap elementor-element-populated\">\n\t\t\t\t\t\t\t<div class=\"elementor-widget-wrap\">\n\t\t\t\t\t\t<div class=\"elementor-element elementor-element-ff04d63 elementor-widget elementor-widget-heading\" data-id=\"ff04d63\" data-element_type=\"widget\" data-widget_type=\"heading.default\">\n\t\t\t\t<div class=\"elementor-widget-container\">\n\t\t\t<h2 class=\"elementor-heading-title elementor-size-default\">F\u00fcr uns ist die Verantwortung f\u00fcr unsere Umwelt ein wesentlicher Bestandteil unseres Gesch\u00e4ftsbetriebs, die das gesamte Unternehmen betrifft und grundlegend ist, um unsere Vision und Mission zu erf\u00fcllen. Mit einem Blick auf die n\u00e4chste Generation engagieren wir uns daf\u00fcr, unsere Leistungen bei der Reduzierung unserer Umweltbelastung kontinuierlich zu verbessern.<\/h2>\t\t<\/div>\n\t\t\t\t<\/div>\n\t\t\t\t\t\t<\/div>\n\t\t\t\t\t<\/div>\n\t\t<\/div>\n\t\t\t\t<div class=\"elementor-column elementor-col-50 elementor-inner-column elementor-element elementor-element-b829de0\" data-id=\"b829de0\" data-element_type=\"column\">\n\t\t\t<div class=\"elementor-column-wrap elementor-element-populated\">\n\t\t\t\t\t\t\t<div class=\"elementor-widget-wrap\">\n\t\t\t\t\t\t<div class=\"elementor-element elementor-element-7a2b8fa elementor-arrows-position-outside elementor-pagination-position-outside elementor-widget elementor-widget-image-carousel\" data-id=\"7a2b8fa\" data-element_type=\"widget\" data-settings=\"{&quot;slides_to_show&quot;:&quot;2&quot;,&quot;slides_to_show_mobile&quot;:&quot;2&quot;,&quot;slides_to_scroll&quot;:&quot;1&quot;,&quot;image_spacing_custom&quot;:{&quot;unit&quot;:&quot;px&quot;,&quot;size&quot;:30,&quot;sizes&quot;:[]},&quot;navigation&quot;:&quot;both&quot;,&quot;autoplay&quot;:&quot;yes&quot;,&quot;pause_on_hover&quot;:&quot;yes&quot;,&quot;pause_on_interaction&quot;:&quot;yes&quot;,&quot;autoplay_speed&quot;:5000,&quot;infinite&quot;:&quot;yes&quot;,&quot;speed&quot;:500}\" data-widget_type=\"image-carousel.default\">\n\t\t\t\t<div class=\"elementor-widget-container\">\n\t\t\t\t\t<div class=\"elementor-image-carousel-wrapper swiper-container\" dir=\"ltr\">\n\t\t\t<div class=\"elementor-image-carousel swiper-wrapper\">\n\t\t\t\t<div class=\"swiper-slide\"><a data-elementor-open-lightbox=\"yes\" data-elementor-lightbox-slideshow=\"7a2b8fa\" data-elementor-lightbox-title=\"zero-emission-UNI-EN-ISO-14064-1\" href=\"https:\/\/www.contivalves.com\/wp-content\/uploads\/2018\/12\/zero-emission-UNI-EN-ISO-14064-1.jpg\"><figure class=\"swiper-slide-inner\"><img class=\"swiper-slide-image\" src=\"https:\/\/www.contivalves.com\/wp-content\/uploads\/2018\/12\/zero-emission-UNI-EN-ISO-14064-1.jpg\" alt=\"Zero emission (UNI EN ISO 14064)\" \/><figcaption class=\"elementor-image-carousel-caption\">Zero emission (UNI EN ISO 14064)<\/figcaption><\/figure><\/a><\/div><div class=\"swiper-slide\"><a data-elementor-open-lightbox=\"yes\" data-elementor-lightbox-slideshow=\"7a2b8fa\" data-elementor-lightbox-title=\"ISO 14001\" href=\"https:\/\/www.contivalves.com\/wp-content\/uploads\/2023\/10\/ISO-14001.jpg\"><figure class=\"swiper-slide-inner\"><img class=\"swiper-slide-image\" src=\"https:\/\/www.contivalves.com\/wp-content\/uploads\/2023\/10\/ISO-14001.jpg\" alt=\"ISO 14001\" \/><\/figure><\/a><\/div>\t\t\t<\/div>\n\t\t\t\t\t\t\t\t\t\t\t\t<div class=\"swiper-pagination\"><\/div>\n\t\t\t\t\t\t\t\t\t\t\t\t\t<div class=\"elementor-swiper-button elementor-swiper-button-prev\">\n\t\t\t\t\t\t<i class=\"eicon-chevron-left\" aria-hidden=\"true\"><\/i>\n\t\t\t\t\t\t<span class=\"elementor-screen-only\">Zur\u00fcck<\/span>\n\t\t\t\t\t<\/div>\n\t\t\t\t\t<div class=\"elementor-swiper-button elementor-swiper-button-next\">\n\t\t\t\t\t\t<i class=\"eicon-chevron-right\" aria-hidden=\"true\"><\/i>\n\t\t\t\t\t\t<span class=\"elementor-screen-only\">Weiter<\/span>\n\t\t\t\t\t<\/div>\n\t\t\t\t\t\t\t\t\t<\/div>\n\t\t\t\t<\/div>\n\t\t\t\t<\/div>\n\t\t\t\t<div class=\"elementor-element elementor-element-5c962c4 elementor-widget elementor-widget-text-editor\" data-id=\"5c962c4\" data-element_type=\"widget\" data-widget_type=\"text-editor.default\">\n\t\t\t\t<div class=\"elementor-widget-container\">\n\t\t\t\t\t\t\t\t<div class=\"elementor-text-editor elementor-clearfix\">\n\t\t\t\t\t<p><strong>ISO 14001 ZERTIFIZIERT<br \/><\/strong>CONTI ist stolz darauf, mit dem renommierten ISO 14001-Zertifizierung erhalten haben.<\/p><p>ISO 14001 ist eine internationale Umweltnorm, die Parameter f\u00fcr den Betrieb eines wirksamen Umweltmanagementsystem (EMS) etabliert.<br \/>Die Standards wurden entwickelt, um das empfindliche Gleichgewicht zwischen Unternehmen Erhalt der Profitabilit\u00e4t und die Verringerung der Auswirkungen auf die Umwelt anzugehen. Unternehmen nach ISO 14001 zertifiziert ist der Nachweis, dass sie R\u00fccksicht auf den Energieverbrauch, die Nutzung der nat\u00fcrlichen Ressourcen und Abfall -Management-Strategien in die breitere Managementsysteme ihrer Operationen auf praktische Weise gebaut haben zu zeigen.<br \/>Der Standard verlangt das Unternehmen entwickeln Umweltziele gesetzt Umweltziele und Umsetzung wirksamer Programme zur kontinuierlichen Verbesserung, um die Zertifizierung verliehen. Es erfordert das Engagement der gesamten Organisation erfolgreich zu sein.<br \/>Die italienische akkreditierten ISO 14001 wurde nach einer strengen externen Pr\u00fcfung durch unabh\u00e4ngige Stelle QAID, Accredia Accredited Entity auf Conti Rubinetterie vergeben.<\/p><p><strong>POWERED BY THE SUN \u2013 2011<\/strong><br \/>Mit der Lancierung des Projekts POWERED BY THE SUN, in dessen Rahmen eine neue Photovoltaikanlage implementiert wurde, best\u00e4tigte Conti Rubinetterie ihr Engagement f\u00fcr die Umweltnachhaltigkeit und die Nutzung erneuerbarer Energien f\u00fcr die nachhaltige industrielle Entwicklung. 40 % des Energiebedarfs werden durch Solarenergie gedeckt. Die D\u00e4cher unserer Produktionsanlagen wurden mit Polyurethan-D\u00e4mmplatten gedeckt, auf denen 150-kWh-SHARP-Photovoltaikmodule japanischer Produktion platziert wurden. Der Strom, der durch die Umwandlung der in den Sonnenstrahlen enthaltenen Energie erzeugt wird, wird genutzt, um j\u00e4hrlich \u00fcber 140.000 kWh zu produzieren, was die Emission von rund 74.340 kg Kohlendioxid, entsprechend zirka 10.600 B\u00e4umen, vermeidet.<\/p>\t\t\t\t\t<\/div>\n\t\t\t\t\t\t<\/div>\n\t\t\t\t<\/div>\n\t\t\t\t\t\t<\/div>\n\t\t\t\t\t<\/div>\n\t\t<\/div>\n\t\t\t\t\t\t\t\t<\/div>\n\t\t\t\t\t<\/div>\n\t\t<\/section>\n\t\t\t\t\t\t<\/div>\n\t\t\t\t\t<\/div>\n\t\t<\/div>\n\t\t\t\t\t\t\t\t<\/div>\n\t\t\t\t\t<\/div>\n\t\t<\/section>\n\t\t\t\t<section class=\"elementor-section elementor-top-section elementor-element elementor-element-3b8f2e6 elementor-section-content-middle elementor-reverse-mobile elementor-section-full_width elementor-section-height-default elementor-section-height-default\" data-id=\"3b8f2e6\" data-element_type=\"section\" data-settings=\"{&quot;background_background&quot;:&quot;classic&quot;}\">\n\t\t\t\t\t\t<div class=\"elementor-container elementor-column-gap-default\">\n\t\t\t\t\t\t\t<div class=\"elementor-row\">\n\t\t\t\t\t<div class=\"elementor-column elementor-col-50 elementor-top-column elementor-element elementor-element-2ab4f14\" data-id=\"2ab4f14\" data-element_type=\"column\" data-settings=\"{&quot;background_background&quot;:&quot;classic&quot;}\">\n\t\t\t<div class=\"elementor-column-wrap elementor-element-populated\">\n\t\t\t\t\t\t\t<div class=\"elementor-widget-wrap\">\n\t\t\t\t\t\t<div class=\"elementor-element elementor-element-6ff9758 elementor-widget elementor-widget-text-editor\" data-id=\"6ff9758\" data-element_type=\"widget\" data-widget_type=\"text-editor.default\">\n\t\t\t\t<div class=\"elementor-widget-container\">\n\t\t\t\t\t\t\t\t<div class=\"elementor-text-editor elementor-clearfix\">\n\t\t\t\t\t\t\t\t\t\t<\/div>\n\t\t\t\t\t\t<\/div>\n\t\t\t\t<\/div>\n\t\t\t\t\t\t<\/div>\n\t\t\t\t\t<\/div>\n\t\t<\/div>\n\t\t\t\t<div class=\"elementor-column elementor-col-50 elementor-top-column elementor-element elementor-element-382e40a\" data-id=\"382e40a\" data-element_type=\"column\" data-settings=\"{&quot;background_background&quot;:&quot;classic&quot;}\">\n\t\t\t<div class=\"elementor-column-wrap elementor-element-populated\">\n\t\t\t\t\t\t\t<div class=\"elementor-widget-wrap\">\n\t\t\t\t\t\t<div class=\"elementor-element elementor-element-b26f0ce elementor-view-default elementor-vertical-align-top elementor-widget elementor-widget-icon-box\" data-id=\"b26f0ce\" data-element_type=\"widget\" data-widget_type=\"icon-box.default\">\n\t\t\t\t<div class=\"elementor-widget-container\">\n\t\t\t\t\t<div class=\"elementor-icon-box-wrapper\">\n\t\t\t\t\t\t<div class=\"elementor-icon-box-content\">\n\t\t\t\t<h3 class=\"elementor-icon-box-title\">\n\t\t\t\t\t<span > Sonne<\/span>\n\t\t\t\t<\/h3>\n\t\t\t\t\t\t\t\t<p class=\"elementor-icon-box-description\">Dank der Implementierung des Projekts POWERED BY THE SUN werden 40 % unseres gesamten Energiebedarfs durch Solarenergie gedeckt.<\/p>\n\t\t\t\t\t\t\t<\/div>\n\t\t<\/div>\n\t\t\t\t<\/div>\n\t\t\t\t<\/div>\n\t\t\t\t<div class=\"elementor-element elementor-element-31b3cfb elementor-view-default elementor-vertical-align-top elementor-widget elementor-widget-icon-box\" data-id=\"31b3cfb\" data-element_type=\"widget\" data-widget_type=\"icon-box.default\">\n\t\t\t\t<div class=\"elementor-widget-container\">\n\t\t\t\t\t<div class=\"elementor-icon-box-wrapper\">\n\t\t\t\t\t\t<div class=\"elementor-icon-box-content\">\n\t\t\t\t<h3 class=\"elementor-icon-box-title\">\n\t\t\t\t\t<span > Wasser<\/span>\n\t\t\t\t<\/h3>\n\t\t\t\t\t\t\t\t<p class=\"elementor-icon-box-description\">Das in den verschiedenen Phasen des Produktionsprozesses genutzte Wasser wird mittels eines Filtersystems gereinigt und wiederaufbereitet.<\/p>\n\t\t\t\t\t\t\t<\/div>\n\t\t<\/div>\n\t\t\t\t<\/div>\n\t\t\t\t<\/div>\n\t\t\t\t<div class=\"elementor-element elementor-element-c73f4a6 elementor-view-default elementor-vertical-align-top elementor-widget elementor-widget-icon-box\" data-id=\"c73f4a6\" data-element_type=\"widget\" data-widget_type=\"icon-box.default\">\n\t\t\t\t<div class=\"elementor-widget-container\">\n\t\t\t\t\t<div class=\"elementor-icon-box-wrapper\">\n\t\t\t\t\t\t<div class=\"elementor-icon-box-content\">\n\t\t\t\t<h3 class=\"elementor-icon-box-title\">\n\t\t\t\t\t<span >Luft<\/span>\n\t\t\t\t<\/h3>\n\t\t\t\t\t\t\t\t<p class=\"elementor-icon-box-description\">Die bei den Produktionsprozessen in der Gie\u00dferei erzeugten D\u00e4mpfe werden durch ein zertifiziertes Luftfilterungssystem gesammelt, gereinigt und so sauberer in die Umwelt eingeleitet.<\/p>\n\t\t\t\t\t\t\t<\/div>\n\t\t<\/div>\n\t\t\t\t<\/div>\n\t\t\t\t<\/div>\n\t\t\t\t\t\t<\/div>\n\t\t\t\t\t<\/div>\n\t\t<\/div>\n\t\t\t\t\t\t\t\t<\/div>\n\t\t\t\t\t<\/div>\n\t\t<\/section>\n\t\t\t\t\t\t<\/div>\n\t\t\t\t\t\t<\/div>\n\t\t\t\t\t<\/div>\n\t\t","protected":false},"excerpt":{"rendered":"<p>F\u00fcr uns ist die Verantwortung f\u00fcr unsere Umwelt ein wesentlicher Bestandteil unseres Gesch\u00e4ftsbetriebs, die das gesamte Unternehmen betrifft und grundlegend ist, um unsere Vision und Mission zu erf\u00fcllen. Mit einem Blick auf die n\u00e4chste Generation engagieren wir uns daf\u00fcr, unsere Leistungen bei der Reduzierung unserer Umweltbelastung kontinuierlich zu verbessern. Zero emission (UNI EN ISO 14064) [&hellip;]<\/p>\n","protected":false},"author":1,"featured_media":0,"parent":1551,"menu_order":5,"comment_status":"closed","ping_status":"closed","template":"","meta":[],"yoast_head":"<!-- This site is optimized with the Yoast SEO plugin v16.3 - https:\/\/yoast.com\/wordpress\/plugins\/seo\/ -->\n<title>Umweltschutz - Conti Rubinetterie<\/title>\n<meta name=\"robots\" content=\"index, follow, max-snippet:-1, max-image-preview:large, max-video-preview:-1\" \/>\n<link rel=\"canonical\" href=\"https:\/\/www.contivalves.com\/fr\/qui-nous-sommes\/respect-de-lenvironnement\/\" \/>\n<meta property=\"og:locale\" content=\"de_DE\" \/>\n<meta property=\"og:type\" content=\"article\" \/>\n<meta property=\"og:title\" content=\"Umweltschutz - Conti Rubinetterie\" \/>\n<meta property=\"og:description\" content=\"F\u00fcr uns ist die Verantwortung f\u00fcr unsere Umwelt ein wesentlicher Bestandteil unseres Gesch\u00e4ftsbetriebs, die das gesamte Unternehmen betrifft und grundlegend ist, um unsere Vision und Mission zu erf\u00fcllen. Mit einem Blick auf die n\u00e4chste Generation engagieren wir uns daf\u00fcr, unsere Leistungen bei der Reduzierung unserer Umweltbelastung kontinuierlich zu verbessern. Zero emission (UNI EN ISO 14064) [&hellip;]\" \/>\n<meta property=\"og:url\" content=\"https:\/\/www.contivalves.com\/fr\/qui-nous-sommes\/respect-de-lenvironnement\/\" \/>\n<meta property=\"og:site_name\" content=\"Conti Rubinetterie\" \/>\n<meta property=\"article:modified_time\" content=\"2023-10-17T13:51:49+00:00\" \/>\n<meta property=\"og:image\" content=\"https:\/\/www.contivalves.com\/wp-content\/uploads\/2018\/12\/zero-emission-UNI-EN-ISO-14064-1.jpg\" \/>\n<meta name=\"twitter:card\" content=\"summary_large_image\" \/>\n<meta name=\"twitter:label1\" content=\"Gesch\u00e4tzte Lesezeit\">\n\t<meta name=\"twitter:data1\" content=\"10\u00a0Minuten\">\n<script type=\"application\/ld+json\" class=\"yoast-schema-graph\">{\"@context\":\"https:\/\/schema.org\",\"@graph\":[{\"@type\":\"Organization\",\"@id\":\"https:\/\/www.contivalves.com\/#organization\",\"name\":\"Conti Rubinetterie\",\"url\":\"https:\/\/www.contivalves.com\/\",\"sameAs\":[],\"logo\":{\"@type\":\"ImageObject\",\"@id\":\"https:\/\/www.contivalves.com\/#logo\",\"inLanguage\":\"de\",\"url\":\"https:\/\/www.contivalves.com\/wp-content\/uploads\/2018\/11\/conti-valves-rubinetterie-logo-sticky.png\",\"contentUrl\":\"https:\/\/www.contivalves.com\/wp-content\/uploads\/2018\/11\/conti-valves-rubinetterie-logo-sticky.png\",\"width\":199,\"height\":70,\"caption\":\"Conti Rubinetterie\"},\"image\":{\"@id\":\"https:\/\/www.contivalves.com\/#logo\"}},{\"@type\":\"WebSite\",\"@id\":\"https:\/\/www.contivalves.com\/#website\",\"url\":\"https:\/\/www.contivalves.com\/\",\"name\":\"Conti Rubinetterie\",\"description\":\"\",\"publisher\":{\"@id\":\"https:\/\/www.contivalves.com\/#organization\"},\"potentialAction\":[{\"@type\":\"SearchAction\",\"target\":\"https:\/\/www.contivalves.com\/?s={search_term_string}\",\"query-input\":\"required name=search_term_string\"}],\"inLanguage\":\"de\"},{\"@type\":\"ImageObject\",\"@id\":\"https:\/\/www.contivalves.com\/fr\/qui-nous-sommes\/respect-de-lenvironnement\/#primaryimage\",\"inLanguage\":\"de\",\"url\":\"https:\/\/www.contivalves.com\/wp-content\/uploads\/2018\/12\/zero-emission-UNI-EN-ISO-14064-1.jpg\",\"contentUrl\":\"https:\/\/www.contivalves.com\/wp-content\/uploads\/2018\/12\/zero-emission-UNI-EN-ISO-14064-1.jpg\",\"width\":707,\"height\":1000,\"caption\":\"Zero emission (UNI EN ISO 14064)\"},{\"@type\":\"WebPage\",\"@id\":\"https:\/\/www.contivalves.com\/fr\/qui-nous-sommes\/respect-de-lenvironnement\/#webpage\",\"url\":\"https:\/\/www.contivalves.com\/fr\/qui-nous-sommes\/respect-de-lenvironnement\/\",\"name\":\"Umweltschutz - Conti Rubinetterie\",\"isPartOf\":{\"@id\":\"https:\/\/www.contivalves.com\/#website\"},\"primaryImageOfPage\":{\"@id\":\"https:\/\/www.contivalves.com\/fr\/qui-nous-sommes\/respect-de-lenvironnement\/#primaryimage\"},\"datePublished\":\"2018-11-13T13:43:03+00:00\",\"dateModified\":\"2023-10-17T13:51:49+00:00\",\"breadcrumb\":{\"@id\":\"https:\/\/www.contivalves.com\/fr\/qui-nous-sommes\/respect-de-lenvironnement\/#breadcrumb\"},\"inLanguage\":\"de\",\"potentialAction\":[{\"@type\":\"ReadAction\",\"target\":[\"https:\/\/www.contivalves.com\/fr\/qui-nous-sommes\/respect-de-lenvironnement\/\"]}]},{\"@type\":\"BreadcrumbList\",\"@id\":\"https:\/\/www.contivalves.com\/fr\/qui-nous-sommes\/respect-de-lenvironnement\/#breadcrumb\",\"itemListElement\":[{\"@type\":\"ListItem\",\"position\":1,\"item\":{\"@type\":\"WebPage\",\"@id\":\"https:\/\/www.contivalves.com\/fr\/\",\"url\":\"https:\/\/www.contivalves.com\/fr\/\",\"name\":\"Home\"}},{\"@type\":\"ListItem\",\"position\":2,\"item\":{\"@type\":\"WebPage\",\"@id\":\"https:\/\/www.contivalves.com\/fr\/qui-nous-sommes\/\",\"url\":\"https:\/\/www.contivalves.com\/fr\/qui-nous-sommes\/\",\"name\":\"[:en]Company[:it]Azienda[:es]Empresa[:fr]Qui nous sommes[:de]WIR \\u00dcBER UNS[:]\"}},{\"@type\":\"ListItem\",\"position\":3,\"item\":{\"@id\":\"https:\/\/www.contivalves.com\/fr\/qui-nous-sommes\/respect-de-lenvironnement\/#webpage\"}}]}]}<\/script>\n<!-- \/ Yoast SEO plugin. -->","_links":{"self":[{"href":"https:\/\/www.contivalves.com\/de\/wp-json\/wp\/v2\/pages\/119"}],"collection":[{"href":"https:\/\/www.contivalves.com\/de\/wp-json\/wp\/v2\/pages"}],"about":[{"href":"https:\/\/www.contivalves.com\/de\/wp-json\/wp\/v2\/types\/page"}],"author":[{"embeddable":true,"href":"https:\/\/www.contivalves.com\/de\/wp-json\/wp\/v2\/users\/1"}],"replies":[{"embeddable":true,"href":"https:\/\/www.contivalves.com\/de\/wp-json\/wp\/v2\/comments?post=119"}],"version-history":[{"count":52,"href":"https:\/\/www.contivalves.com\/de\/wp-json\/wp\/v2\/pages\/119\/revisions"}],"predecessor-version":[{"id":2751,"href":"https:\/\/www.contivalves.com\/de\/wp-json\/wp\/v2\/pages\/119\/revisions\/2751"}],"up":[{"embeddable":true,"href":"https:\/\/www.contivalves.com\/de\/wp-json\/wp\/v2\/pages\/1551"}],"wp:attachment":[{"href":"https:\/\/www.contivalves.com\/de\/wp-json\/wp\/v2\/media?parent=119"}],"curies":[{"name":"wp","href":"https:\/\/api.w.org\/{rel}","templated":true}]}}