{"id":124,"date":"2018-11-13T14:44:48","date_gmt":"2018-11-13T13:44:48","guid":{"rendered":"https:\/\/www.contivalves.com\/?page_id=124"},"modified":"2021-03-16T09:12:40","modified_gmt":"2021-03-16T08:12:40","slug":"settori","status":"publish","type":"page","link":"https:\/\/www.contivalves.com\/de\/anwendungen\/sektoren-der-anwendung\/","title":{"rendered":"[:en]Industries we serve[:it]Settori[:es]Sector de applicaci\u00f3n[:fr]Secteurs de application[:de]Sektoren der anwendung[:]"},"content":{"rendered":"\t\t<div data-elementor-type=\"wp-post\" data-elementor-id=\"124\" class=\"elementor elementor-124\" data-elementor-settings=\"[]\">\n\t\t\t\t\t\t<div class=\"elementor-inner\">\n\t\t\t\t\t\t\t<div class=\"elementor-section-wrap\">\n\t\t\t\t\t\t\t<section class=\"elementor-section elementor-top-section elementor-element elementor-element-797a55c elementor-section-boxed elementor-section-height-default elementor-section-height-default\" data-id=\"797a55c\" data-element_type=\"section\">\n\t\t\t\t\t\t<div class=\"elementor-container elementor-column-gap-default\">\n\t\t\t\t\t\t\t<div class=\"elementor-row\">\n\t\t\t\t\t<div class=\"elementor-column elementor-col-100 elementor-top-column elementor-element elementor-element-e7a250a\" data-id=\"e7a250a\" data-element_type=\"column\">\n\t\t\t<div class=\"elementor-column-wrap elementor-element-populated\">\n\t\t\t\t\t\t\t<div class=\"elementor-widget-wrap\">\n\t\t\t\t\t\t<section class=\"elementor-section elementor-inner-section elementor-element elementor-element-1032a3f elementor-section-boxed elementor-section-height-default elementor-section-height-default\" data-id=\"1032a3f\" data-element_type=\"section\">\n\t\t\t\t\t\t<div class=\"elementor-container elementor-column-gap-default\">\n\t\t\t\t\t\t\t<div class=\"elementor-row\">\n\t\t\t\t\t<div class=\"elementor-column elementor-col-50 elementor-inner-column elementor-element elementor-element-ddf69bc\" data-id=\"ddf69bc\" data-element_type=\"column\">\n\t\t\t<div class=\"elementor-column-wrap elementor-element-populated\">\n\t\t\t\t\t\t\t<div class=\"elementor-widget-wrap\">\n\t\t\t\t\t\t<div class=\"elementor-element elementor-element-cde77cd elementor-widget elementor-widget-heading\" data-id=\"cde77cd\" data-element_type=\"widget\" data-widget_type=\"heading.default\">\n\t\t\t\t<div class=\"elementor-widget-container\">\n\t\t\t<h2 class=\"elementor-heading-title elementor-size-default\">Conti Rubinetterie ist ein f\u00fchrender Hersteller von Ventilen und beliefert unterschiedliche Industriebranchen. In puncto Ventile, egal ob Standard- oder kundenspezifische Produkte, ist Conti dank seiner 100-j\u00e4hrigen Erfahrung, seines technischen Know-Hows und seiner Fertigkeiten bei der technischen Entwicklung sowie der vollst\u00e4ndigen Kontrolle des Produktionsprozesses auch zuk\u00fcnftig ein optimaler, bew\u00e4hrter Partner.<\/h2>\t\t<\/div>\n\t\t\t\t<\/div>\n\t\t\t\t\t\t<\/div>\n\t\t\t\t\t<\/div>\n\t\t<\/div>\n\t\t\t\t<div class=\"elementor-column elementor-col-50 elementor-inner-column elementor-element elementor-element-378f783\" data-id=\"378f783\" data-element_type=\"column\">\n\t\t\t<div class=\"elementor-column-wrap elementor-element-populated\">\n\t\t\t\t\t\t\t<div class=\"elementor-widget-wrap\">\n\t\t\t\t\t\t<div class=\"elementor-element elementor-element-58ed0f9 elementor-widget elementor-widget-text-editor\" data-id=\"58ed0f9\" data-element_type=\"widget\" data-widget_type=\"text-editor.default\">\n\t\t\t\t<div class=\"elementor-widget-container\">\n\t\t\t\t\t\t\t\t<div class=\"elementor-text-editor elementor-clearfix\">\n\t\t\t\t\tIm Lauf seiner langj\u00e4hrigen Firmengeschichte und Erfahrungen bei der Lieferung von Produkten f\u00fcr die Durchflussregelung f\u00fcr neue Bauvorhaben im Rahmen umfangreicher Rohrleitungsanwendungen etablierte Conti weltweit eine gro\u00dfe Produktbasis. Das Unternehmen zeichnet sich durch eine starke globale Marktpr\u00e4senz sowie umfangreiche Erfahrungen bei der technischen Entwicklung aus, was dadurch best\u00e4tigt wird, dass einige der wichtigsten Hersteller der Branche seine Produkte w\u00e4hlen, und bietet technisch vollst\u00e4ndig ausgereifte Ventill\u00f6sungen, die mit einer gro\u00dfen Bandbreite an Werkstoffen, Gestaltungen, Gr\u00f6\u00dfen und Druckklassen f\u00fcr folgende Einsatzbereiche hergestellt werden:\t\t\t\t\t<\/div>\n\t\t\t\t\t\t<\/div>\n\t\t\t\t<\/div>\n\t\t\t\t\t\t<\/div>\n\t\t\t\t\t<\/div>\n\t\t<\/div>\n\t\t\t\t\t\t\t\t<\/div>\n\t\t\t\t\t<\/div>\n\t\t<\/section>\n\t\t\t\t\t\t<\/div>\n\t\t\t\t\t<\/div>\n\t\t<\/div>\n\t\t\t\t\t\t\t\t<\/div>\n\t\t\t\t\t<\/div>\n\t\t<\/section>\n\t\t\t\t<section class=\"elementor-section elementor-top-section elementor-element elementor-element-5b74273 elementor-section-full_width elementor-section-height-default elementor-section-height-default\" data-id=\"5b74273\" data-element_type=\"section\" data-settings=\"{&quot;background_background&quot;:&quot;classic&quot;}\">\n\t\t\t\t\t\t<div class=\"elementor-container elementor-column-gap-default\">\n\t\t\t\t\t\t\t<div class=\"elementor-row\">\n\t\t\t\t\t<div class=\"elementor-column elementor-col-100 elementor-top-column elementor-element elementor-element-3053242\" data-id=\"3053242\" data-element_type=\"column\">\n\t\t\t<div class=\"elementor-column-wrap elementor-element-populated\">\n\t\t\t\t\t\t\t<div class=\"elementor-widget-wrap\">\n\t\t\t\t\t\t<section class=\"elementor-section elementor-inner-section elementor-element elementor-element-856f72a elementor-section-boxed elementor-section-height-default elementor-section-height-default\" data-id=\"856f72a\" data-element_type=\"section\">\n\t\t\t\t\t\t<div class=\"elementor-container elementor-column-gap-default\">\n\t\t\t\t\t\t\t<div class=\"elementor-row\">\n\t\t\t\t\t<div class=\"elementor-column elementor-col-25 elementor-inner-column elementor-element elementor-element-89db905\" data-id=\"89db905\" data-element_type=\"column\">\n\t\t\t<div class=\"elementor-column-wrap\">\n\t\t\t\t\t\t\t<div class=\"elementor-widget-wrap\">\n\t\t\t\t\t\t\t\t<\/div>\n\t\t\t\t\t<\/div>\n\t\t<\/div>\n\t\t\t\t<div class=\"elementor-column elementor-col-25 elementor-inner-column elementor-element elementor-element-ca4e5fa\" data-id=\"ca4e5fa\" data-element_type=\"column\">\n\t\t\t<div class=\"elementor-column-wrap\">\n\t\t\t\t\t\t\t<div class=\"elementor-widget-wrap\">\n\t\t\t\t\t\t\t\t<\/div>\n\t\t\t\t\t<\/div>\n\t\t<\/div>\n\t\t\t\t<div class=\"elementor-column elementor-col-25 elementor-inner-column elementor-element elementor-element-1f8551e\" data-id=\"1f8551e\" data-element_type=\"column\">\n\t\t\t<div class=\"elementor-column-wrap\">\n\t\t\t\t\t\t\t<div class=\"elementor-widget-wrap\">\n\t\t\t\t\t\t\t\t<\/div>\n\t\t\t\t\t<\/div>\n\t\t<\/div>\n\t\t\t\t<div class=\"elementor-column elementor-col-25 elementor-inner-column elementor-element elementor-element-cf4c912\" data-id=\"cf4c912\" data-element_type=\"column\">\n\t\t\t<div class=\"elementor-column-wrap\">\n\t\t\t\t\t\t\t<div class=\"elementor-widget-wrap\">\n\t\t\t\t\t\t\t\t<\/div>\n\t\t\t\t\t<\/div>\n\t\t<\/div>\n\t\t\t\t\t\t\t\t<\/div>\n\t\t\t\t\t<\/div>\n\t\t<\/section>\n\t\t\t\t<section class=\"elementor-section elementor-inner-section elementor-element elementor-element-f66a1d2 elementor-section-boxed elementor-section-height-default elementor-section-height-default\" data-id=\"f66a1d2\" data-element_type=\"section\">\n\t\t\t\t\t\t<div class=\"elementor-container elementor-column-gap-default\">\n\t\t\t\t\t\t\t<div class=\"elementor-row\">\n\t\t\t\t\t<div class=\"elementor-column elementor-col-25 elementor-inner-column elementor-element elementor-element-5717e82\" data-id=\"5717e82\" data-element_type=\"column\">\n\t\t\t<div class=\"elementor-column-wrap\">\n\t\t\t\t\t\t\t<div class=\"elementor-widget-wrap\">\n\t\t\t\t\t\t\t\t<\/div>\n\t\t\t\t\t<\/div>\n\t\t<\/div>\n\t\t\t\t<div class=\"elementor-column elementor-col-25 elementor-inner-column elementor-element elementor-element-c9ab066\" data-id=\"c9ab066\" data-element_type=\"column\">\n\t\t\t<div class=\"elementor-column-wrap\">\n\t\t\t\t\t\t\t<div class=\"elementor-widget-wrap\">\n\t\t\t\t\t\t\t\t<\/div>\n\t\t\t\t\t<\/div>\n\t\t<\/div>\n\t\t\t\t<div class=\"elementor-column elementor-col-25 elementor-inner-column elementor-element elementor-element-f414dba\" data-id=\"f414dba\" data-element_type=\"column\">\n\t\t\t<div class=\"elementor-column-wrap\">\n\t\t\t\t\t\t\t<div class=\"elementor-widget-wrap\">\n\t\t\t\t\t\t\t\t<\/div>\n\t\t\t\t\t<\/div>\n\t\t<\/div>\n\t\t\t\t<div class=\"elementor-column elementor-col-25 elementor-inner-column elementor-element elementor-element-622cda5\" data-id=\"622cda5\" data-element_type=\"column\">\n\t\t\t<div class=\"elementor-column-wrap\">\n\t\t\t\t\t\t\t<div class=\"elementor-widget-wrap\">\n\t\t\t\t\t\t\t\t<\/div>\n\t\t\t\t\t<\/div>\n\t\t<\/div>\n\t\t\t\t\t\t\t\t<\/div>\n\t\t\t\t\t<\/div>\n\t\t<\/section>\n\t\t\t\t<section class=\"elementor-section elementor-inner-section elementor-element elementor-element-28f3408 elementor-section-boxed elementor-section-height-default elementor-section-height-default\" data-id=\"28f3408\" data-element_type=\"section\">\n\t\t\t\t\t\t<div class=\"elementor-container elementor-column-gap-default\">\n\t\t\t\t\t\t\t<div class=\"elementor-row\">\n\t\t\t\t\t<div class=\"elementor-column elementor-col-25 elementor-inner-column elementor-element elementor-element-4820e05\" data-id=\"4820e05\" data-element_type=\"column\">\n\t\t\t<div class=\"elementor-column-wrap\">\n\t\t\t\t\t\t\t<div class=\"elementor-widget-wrap\">\n\t\t\t\t\t\t\t\t<\/div>\n\t\t\t\t\t<\/div>\n\t\t<\/div>\n\t\t\t\t<div class=\"elementor-column elementor-col-25 elementor-inner-column elementor-element elementor-element-cdf1676\" data-id=\"cdf1676\" data-element_type=\"column\">\n\t\t\t<div class=\"elementor-column-wrap\">\n\t\t\t\t\t\t\t<div class=\"elementor-widget-wrap\">\n\t\t\t\t\t\t\t\t<\/div>\n\t\t\t\t\t<\/div>\n\t\t<\/div>\n\t\t\t\t<div class=\"elementor-column elementor-col-25 elementor-inner-column elementor-element elementor-element-832097f\" data-id=\"832097f\" data-element_type=\"column\">\n\t\t\t<div class=\"elementor-column-wrap\">\n\t\t\t\t\t\t\t<div class=\"elementor-widget-wrap\">\n\t\t\t\t\t\t\t\t<\/div>\n\t\t\t\t\t<\/div>\n\t\t<\/div>\n\t\t\t\t<div class=\"elementor-column elementor-col-25 elementor-inner-column elementor-element elementor-element-1b0a14f\" data-id=\"1b0a14f\" data-element_type=\"column\">\n\t\t\t<div class=\"elementor-column-wrap\">\n\t\t\t\t\t\t\t<div class=\"elementor-widget-wrap\">\n\t\t\t\t\t\t\t\t<\/div>\n\t\t\t\t\t<\/div>\n\t\t<\/div>\n\t\t\t\t\t\t\t\t<\/div>\n\t\t\t\t\t<\/div>\n\t\t<\/section>\n\t\t\t\t\t\t<\/div>\n\t\t\t\t\t<\/div>\n\t\t<\/div>\n\t\t\t\t\t\t\t\t<\/div>\n\t\t\t\t\t<\/div>\n\t\t<\/section>\n\t\t\t\t\t\t<\/div>\n\t\t\t\t\t\t<\/div>\n\t\t\t\t\t<\/div>\n\t\t","protected":false},"excerpt":{"rendered":"<p>Conti Rubinetterie ist ein f\u00fchrender Hersteller von Ventilen und beliefert unterschiedliche Industriebranchen. In puncto Ventile, egal ob Standard- oder kundenspezifische Produkte, ist Conti dank seiner 100-j\u00e4hrigen Erfahrung, seines technischen Know-Hows und seiner Fertigkeiten bei der technischen Entwicklung sowie der vollst\u00e4ndigen Kontrolle des Produktionsprozesses auch zuk\u00fcnftig ein optimaler, bew\u00e4hrter Partner. Im Lauf seiner langj\u00e4hrigen Firmengeschichte und [&hellip;]<\/p>\n","protected":false},"author":1,"featured_media":0,"parent":1548,"menu_order":1,"comment_status":"closed","ping_status":"closed","template":"","meta":[],"yoast_head":"<!-- This site is optimized with the Yoast SEO plugin v16.3 - https:\/\/yoast.com\/wordpress\/plugins\/seo\/ -->\n<title>Sektoren der anwendung - Conti Rubinetterie<\/title>\n<meta name=\"robots\" content=\"index, follow, max-snippet:-1, max-image-preview:large, max-video-preview:-1\" \/>\n<link rel=\"canonical\" href=\"https:\/\/www.contivalves.com\/en\/applications\/industries-we-serve\/\" \/>\n<meta property=\"og:locale\" content=\"de_DE\" \/>\n<meta property=\"og:type\" content=\"article\" \/>\n<meta property=\"og:title\" content=\"Sektoren der anwendung - Conti Rubinetterie\" \/>\n<meta property=\"og:description\" content=\"Conti Rubinetterie ist ein f\u00fchrender Hersteller von Ventilen und beliefert unterschiedliche Industriebranchen. In puncto Ventile, egal ob Standard- oder kundenspezifische Produkte, ist Conti dank seiner 100-j\u00e4hrigen Erfahrung, seines technischen Know-Hows und seiner Fertigkeiten bei der technischen Entwicklung sowie der vollst\u00e4ndigen Kontrolle des Produktionsprozesses auch zuk\u00fcnftig ein optimaler, bew\u00e4hrter Partner. Im Lauf seiner langj\u00e4hrigen Firmengeschichte und [&hellip;]\" \/>\n<meta property=\"og:url\" content=\"https:\/\/www.contivalves.com\/en\/applications\/industries-we-serve\/\" \/>\n<meta property=\"og:site_name\" content=\"Conti Rubinetterie\" \/>\n<meta property=\"article:modified_time\" content=\"2021-03-16T08:12:40+00:00\" \/>\n<meta property=\"og:image\" content=\"https:\/\/www.contivalves.com\/wp-content\/uploads\/2018\/12\/conti-industria-chimica-petrolchimica.jpg\" \/>\n<meta name=\"twitter:card\" content=\"summary_large_image\" \/>\n<meta name=\"twitter:label1\" content=\"Gesch\u00e4tzte Lesezeit\">\n\t<meta name=\"twitter:data1\" content=\"5\u00a0Minuten\">\n<script type=\"application\/ld+json\" class=\"yoast-schema-graph\">{\"@context\":\"https:\/\/schema.org\",\"@graph\":[{\"@type\":\"Organization\",\"@id\":\"https:\/\/www.contivalves.com\/#organization\",\"name\":\"Conti Rubinetterie\",\"url\":\"https:\/\/www.contivalves.com\/\",\"sameAs\":[],\"logo\":{\"@type\":\"ImageObject\",\"@id\":\"https:\/\/www.contivalves.com\/#logo\",\"inLanguage\":\"de\",\"url\":\"https:\/\/www.contivalves.com\/wp-content\/uploads\/2018\/11\/conti-valves-rubinetterie-logo-sticky.png\",\"contentUrl\":\"https:\/\/www.contivalves.com\/wp-content\/uploads\/2018\/11\/conti-valves-rubinetterie-logo-sticky.png\",\"width\":199,\"height\":70,\"caption\":\"Conti Rubinetterie\"},\"image\":{\"@id\":\"https:\/\/www.contivalves.com\/#logo\"}},{\"@type\":\"WebSite\",\"@id\":\"https:\/\/www.contivalves.com\/#website\",\"url\":\"https:\/\/www.contivalves.com\/\",\"name\":\"Conti Rubinetterie\",\"description\":\"\",\"publisher\":{\"@id\":\"https:\/\/www.contivalves.com\/#organization\"},\"potentialAction\":[{\"@type\":\"SearchAction\",\"target\":\"https:\/\/www.contivalves.com\/?s={search_term_string}\",\"query-input\":\"required name=search_term_string\"}],\"inLanguage\":\"de\"},{\"@type\":\"ImageObject\",\"@id\":\"https:\/\/www.contivalves.com\/en\/applications\/industries-we-serve\/#primaryimage\",\"inLanguage\":\"de\",\"url\":\"https:\/\/www.contivalves.com\/wp-content\/uploads\/2018\/12\/conti-industria-chimica-petrolchimica.jpg\",\"contentUrl\":\"https:\/\/www.contivalves.com\/wp-content\/uploads\/2018\/12\/conti-industria-chimica-petrolchimica.jpg\",\"width\":339,\"height\":339},{\"@type\":\"WebPage\",\"@id\":\"https:\/\/www.contivalves.com\/en\/applications\/industries-we-serve\/#webpage\",\"url\":\"https:\/\/www.contivalves.com\/en\/applications\/industries-we-serve\/\",\"name\":\"Sektoren der anwendung - Conti Rubinetterie\",\"isPartOf\":{\"@id\":\"https:\/\/www.contivalves.com\/#website\"},\"primaryImageOfPage\":{\"@id\":\"https:\/\/www.contivalves.com\/en\/applications\/industries-we-serve\/#primaryimage\"},\"datePublished\":\"2018-11-13T13:44:48+00:00\",\"dateModified\":\"2021-03-16T08:12:40+00:00\",\"breadcrumb\":{\"@id\":\"https:\/\/www.contivalves.com\/en\/applications\/industries-we-serve\/#breadcrumb\"},\"inLanguage\":\"de\",\"potentialAction\":[{\"@type\":\"ReadAction\",\"target\":[\"https:\/\/www.contivalves.com\/en\/applications\/industries-we-serve\/\"]}]},{\"@type\":\"BreadcrumbList\",\"@id\":\"https:\/\/www.contivalves.com\/en\/applications\/industries-we-serve\/#breadcrumb\",\"itemListElement\":[{\"@type\":\"ListItem\",\"position\":1,\"item\":{\"@type\":\"WebPage\",\"@id\":\"https:\/\/www.contivalves.com\/fr\/\",\"url\":\"https:\/\/www.contivalves.com\/fr\/\",\"name\":\"Home\"}},{\"@type\":\"ListItem\",\"position\":2,\"item\":{\"@type\":\"WebPage\",\"@id\":\"https:\/\/www.contivalves.com\/fr\/applications\/\",\"url\":\"https:\/\/www.contivalves.com\/fr\/applications\/\",\"name\":\"[:en]Applications[:it]Applicazioni[:es]Mercados[:fr]Applications[:de]Anwendungen[:]\"}},{\"@type\":\"ListItem\",\"position\":3,\"item\":{\"@id\":\"https:\/\/www.contivalves.com\/en\/applications\/industries-we-serve\/#webpage\"}}]}]}<\/script>\n<!-- \/ Yoast SEO plugin. -->","_links":{"self":[{"href":"https:\/\/www.contivalves.com\/de\/wp-json\/wp\/v2\/pages\/124"}],"collection":[{"href":"https:\/\/www.contivalves.com\/de\/wp-json\/wp\/v2\/pages"}],"about":[{"href":"https:\/\/www.contivalves.com\/de\/wp-json\/wp\/v2\/types\/page"}],"author":[{"embeddable":true,"href":"https:\/\/www.contivalves.com\/de\/wp-json\/wp\/v2\/users\/1"}],"replies":[{"embeddable":true,"href":"https:\/\/www.contivalves.com\/de\/wp-json\/wp\/v2\/comments?post=124"}],"version-history":[{"count":43,"href":"https:\/\/www.contivalves.com\/de\/wp-json\/wp\/v2\/pages\/124\/revisions"}],"predecessor-version":[{"id":2293,"href":"https:\/\/www.contivalves.com\/de\/wp-json\/wp\/v2\/pages\/124\/revisions\/2293"}],"up":[{"embeddable":true,"href":"https:\/\/www.contivalves.com\/de\/wp-json\/wp\/v2\/pages\/1548"}],"wp:attachment":[{"href":"https:\/\/www.contivalves.com\/de\/wp-json\/wp\/v2\/media?parent=124"}],"curies":[{"name":"wp","href":"https:\/\/api.w.org\/{rel}","templated":true}]}}