{"id":1703,"date":"2018-12-11T12:21:52","date_gmt":"2018-12-11T11:21:52","guid":{"rendered":"https:\/\/www.contivalves.com\/?page_id=1703"},"modified":"2019-02-05T14:47:52","modified_gmt":"2019-02-05T13:47:52","slug":"serie-bronzo-alluminio","status":"publish","type":"page","link":"https:\/\/www.contivalves.com\/de\/anwendungen\/aluminium-bronze-ventile\/","title":{"rendered":"[:en]Bronze Aluminium Valves[:it]Serie bronzo \/ alluminio[:es]Bronce\/aluminio[:fr]S\u00e9rie bronze\/aluminium[:de]Aluminium\/Bronze Ventile[:]"},"content":{"rendered":"\t\t<div data-elementor-type=\"wp-post\" data-elementor-id=\"1703\" class=\"elementor elementor-1703 elementor-bc-flex-widget\" data-elementor-settings=\"[]\">\n\t\t\t\t\t\t<div class=\"elementor-inner\">\n\t\t\t\t\t\t\t<div class=\"elementor-section-wrap\">\n\t\t\t\t\t\t\t<section class=\"elementor-section elementor-top-section elementor-element elementor-element-a2b627e elementor-section-boxed elementor-section-height-default elementor-section-height-default\" data-id=\"a2b627e\" data-element_type=\"section\">\n\t\t\t\t\t\t<div class=\"elementor-container elementor-column-gap-default\">\n\t\t\t\t\t\t\t<div class=\"elementor-row\">\n\t\t\t\t\t<div class=\"elementor-column elementor-col-100 elementor-top-column elementor-element elementor-element-496cb33\" data-id=\"496cb33\" data-element_type=\"column\">\n\t\t\t<div class=\"elementor-column-wrap elementor-element-populated\">\n\t\t\t\t\t\t\t<div class=\"elementor-widget-wrap\">\n\t\t\t\t\t\t<section class=\"elementor-section elementor-inner-section elementor-element elementor-element-367b0e9 elementor-section-boxed elementor-section-height-default elementor-section-height-default\" data-id=\"367b0e9\" data-element_type=\"section\">\n\t\t\t\t\t\t<div class=\"elementor-container elementor-column-gap-default\">\n\t\t\t\t\t\t\t<div class=\"elementor-row\">\n\t\t\t\t\t<div class=\"elementor-column elementor-col-50 elementor-inner-column elementor-element elementor-element-0d3450a\" data-id=\"0d3450a\" data-element_type=\"column\">\n\t\t\t<div class=\"elementor-column-wrap elementor-element-populated\">\n\t\t\t\t\t\t\t<div class=\"elementor-widget-wrap\">\n\t\t\t\t\t\t<div class=\"elementor-element elementor-element-ead4d1b elementor-widget elementor-widget-heading\" data-id=\"ead4d1b\" data-element_type=\"widget\" data-widget_type=\"heading.default\">\n\t\t\t\t<div class=\"elementor-widget-container\">\n\t\t\t<h2 class=\"elementor-heading-title elementor-size-default\">Dank der 90-j\u00e4hrigen Erfahrung bei der Herstellung hochwertiger Ventile, des technologischen Know-hows und einer betriebsinternen Bronzegie\u00dferei gelang es Conti, eine eigene Aluminiumbronze-Produktlinie zu konzipieren, zu entwickeln und herzustellen. Ventile aus Aluminiumbronze sind in verschiedenen Druckklassen, Gr\u00f6\u00dfen und Ausf\u00fchrungen erh\u00e4ltlich. <\/h2>\t\t<\/div>\n\t\t\t\t<\/div>\n\t\t\t\t\t\t<\/div>\n\t\t\t\t\t<\/div>\n\t\t<\/div>\n\t\t\t\t<div class=\"elementor-column elementor-col-50 elementor-inner-column elementor-element elementor-element-6f4360c\" data-id=\"6f4360c\" data-element_type=\"column\">\n\t\t\t<div class=\"elementor-column-wrap elementor-element-populated\">\n\t\t\t\t\t\t\t<div class=\"elementor-widget-wrap\">\n\t\t\t\t\t\t<div class=\"elementor-element elementor-element-a42951a elementor-widget elementor-widget-text-editor\" data-id=\"a42951a\" data-element_type=\"widget\" data-widget_type=\"text-editor.default\">\n\t\t\t\t<div class=\"elementor-widget-container\">\n\t\t\t\t\t\t\t\t<div class=\"elementor-text-editor elementor-clearfix\">\n\t\t\t\t\t<p>Die Korrosionsrate ist die wichtigste Variable beim Versuch, die Lebensdauer eines Ventils und die Eignung eines Metalls einzusch\u00e4tzen. Aluminiumbronze ist eine Bronzeart, bei der im Gegensatz zu Standardbronze (Kupfer und Zinn) oder Messing (Kupfer und Zink) Aluminium das wichtigste Legierungsmetall ist, das dem Kupfer hinzugef\u00fcgt wird. Aluminiumbronze besitzt die h\u00f6chste Festigkeit aller Standardkupferlegierungen und kommt zum Einsatz, wenn h\u00f6here mechanische Eigenschaften gefordert werden. Ventile aus dieser speziellen Legierung werden im Vergleich zu anderen Bronzelegierungen aufgrund ihrer au\u00dfergew\u00f6hnlichen Korrosionsbest\u00e4ndigkeit, Z\u00e4higkeit und Festigkeit am meisten gesch\u00e4tzt. Sie sind seewasserbest\u00e4ndig und eignen sich besonders gut f\u00fcr Anwendungen, bei denen die Gefahr in Bezug auf Lochfra\u00df, Korrosion, Spannungs- und Schwingungsrisskorrosion besteht. Aluminiumbronze ist die erste Werkstoffwahl zur Ventilherstellung, was nicht nur auf deren Festigkeit und Korrosionsbest\u00e4ndigkeit zur\u00fcckzuf\u00fchren ist, sondern auch weil sie sich gut gie\u00dfen und schwei\u00dfen l\u00e4sst und zudem als Innenwerkstoff eingesetzt werden kann.<\/p><p><strong>&#8211; SCHIEBERVENTILE<br \/>&#8211; HUBVENTILE<br \/>&#8211; R\u00dcCKSCHLAGVENTILE<br \/>&#8211; KUGELH\u00c4HNE<\/strong><\/p>\t\t\t\t\t<\/div>\n\t\t\t\t\t\t<\/div>\n\t\t\t\t<\/div>\n\t\t\t\t\t\t<\/div>\n\t\t\t\t\t<\/div>\n\t\t<\/div>\n\t\t\t\t\t\t\t\t<\/div>\n\t\t\t\t\t<\/div>\n\t\t<\/section>\n\t\t\t\t\t\t<\/div>\n\t\t\t\t\t<\/div>\n\t\t<\/div>\n\t\t\t\t\t\t\t\t<\/div>\n\t\t\t\t\t<\/div>\n\t\t<\/section>\n\t\t\t\t\t\t<\/div>\n\t\t\t\t\t\t<\/div>\n\t\t\t\t\t<\/div>\n\t\t","protected":false},"excerpt":{"rendered":"<p>Dank der 90-j\u00e4hrigen Erfahrung bei der Herstellung hochwertiger Ventile, des technologischen Know-hows und einer betriebsinternen Bronzegie\u00dferei gelang es Conti, eine eigene Aluminiumbronze-Produktlinie zu konzipieren, zu entwickeln und herzustellen. Ventile aus Aluminiumbronze sind in verschiedenen Druckklassen, Gr\u00f6\u00dfen und Ausf\u00fchrungen erh\u00e4ltlich. Die Korrosionsrate ist die wichtigste Variable beim Versuch, die Lebensdauer eines Ventils und die Eignung eines [&hellip;]<\/p>\n","protected":false},"author":1,"featured_media":0,"parent":1548,"menu_order":3,"comment_status":"closed","ping_status":"closed","template":"","meta":[],"yoast_head":"<!-- This site is optimized with the Yoast SEO plugin v16.3 - https:\/\/yoast.com\/wordpress\/plugins\/seo\/ -->\n<title>Aluminium\/Bronze Ventile - Conti Rubinetterie<\/title>\n<meta name=\"robots\" content=\"index, follow, max-snippet:-1, max-image-preview:large, max-video-preview:-1\" \/>\n<link rel=\"canonical\" href=\"https:\/\/www.contivalves.com\/en\/applications\/bronze-aluminium-valves\/\" \/>\n<meta property=\"og:locale\" content=\"de_DE\" \/>\n<meta property=\"og:type\" content=\"article\" \/>\n<meta property=\"og:title\" content=\"Aluminium\/Bronze Ventile - Conti Rubinetterie\" \/>\n<meta property=\"og:description\" content=\"Dank der 90-j\u00e4hrigen Erfahrung bei der Herstellung hochwertiger Ventile, des technologischen Know-hows und einer betriebsinternen Bronzegie\u00dferei gelang es Conti, eine eigene Aluminiumbronze-Produktlinie zu konzipieren, zu entwickeln und herzustellen. Ventile aus Aluminiumbronze sind in verschiedenen Druckklassen, Gr\u00f6\u00dfen und Ausf\u00fchrungen erh\u00e4ltlich. Die Korrosionsrate ist die wichtigste Variable beim Versuch, die Lebensdauer eines Ventils und die Eignung eines [&hellip;]\" \/>\n<meta property=\"og:url\" content=\"https:\/\/www.contivalves.com\/en\/applications\/bronze-aluminium-valves\/\" \/>\n<meta property=\"og:site_name\" content=\"Conti Rubinetterie\" \/>\n<meta property=\"article:modified_time\" content=\"2019-02-05T13:47:52+00:00\" \/>\n<meta name=\"twitter:card\" content=\"summary_large_image\" \/>\n<meta name=\"twitter:label1\" content=\"Gesch\u00e4tzte Lesezeit\">\n\t<meta name=\"twitter:data1\" content=\"6\u00a0Minuten\">\n<script type=\"application\/ld+json\" class=\"yoast-schema-graph\">{\"@context\":\"https:\/\/schema.org\",\"@graph\":[{\"@type\":\"Organization\",\"@id\":\"https:\/\/www.contivalves.com\/#organization\",\"name\":\"Conti Rubinetterie\",\"url\":\"https:\/\/www.contivalves.com\/\",\"sameAs\":[],\"logo\":{\"@type\":\"ImageObject\",\"@id\":\"https:\/\/www.contivalves.com\/#logo\",\"inLanguage\":\"de\",\"url\":\"https:\/\/www.contivalves.com\/wp-content\/uploads\/2018\/11\/conti-valves-rubinetterie-logo-sticky.png\",\"contentUrl\":\"https:\/\/www.contivalves.com\/wp-content\/uploads\/2018\/11\/conti-valves-rubinetterie-logo-sticky.png\",\"width\":199,\"height\":70,\"caption\":\"Conti Rubinetterie\"},\"image\":{\"@id\":\"https:\/\/www.contivalves.com\/#logo\"}},{\"@type\":\"WebSite\",\"@id\":\"https:\/\/www.contivalves.com\/#website\",\"url\":\"https:\/\/www.contivalves.com\/\",\"name\":\"Conti Rubinetterie\",\"description\":\"\",\"publisher\":{\"@id\":\"https:\/\/www.contivalves.com\/#organization\"},\"potentialAction\":[{\"@type\":\"SearchAction\",\"target\":\"https:\/\/www.contivalves.com\/?s={search_term_string}\",\"query-input\":\"required name=search_term_string\"}],\"inLanguage\":\"de\"},{\"@type\":\"WebPage\",\"@id\":\"https:\/\/www.contivalves.com\/en\/applications\/bronze-aluminium-valves\/#webpage\",\"url\":\"https:\/\/www.contivalves.com\/en\/applications\/bronze-aluminium-valves\/\",\"name\":\"Aluminium\/Bronze Ventile - Conti Rubinetterie\",\"isPartOf\":{\"@id\":\"https:\/\/www.contivalves.com\/#website\"},\"datePublished\":\"2018-12-11T11:21:52+00:00\",\"dateModified\":\"2019-02-05T13:47:52+00:00\",\"breadcrumb\":{\"@id\":\"https:\/\/www.contivalves.com\/en\/applications\/bronze-aluminium-valves\/#breadcrumb\"},\"inLanguage\":\"de\",\"potentialAction\":[{\"@type\":\"ReadAction\",\"target\":[\"https:\/\/www.contivalves.com\/en\/applications\/bronze-aluminium-valves\/\"]}]},{\"@type\":\"BreadcrumbList\",\"@id\":\"https:\/\/www.contivalves.com\/en\/applications\/bronze-aluminium-valves\/#breadcrumb\",\"itemListElement\":[{\"@type\":\"ListItem\",\"position\":1,\"item\":{\"@type\":\"WebPage\",\"@id\":\"https:\/\/www.contivalves.com\/fr\/\",\"url\":\"https:\/\/www.contivalves.com\/fr\/\",\"name\":\"Home\"}},{\"@type\":\"ListItem\",\"position\":2,\"item\":{\"@type\":\"WebPage\",\"@id\":\"https:\/\/www.contivalves.com\/fr\/applications\/\",\"url\":\"https:\/\/www.contivalves.com\/fr\/applications\/\",\"name\":\"[:en]Applications[:it]Applicazioni[:es]Mercados[:fr]Applications[:de]Anwendungen[:]\"}},{\"@type\":\"ListItem\",\"position\":3,\"item\":{\"@id\":\"https:\/\/www.contivalves.com\/en\/applications\/bronze-aluminium-valves\/#webpage\"}}]}]}<\/script>\n<!-- \/ Yoast SEO plugin. -->","_links":{"self":[{"href":"https:\/\/www.contivalves.com\/de\/wp-json\/wp\/v2\/pages\/1703"}],"collection":[{"href":"https:\/\/www.contivalves.com\/de\/wp-json\/wp\/v2\/pages"}],"about":[{"href":"https:\/\/www.contivalves.com\/de\/wp-json\/wp\/v2\/types\/page"}],"author":[{"embeddable":true,"href":"https:\/\/www.contivalves.com\/de\/wp-json\/wp\/v2\/users\/1"}],"replies":[{"embeddable":true,"href":"https:\/\/www.contivalves.com\/de\/wp-json\/wp\/v2\/comments?post=1703"}],"version-history":[{"count":21,"href":"https:\/\/www.contivalves.com\/de\/wp-json\/wp\/v2\/pages\/1703\/revisions"}],"predecessor-version":[{"id":2126,"href":"https:\/\/www.contivalves.com\/de\/wp-json\/wp\/v2\/pages\/1703\/revisions\/2126"}],"up":[{"embeddable":true,"href":"https:\/\/www.contivalves.com\/de\/wp-json\/wp\/v2\/pages\/1548"}],"wp:attachment":[{"href":"https:\/\/www.contivalves.com\/de\/wp-json\/wp\/v2\/media?parent=1703"}],"curies":[{"name":"wp","href":"https:\/\/api.w.org\/{rel}","templated":true}]}}