{"id":435,"date":"2018-11-15T14:57:54","date_gmt":"2018-11-15T13:57:54","guid":{"rendered":"https:\/\/www.contivalves.com\/?page_id=435"},"modified":"2021-03-16T09:15:39","modified_gmt":"2021-03-16T08:15:39","slug":"soluzioni-personalizzate","status":"publish","type":"page","link":"https:\/\/www.contivalves.com\/de\/anwendungen\/personifizierte-losungen\/","title":{"rendered":"[:en]Custom engineered solutions[:it]Soluzioni personalizzate[:es]Soluciones de v\u00e1lvulas de ingenier\u00eda[:fr]Solutions de soupapes sp\u00e9cialis\u00e9s[:de]Personifizierte L\u00f6sungen[:]"},"content":{"rendered":"\t\t<div data-elementor-type=\"wp-post\" data-elementor-id=\"435\" class=\"elementor elementor-435\" data-elementor-settings=\"[]\">\n\t\t\t\t\t\t<div class=\"elementor-inner\">\n\t\t\t\t\t\t\t<div class=\"elementor-section-wrap\">\n\t\t\t\t\t\t\t<section class=\"elementor-section elementor-top-section elementor-element elementor-element-2fa2518 elementor-section-boxed elementor-section-height-default elementor-section-height-default\" data-id=\"2fa2518\" data-element_type=\"section\">\n\t\t\t\t\t\t<div class=\"elementor-container elementor-column-gap-default\">\n\t\t\t\t\t\t\t<div class=\"elementor-row\">\n\t\t\t\t\t<div class=\"elementor-column elementor-col-100 elementor-top-column elementor-element elementor-element-5b21c73\" data-id=\"5b21c73\" data-element_type=\"column\">\n\t\t\t<div class=\"elementor-column-wrap elementor-element-populated\">\n\t\t\t\t\t\t\t<div class=\"elementor-widget-wrap\">\n\t\t\t\t\t\t<section class=\"elementor-section elementor-inner-section elementor-element elementor-element-e0bdad5 elementor-section-boxed elementor-section-height-default elementor-section-height-default\" data-id=\"e0bdad5\" data-element_type=\"section\">\n\t\t\t\t\t\t<div class=\"elementor-container elementor-column-gap-default\">\n\t\t\t\t\t\t\t<div class=\"elementor-row\">\n\t\t\t\t\t<div class=\"elementor-column elementor-col-50 elementor-inner-column elementor-element elementor-element-47990b6\" data-id=\"47990b6\" data-element_type=\"column\">\n\t\t\t<div class=\"elementor-column-wrap elementor-element-populated\">\n\t\t\t\t\t\t\t<div class=\"elementor-widget-wrap\">\n\t\t\t\t\t\t<div class=\"elementor-element elementor-element-15e651e elementor-widget elementor-widget-heading\" data-id=\"15e651e\" data-element_type=\"widget\" data-widget_type=\"heading.default\">\n\t\t\t\t<div class=\"elementor-widget-container\">\n\t\t\t<h2 class=\"elementor-heading-title elementor-size-default\">Vor fast hundert Jahren begannen wir mit einem pr\u00e4zisen Ziel vor Augen: die Bed\u00fcrfnisse unserer Kunden zu erf\u00fcllen und hochwertige Produkte zu liefern. Dank der Entwicklung und Bereitstellung von L\u00f6sungen f\u00fcr die verschiedenen M\u00e4rkte, die wir bedienen, wurden die Conti-Produkte in \u00fcber 100 Jahren zu einem Synonym f\u00fcr Innovation, Qualit\u00e4t und Leistung. Unsere Kunden und Fachingenieure aus der ganzen Welt belohnten unser Engagement mit nachhaltiger Treue, indem sie sich immer wieder f\u00fcr Produkte und L\u00f6sungen entscheiden, die sie kennen und auf die sie sich verlassen k\u00f6nnen.<\/h2>\t\t<\/div>\n\t\t\t\t<\/div>\n\t\t\t\t\t\t<\/div>\n\t\t\t\t\t<\/div>\n\t\t<\/div>\n\t\t\t\t<div class=\"elementor-column elementor-col-50 elementor-inner-column elementor-element elementor-element-8668b83\" data-id=\"8668b83\" data-element_type=\"column\">\n\t\t\t<div class=\"elementor-column-wrap elementor-element-populated\">\n\t\t\t\t\t\t\t<div class=\"elementor-widget-wrap\">\n\t\t\t\t\t\t<div class=\"elementor-element elementor-element-8a2cfa6 elementor-widget elementor-widget-text-editor\" data-id=\"8a2cfa6\" data-element_type=\"widget\" data-widget_type=\"text-editor.default\">\n\t\t\t\t<div class=\"elementor-widget-container\">\n\t\t\t\t\t\t\t\t<div class=\"elementor-text-editor elementor-clearfix\">\n\t\t\t\t\t2006 riefen wir das Gesch\u00e4ftsfeld MASSGESCHNEIDERTE L\u00d6SUNGEN ins Leben, sodass Ihre Spezialprodukte nun vom selben Forschungs- und Entwicklungsniveau wie unsere eigenen Produkte profitieren. Gepaart mit einem Fertigungsprozess auf Spitzenniveau bietet dies eine unschlagbare Kombination bei der Realisierung Ihrer individuellen Produktbed\u00fcrfnisse.\n\nUnsere Ventile werden individuell entwickelt, um Ihren strengen Vorgaben gerecht zu werden. Damit Sie genau das Produkt erhalten, das Sie ben\u00f6tigen, bieten wir umfangreiche Auswahlm\u00f6glichkeiten \u2013 von einzigartigen Ventillegierungen bis zum passgenauen Zubeh\u00f6r. M\u00f6glich sind Tausende verschiedener Kombinationen, um eine einzigartige L\u00f6sung zu finden.\n\nIhre ma\u00dfgeschneiderte L\u00f6sung basiert auf unserem Produktportfolio. Werfen Sie einen Blick auf unser Angebot und nennen Sie uns Ihre Spezifikationen, damit wir Ihnen genau den Ventiltyp und die Ausf\u00fchrung, die Ihren Anforderungen gerecht werden, bieten k\u00f6nnen.\n\nJedes Ventil kann mit den meisten Flanschtypen und -gr\u00f6\u00dfen, Schwei\u00dfverbindungen, Gewindeverschraubungen nach der NPT-Norm oder Rohrfittings hergestellt werden. Nachstehend sind die wichtigsten Individualisierungsm\u00f6glichkeiten aufgef\u00fchrt, auf die Sie bei der Erstellung Ihrer ma\u00dfgeschneiderten Ventill\u00f6sungen zur\u00fcckgreifen k\u00f6nnen, die Ihren Bed\u00fcrfnissen und Spezifikationen optimal gerecht werden:\t\t\t\t\t<\/div>\n\t\t\t\t\t\t<\/div>\n\t\t\t\t<\/div>\n\t\t\t\t<div class=\"elementor-element elementor-element-94e171a elementor-widget elementor-widget-text-editor\" data-id=\"94e171a\" data-element_type=\"widget\" data-widget_type=\"text-editor.default\">\n\t\t\t\t<div class=\"elementor-widget-container\">\n\t\t\t\t\t\t\t\t<div class=\"elementor-text-editor elementor-clearfix\">\n\t\t\t\t\t<p><\/p><ul><li><span style=\"font-weight: 600;\">VENTILLEGIERUNGEN<\/span><\/li><li><span style=\"font-weight: 600;\">ANSCHL\u00dcSSE<\/span><\/li><li><span style=\"font-weight: 600;\">VENTILAUFS\u00c4TZE<\/span><\/li><li><span style=\"font-weight: 600;\">L\u00d6SUNGEN F\u00dcR DIE INNENFR\u00c4SUNG UND WERKSTOFFE<\/span><\/li><li><span style=\"font-weight: 600;\">DICHTUNGEN<\/span><\/li><li><span style=\"font-weight: 600;\">BETRIEBSTEMPERATUR UND DRUCKPARAMETER<\/span><\/li><li><span style=\"font-weight: 600;\">PASSGENAUES ZUBEH\u00d6R<\/span><\/li><\/ul><p><\/p>\t\t\t\t\t<\/div>\n\t\t\t\t\t\t<\/div>\n\t\t\t\t<\/div>\n\t\t\t\t\t\t<\/div>\n\t\t\t\t\t<\/div>\n\t\t<\/div>\n\t\t\t\t\t\t\t\t<\/div>\n\t\t\t\t\t<\/div>\n\t\t<\/section>\n\t\t\t\t\t\t<\/div>\n\t\t\t\t\t<\/div>\n\t\t<\/div>\n\t\t\t\t\t\t\t\t<\/div>\n\t\t\t\t\t<\/div>\n\t\t<\/section>\n\t\t\t\t<section class=\"elementor-section elementor-top-section elementor-element elementor-element-0681818 elementor-section-boxed elementor-section-height-default elementor-section-height-default\" data-id=\"0681818\" data-element_type=\"section\">\n\t\t\t\t\t\t<div class=\"elementor-container elementor-column-gap-default\">\n\t\t\t\t\t\t\t<div class=\"elementor-row\">\n\t\t\t\t\t<div class=\"elementor-column elementor-col-100 elementor-top-column elementor-element elementor-element-8222097\" data-id=\"8222097\" data-element_type=\"column\">\n\t\t\t<div class=\"elementor-column-wrap\">\n\t\t\t\t\t\t\t<div class=\"elementor-widget-wrap\">\n\t\t\t\t\t\t\t\t<\/div>\n\t\t\t\t\t<\/div>\n\t\t<\/div>\n\t\t\t\t\t\t\t\t<\/div>\n\t\t\t\t\t<\/div>\n\t\t<\/section>\n\t\t\t\t\t\t<\/div>\n\t\t\t\t\t\t<\/div>\n\t\t\t\t\t<\/div>\n\t\t","protected":false},"excerpt":{"rendered":"<p>Vor fast hundert Jahren begannen wir mit einem pr\u00e4zisen Ziel vor Augen: die Bed\u00fcrfnisse unserer Kunden zu erf\u00fcllen und hochwertige Produkte zu liefern. Dank der Entwicklung und Bereitstellung von L\u00f6sungen f\u00fcr die verschiedenen M\u00e4rkte, die wir bedienen, wurden die Conti-Produkte in \u00fcber 100 Jahren zu einem Synonym f\u00fcr Innovation, Qualit\u00e4t und Leistung. Unsere Kunden und [&hellip;]<\/p>\n","protected":false},"author":1,"featured_media":0,"parent":1548,"menu_order":2,"comment_status":"closed","ping_status":"closed","template":"","meta":[],"yoast_head":"<!-- This site is optimized with the Yoast SEO plugin v16.3 - https:\/\/yoast.com\/wordpress\/plugins\/seo\/ -->\n<title>Personifizierte L\u00f6sungen - Conti Rubinetterie<\/title>\n<meta name=\"robots\" content=\"index, follow, max-snippet:-1, max-image-preview:large, max-video-preview:-1\" \/>\n<link rel=\"canonical\" href=\"https:\/\/www.contivalves.com\/applicazioni\/soluzioni-personalizzate\/\" \/>\n<meta property=\"og:locale\" content=\"de_DE\" \/>\n<meta property=\"og:type\" content=\"article\" \/>\n<meta property=\"og:title\" content=\"Personifizierte L\u00f6sungen - Conti Rubinetterie\" \/>\n<meta property=\"og:description\" content=\"Vor fast hundert Jahren begannen wir mit einem pr\u00e4zisen Ziel vor Augen: die Bed\u00fcrfnisse unserer Kunden zu erf\u00fcllen und hochwertige Produkte zu liefern. Dank der Entwicklung und Bereitstellung von L\u00f6sungen f\u00fcr die verschiedenen M\u00e4rkte, die wir bedienen, wurden die Conti-Produkte in \u00fcber 100 Jahren zu einem Synonym f\u00fcr Innovation, Qualit\u00e4t und Leistung. Unsere Kunden und [&hellip;]\" \/>\n<meta property=\"og:url\" content=\"https:\/\/www.contivalves.com\/applicazioni\/soluzioni-personalizzate\/\" \/>\n<meta property=\"og:site_name\" content=\"Conti Rubinetterie\" \/>\n<meta property=\"article:modified_time\" content=\"2021-03-16T08:15:39+00:00\" \/>\n<meta property=\"og:image\" content=\"https:\/\/www.contivalves.com\/wp-content\/uploads\/2018\/11\/conti-soluzioni-personalizzate-2-300x240.jpg\" \/>\n<meta name=\"twitter:card\" content=\"summary_large_image\" \/>\n<meta name=\"twitter:label1\" content=\"Gesch\u00e4tzte Lesezeit\">\n\t<meta name=\"twitter:data1\" content=\"7\u00a0Minuten\">\n<script type=\"application\/ld+json\" class=\"yoast-schema-graph\">{\"@context\":\"https:\/\/schema.org\",\"@graph\":[{\"@type\":\"Organization\",\"@id\":\"https:\/\/www.contivalves.com\/#organization\",\"name\":\"Conti Rubinetterie\",\"url\":\"https:\/\/www.contivalves.com\/\",\"sameAs\":[],\"logo\":{\"@type\":\"ImageObject\",\"@id\":\"https:\/\/www.contivalves.com\/#logo\",\"inLanguage\":\"de\",\"url\":\"https:\/\/www.contivalves.com\/wp-content\/uploads\/2018\/11\/conti-valves-rubinetterie-logo-sticky.png\",\"contentUrl\":\"https:\/\/www.contivalves.com\/wp-content\/uploads\/2018\/11\/conti-valves-rubinetterie-logo-sticky.png\",\"width\":199,\"height\":70,\"caption\":\"Conti Rubinetterie\"},\"image\":{\"@id\":\"https:\/\/www.contivalves.com\/#logo\"}},{\"@type\":\"WebSite\",\"@id\":\"https:\/\/www.contivalves.com\/#website\",\"url\":\"https:\/\/www.contivalves.com\/\",\"name\":\"Conti Rubinetterie\",\"description\":\"\",\"publisher\":{\"@id\":\"https:\/\/www.contivalves.com\/#organization\"},\"potentialAction\":[{\"@type\":\"SearchAction\",\"target\":\"https:\/\/www.contivalves.com\/?s={search_term_string}\",\"query-input\":\"required name=search_term_string\"}],\"inLanguage\":\"de\"},{\"@type\":\"ImageObject\",\"@id\":\"https:\/\/www.contivalves.com\/applicazioni\/soluzioni-personalizzate\/#primaryimage\",\"inLanguage\":\"de\",\"url\":\"https:\/\/www.contivalves.com\/wp-content\/uploads\/2018\/11\/conti-soluzioni-personalizzate-2.jpg\",\"contentUrl\":\"https:\/\/www.contivalves.com\/wp-content\/uploads\/2018\/11\/conti-soluzioni-personalizzate-2.jpg\",\"width\":1181,\"height\":945},{\"@type\":\"WebPage\",\"@id\":\"https:\/\/www.contivalves.com\/applicazioni\/soluzioni-personalizzate\/#webpage\",\"url\":\"https:\/\/www.contivalves.com\/applicazioni\/soluzioni-personalizzate\/\",\"name\":\"Personifizierte L\\u00f6sungen - Conti Rubinetterie\",\"isPartOf\":{\"@id\":\"https:\/\/www.contivalves.com\/#website\"},\"primaryImageOfPage\":{\"@id\":\"https:\/\/www.contivalves.com\/applicazioni\/soluzioni-personalizzate\/#primaryimage\"},\"datePublished\":\"2018-11-15T13:57:54+00:00\",\"dateModified\":\"2021-03-16T08:15:39+00:00\",\"breadcrumb\":{\"@id\":\"https:\/\/www.contivalves.com\/applicazioni\/soluzioni-personalizzate\/#breadcrumb\"},\"inLanguage\":\"de\",\"potentialAction\":[{\"@type\":\"ReadAction\",\"target\":[\"https:\/\/www.contivalves.com\/applicazioni\/soluzioni-personalizzate\/\"]}]},{\"@type\":\"BreadcrumbList\",\"@id\":\"https:\/\/www.contivalves.com\/applicazioni\/soluzioni-personalizzate\/#breadcrumb\",\"itemListElement\":[{\"@type\":\"ListItem\",\"position\":1,\"item\":{\"@type\":\"WebPage\",\"@id\":\"https:\/\/www.contivalves.com\/fr\/\",\"url\":\"https:\/\/www.contivalves.com\/fr\/\",\"name\":\"Home\"}},{\"@type\":\"ListItem\",\"position\":2,\"item\":{\"@type\":\"WebPage\",\"@id\":\"https:\/\/www.contivalves.com\/fr\/applications\/\",\"url\":\"https:\/\/www.contivalves.com\/fr\/applications\/\",\"name\":\"[:en]Applications[:it]Applicazioni[:es]Mercados[:fr]Applications[:de]Anwendungen[:]\"}},{\"@type\":\"ListItem\",\"position\":3,\"item\":{\"@id\":\"https:\/\/www.contivalves.com\/applicazioni\/soluzioni-personalizzate\/#webpage\"}}]}]}<\/script>\n<!-- \/ Yoast SEO plugin. -->","_links":{"self":[{"href":"https:\/\/www.contivalves.com\/de\/wp-json\/wp\/v2\/pages\/435"}],"collection":[{"href":"https:\/\/www.contivalves.com\/de\/wp-json\/wp\/v2\/pages"}],"about":[{"href":"https:\/\/www.contivalves.com\/de\/wp-json\/wp\/v2\/types\/page"}],"author":[{"embeddable":true,"href":"https:\/\/www.contivalves.com\/de\/wp-json\/wp\/v2\/users\/1"}],"replies":[{"embeddable":true,"href":"https:\/\/www.contivalves.com\/de\/wp-json\/wp\/v2\/comments?post=435"}],"version-history":[{"count":13,"href":"https:\/\/www.contivalves.com\/de\/wp-json\/wp\/v2\/pages\/435\/revisions"}],"predecessor-version":[{"id":2295,"href":"https:\/\/www.contivalves.com\/de\/wp-json\/wp\/v2\/pages\/435\/revisions\/2295"}],"up":[{"embeddable":true,"href":"https:\/\/www.contivalves.com\/de\/wp-json\/wp\/v2\/pages\/1548"}],"wp:attachment":[{"href":"https:\/\/www.contivalves.com\/de\/wp-json\/wp\/v2\/media?parent=435"}],"curies":[{"name":"wp","href":"https:\/\/api.w.org\/{rel}","templated":true}]}}