{"id":435,"date":"2018-11-15T14:57:54","date_gmt":"2018-11-15T13:57:54","guid":{"rendered":"https:\/\/www.contivalves.com\/?page_id=435"},"modified":"2021-03-16T09:15:39","modified_gmt":"2021-03-16T08:15:39","slug":"soluzioni-personalizzate","status":"publish","type":"page","link":"https:\/\/www.contivalves.com\/en\/applications\/custom-engineered-solutions\/","title":{"rendered":"[:en]Custom engineered solutions[:it]Soluzioni personalizzate[:es]Soluciones de v\u00e1lvulas de ingenier\u00eda[:fr]Solutions de soupapes sp\u00e9cialis\u00e9s[:de]Personifizierte L\u00f6sungen[:]"},"content":{"rendered":"\t\t<div data-elementor-type=\"wp-post\" data-elementor-id=\"435\" class=\"elementor elementor-435\" data-elementor-settings=\"[]\">\n\t\t\t\t\t\t<div class=\"elementor-inner\">\n\t\t\t\t\t\t\t<div class=\"elementor-section-wrap\">\n\t\t\t\t\t\t\t<section class=\"elementor-section elementor-top-section elementor-element elementor-element-2fa2518 elementor-section-boxed elementor-section-height-default elementor-section-height-default\" data-id=\"2fa2518\" data-element_type=\"section\">\n\t\t\t\t\t\t<div class=\"elementor-container elementor-column-gap-default\">\n\t\t\t\t\t\t\t<div class=\"elementor-row\">\n\t\t\t\t\t<div class=\"elementor-column elementor-col-100 elementor-top-column elementor-element elementor-element-5b21c73\" data-id=\"5b21c73\" data-element_type=\"column\">\n\t\t\t<div class=\"elementor-column-wrap elementor-element-populated\">\n\t\t\t\t\t\t\t<div class=\"elementor-widget-wrap\">\n\t\t\t\t\t\t<section class=\"elementor-section elementor-inner-section elementor-element elementor-element-e0bdad5 elementor-section-boxed elementor-section-height-default elementor-section-height-default\" data-id=\"e0bdad5\" data-element_type=\"section\">\n\t\t\t\t\t\t<div class=\"elementor-container elementor-column-gap-default\">\n\t\t\t\t\t\t\t<div class=\"elementor-row\">\n\t\t\t\t\t<div class=\"elementor-column elementor-col-50 elementor-inner-column elementor-element elementor-element-47990b6\" data-id=\"47990b6\" data-element_type=\"column\">\n\t\t\t<div class=\"elementor-column-wrap elementor-element-populated\">\n\t\t\t\t\t\t\t<div class=\"elementor-widget-wrap\">\n\t\t\t\t\t\t<div class=\"elementor-element elementor-element-15e651e elementor-widget elementor-widget-heading\" data-id=\"15e651e\" data-element_type=\"widget\" data-widget_type=\"heading.default\">\n\t\t\t\t<div class=\"elementor-widget-container\">\n\t\t\t<h2 class=\"elementor-heading-title elementor-size-default\">We began almost a century ago with a precise focus: meet our customers' needs and deliver quality products. For more than 100 years Conti products have been synonymous with innovation, quality, and performance by enabling and delivering solutions for the various markets we serve. Our customers and specifying engineers around the world have rewarded our efforts with tremendous loyalty, coming back time after time for products and solutions they know and trust.<\/h2>\t\t<\/div>\n\t\t\t\t<\/div>\n\t\t\t\t\t\t<\/div>\n\t\t\t\t\t<\/div>\n\t\t<\/div>\n\t\t\t\t<div class=\"elementor-column elementor-col-50 elementor-inner-column elementor-element elementor-element-8668b83\" data-id=\"8668b83\" data-element_type=\"column\">\n\t\t\t<div class=\"elementor-column-wrap elementor-element-populated\">\n\t\t\t\t\t\t\t<div class=\"elementor-widget-wrap\">\n\t\t\t\t\t\t<div class=\"elementor-element elementor-element-8a2cfa6 elementor-widget elementor-widget-text-editor\" data-id=\"8a2cfa6\" data-element_type=\"widget\" data-widget_type=\"text-editor.default\">\n\t\t\t\t<div class=\"elementor-widget-container\">\n\t\t\t\t\t\t\t\t<div class=\"elementor-text-editor elementor-clearfix\">\n\t\t\t\t\tWith the founding of our dedicated division CUSTOM ENGINEERED SOLUTIONS in 2006, we can bring the same level of research and development to your products as we bring to our own. Couple that with world-class manufacturing operation and you have an unbeatable combination in support of your unique product needs.\n\nOur valves are custom-designed to match your stringent parameters. To help ensure the right fit, we offer an extensive range of options \u2013 from unique valve alloys to custom-fit accessories. These selections can be combined in thousands of ways to create a distinctive solution.\n\nYour custom-engineered solution will be based on our product portfolio. Review our offerings and give us your specifications to help determine which type of valve and configuration will meet your requirements.\n\nEach valve can be made with most flange types and sizes, welded connections, NPT, or tube fittings. Listed below are the main customization options you can refer to in creating the custom-valve solution to best fit your need and specifications:\t\t\t\t\t<\/div>\n\t\t\t\t\t\t<\/div>\n\t\t\t\t<\/div>\n\t\t\t\t<div class=\"elementor-element elementor-element-94e171a elementor-widget elementor-widget-text-editor\" data-id=\"94e171a\" data-element_type=\"widget\" data-widget_type=\"text-editor.default\">\n\t\t\t\t<div class=\"elementor-widget-container\">\n\t\t\t\t\t\t\t\t<div class=\"elementor-text-editor elementor-clearfix\">\n\t\t\t\t\t<p><\/p><ul><li><strong>VALVE ALLOYS<\/strong><\/li><li><strong>END CONNECTIONS<\/strong><\/li><li><strong>BONNET SELECTIONS<\/strong><\/li><li><strong>INNERVALVE TRIM SET SOLUTIONS AND MATERIALS<\/strong><\/li><li><strong>PACKING CHOICES<\/strong><\/li><li><strong>OPERATING TEMPERATURE AND PRESSURE PARAMETERS<\/strong><\/li><li><strong>CUSTOM-FIT ACCESSORIES<\/strong><\/li><\/ul><p><\/p>\t\t\t\t\t<\/div>\n\t\t\t\t\t\t<\/div>\n\t\t\t\t<\/div>\n\t\t\t\t\t\t<\/div>\n\t\t\t\t\t<\/div>\n\t\t<\/div>\n\t\t\t\t\t\t\t\t<\/div>\n\t\t\t\t\t<\/div>\n\t\t<\/section>\n\t\t\t\t\t\t<\/div>\n\t\t\t\t\t<\/div>\n\t\t<\/div>\n\t\t\t\t\t\t\t\t<\/div>\n\t\t\t\t\t<\/div>\n\t\t<\/section>\n\t\t\t\t<section class=\"elementor-section elementor-top-section elementor-element elementor-element-0681818 elementor-section-boxed elementor-section-height-default elementor-section-height-default\" data-id=\"0681818\" data-element_type=\"section\">\n\t\t\t\t\t\t<div class=\"elementor-container elementor-column-gap-default\">\n\t\t\t\t\t\t\t<div class=\"elementor-row\">\n\t\t\t\t\t<div class=\"elementor-column elementor-col-100 elementor-top-column elementor-element elementor-element-8222097\" data-id=\"8222097\" data-element_type=\"column\">\n\t\t\t<div class=\"elementor-column-wrap\">\n\t\t\t\t\t\t\t<div class=\"elementor-widget-wrap\">\n\t\t\t\t\t\t\t\t<\/div>\n\t\t\t\t\t<\/div>\n\t\t<\/div>\n\t\t\t\t\t\t\t\t<\/div>\n\t\t\t\t\t<\/div>\n\t\t<\/section>\n\t\t\t\t\t\t<\/div>\n\t\t\t\t\t\t<\/div>\n\t\t\t\t\t<\/div>\n\t\t","protected":false},"excerpt":{"rendered":"<p>We began almost a century ago with a precise focus: meet our customers&#8217; needs and deliver quality products. For more than 100 years Conti products have been synonymous with innovation, quality, and performance by enabling and delivering solutions for the various markets we serve. Our customers and specifying engineers around the world have rewarded our [&hellip;]<\/p>\n","protected":false},"author":1,"featured_media":0,"parent":1548,"menu_order":2,"comment_status":"closed","ping_status":"closed","template":"","meta":[],"yoast_head":"<!-- This site is optimized with the Yoast SEO plugin v16.3 - https:\/\/yoast.com\/wordpress\/plugins\/seo\/ -->\n<title>Custom engineered solutions - Conti Rubinetterie<\/title>\n<meta name=\"robots\" content=\"index, follow, max-snippet:-1, max-image-preview:large, max-video-preview:-1\" \/>\n<link rel=\"canonical\" href=\"https:\/\/www.contivalves.com\/applicazioni\/soluzioni-personalizzate\/\" \/>\n<meta property=\"og:locale\" content=\"en_US\" \/>\n<meta property=\"og:type\" content=\"article\" \/>\n<meta property=\"og:title\" content=\"Custom engineered solutions - Conti Rubinetterie\" \/>\n<meta property=\"og:description\" content=\"We began almost a century ago with a precise focus: meet our customers&#8217; needs and deliver quality products. For more than 100 years Conti products have been synonymous with innovation, quality, and performance by enabling and delivering solutions for the various markets we serve. Our customers and specifying engineers around the world have rewarded our [&hellip;]\" \/>\n<meta property=\"og:url\" content=\"https:\/\/www.contivalves.com\/applicazioni\/soluzioni-personalizzate\/\" \/>\n<meta property=\"og:site_name\" content=\"Conti Rubinetterie\" \/>\n<meta property=\"article:modified_time\" content=\"2021-03-16T08:15:39+00:00\" \/>\n<meta property=\"og:image\" content=\"https:\/\/www.contivalves.com\/wp-content\/uploads\/2018\/11\/conti-soluzioni-personalizzate-2-300x240.jpg\" \/>\n<meta name=\"twitter:card\" content=\"summary_large_image\" \/>\n<meta name=\"twitter:label1\" content=\"Est. reading time\">\n\t<meta name=\"twitter:data1\" content=\"7 minutes\">\n<script type=\"application\/ld+json\" class=\"yoast-schema-graph\">{\"@context\":\"https:\/\/schema.org\",\"@graph\":[{\"@type\":\"Organization\",\"@id\":\"https:\/\/www.contivalves.com\/#organization\",\"name\":\"Conti Rubinetterie\",\"url\":\"https:\/\/www.contivalves.com\/\",\"sameAs\":[],\"logo\":{\"@type\":\"ImageObject\",\"@id\":\"https:\/\/www.contivalves.com\/#logo\",\"inLanguage\":\"en-US\",\"url\":\"https:\/\/www.contivalves.com\/wp-content\/uploads\/2018\/11\/conti-valves-rubinetterie-logo-sticky.png\",\"contentUrl\":\"https:\/\/www.contivalves.com\/wp-content\/uploads\/2018\/11\/conti-valves-rubinetterie-logo-sticky.png\",\"width\":199,\"height\":70,\"caption\":\"Conti Rubinetterie\"},\"image\":{\"@id\":\"https:\/\/www.contivalves.com\/#logo\"}},{\"@type\":\"WebSite\",\"@id\":\"https:\/\/www.contivalves.com\/#website\",\"url\":\"https:\/\/www.contivalves.com\/\",\"name\":\"Conti Rubinetterie\",\"description\":\"\",\"publisher\":{\"@id\":\"https:\/\/www.contivalves.com\/#organization\"},\"potentialAction\":[{\"@type\":\"SearchAction\",\"target\":\"https:\/\/www.contivalves.com\/?s={search_term_string}\",\"query-input\":\"required name=search_term_string\"}],\"inLanguage\":\"en-US\"},{\"@type\":\"ImageObject\",\"@id\":\"https:\/\/www.contivalves.com\/applicazioni\/soluzioni-personalizzate\/#primaryimage\",\"inLanguage\":\"en-US\",\"url\":\"https:\/\/www.contivalves.com\/wp-content\/uploads\/2018\/11\/conti-soluzioni-personalizzate-2.jpg\",\"contentUrl\":\"https:\/\/www.contivalves.com\/wp-content\/uploads\/2018\/11\/conti-soluzioni-personalizzate-2.jpg\",\"width\":1181,\"height\":945},{\"@type\":\"WebPage\",\"@id\":\"https:\/\/www.contivalves.com\/applicazioni\/soluzioni-personalizzate\/#webpage\",\"url\":\"https:\/\/www.contivalves.com\/applicazioni\/soluzioni-personalizzate\/\",\"name\":\"Custom engineered solutions - Conti Rubinetterie\",\"isPartOf\":{\"@id\":\"https:\/\/www.contivalves.com\/#website\"},\"primaryImageOfPage\":{\"@id\":\"https:\/\/www.contivalves.com\/applicazioni\/soluzioni-personalizzate\/#primaryimage\"},\"datePublished\":\"2018-11-15T13:57:54+00:00\",\"dateModified\":\"2021-03-16T08:15:39+00:00\",\"breadcrumb\":{\"@id\":\"https:\/\/www.contivalves.com\/applicazioni\/soluzioni-personalizzate\/#breadcrumb\"},\"inLanguage\":\"en-US\",\"potentialAction\":[{\"@type\":\"ReadAction\",\"target\":[\"https:\/\/www.contivalves.com\/applicazioni\/soluzioni-personalizzate\/\"]}]},{\"@type\":\"BreadcrumbList\",\"@id\":\"https:\/\/www.contivalves.com\/applicazioni\/soluzioni-personalizzate\/#breadcrumb\",\"itemListElement\":[{\"@type\":\"ListItem\",\"position\":1,\"item\":{\"@type\":\"WebPage\",\"@id\":\"https:\/\/www.contivalves.com\/fr\/\",\"url\":\"https:\/\/www.contivalves.com\/fr\/\",\"name\":\"Home\"}},{\"@type\":\"ListItem\",\"position\":2,\"item\":{\"@type\":\"WebPage\",\"@id\":\"https:\/\/www.contivalves.com\/fr\/applications\/\",\"url\":\"https:\/\/www.contivalves.com\/fr\/applications\/\",\"name\":\"[:en]Applications[:it]Applicazioni[:es]Mercados[:fr]Applications[:de]Anwendungen[:]\"}},{\"@type\":\"ListItem\",\"position\":3,\"item\":{\"@id\":\"https:\/\/www.contivalves.com\/applicazioni\/soluzioni-personalizzate\/#webpage\"}}]}]}<\/script>\n<!-- \/ Yoast SEO plugin. -->","_links":{"self":[{"href":"https:\/\/www.contivalves.com\/en\/wp-json\/wp\/v2\/pages\/435"}],"collection":[{"href":"https:\/\/www.contivalves.com\/en\/wp-json\/wp\/v2\/pages"}],"about":[{"href":"https:\/\/www.contivalves.com\/en\/wp-json\/wp\/v2\/types\/page"}],"author":[{"embeddable":true,"href":"https:\/\/www.contivalves.com\/en\/wp-json\/wp\/v2\/users\/1"}],"replies":[{"embeddable":true,"href":"https:\/\/www.contivalves.com\/en\/wp-json\/wp\/v2\/comments?post=435"}],"version-history":[{"count":13,"href":"https:\/\/www.contivalves.com\/en\/wp-json\/wp\/v2\/pages\/435\/revisions"}],"predecessor-version":[{"id":2295,"href":"https:\/\/www.contivalves.com\/en\/wp-json\/wp\/v2\/pages\/435\/revisions\/2295"}],"up":[{"embeddable":true,"href":"https:\/\/www.contivalves.com\/en\/wp-json\/wp\/v2\/pages\/1548"}],"wp:attachment":[{"href":"https:\/\/www.contivalves.com\/en\/wp-json\/wp\/v2\/media?parent=435"}],"curies":[{"name":"wp","href":"https:\/\/api.w.org\/{rel}","templated":true}]}}