{"id":113,"date":"2018-11-13T14:42:33","date_gmt":"2018-11-13T13:42:33","guid":{"rendered":"https:\/\/www.contivalves.com\/?page_id=113"},"modified":"2021-06-28T09:27:44","modified_gmt":"2021-06-28T07:27:44","slug":"produzione","status":"publish","type":"page","link":"https:\/\/www.contivalves.com\/es\/empresa\/produccion\/","title":{"rendered":"[:en]Production process[:it]Produzione[:es]Producci\u00f3n[:fr]Production[:de]Produktion[:]"},"content":{"rendered":"\t\t<div data-elementor-type=\"wp-post\" data-elementor-id=\"113\" class=\"elementor elementor-113\" data-elementor-settings=\"[]\">\n\t\t\t\t\t\t<div class=\"elementor-inner\">\n\t\t\t\t\t\t\t<div class=\"elementor-section-wrap\">\n\t\t\t\t\t\t\t<section class=\"elementor-section elementor-inner-section elementor-element elementor-element-b06e5b7 elementor-section-boxed elementor-section-height-default elementor-section-height-default\" data-id=\"b06e5b7\" data-element_type=\"section\">\n\t\t\t\t\t\t<div class=\"elementor-container elementor-column-gap-default\">\n\t\t\t\t\t\t\t<div class=\"elementor-row\">\n\t\t\t\t\t<div class=\"elementor-column elementor-col-100 elementor-inner-column elementor-element elementor-element-606d451\" data-id=\"606d451\" data-element_type=\"column\">\n\t\t\t<div class=\"elementor-column-wrap elementor-element-populated\">\n\t\t\t\t\t\t\t<div class=\"elementor-widget-wrap\">\n\t\t\t\t\t\t<div class=\"elementor-element elementor-element-77767bf elementor-widget elementor-widget-heading\" data-id=\"77767bf\" data-element_type=\"widget\" data-widget_type=\"heading.default\">\n\t\t\t\t<div class=\"elementor-widget-container\">\n\t\t\t<h2 class=\"elementor-heading-title elementor-size-default\">Las v\u00e1lvulas Conti son reconocidas y apreciadas a nivel internacional en diversos sectores y aplicaciones por sus m\u00e1s altos niveles de calidad, fiabilidad y seguridad.<\/h2>\t\t<\/div>\n\t\t\t\t<\/div>\n\t\t\t\t<div class=\"elementor-element elementor-element-7ed44d6 elementor-widget elementor-widget-text-editor\" data-id=\"7ed44d6\" data-element_type=\"widget\" data-widget_type=\"text-editor.default\">\n\t\t\t\t<div class=\"elementor-widget-container\">\n\t\t\t\t\t\t\t\t<div class=\"elementor-text-editor elementor-clearfix\">\n\t\t\t\t\t<p>Una de las estrat\u00e9gicas principales que han permitido alcanzar un est\u00e1ndar de calidad tan alto es la supervisi\u00f3n de todo el proceso productivo desde la etapa de dise\u00f1o a los ensayos finales, realizados sobre el 100% de la producci\u00f3n.<\/p>\t\t\t\t\t<\/div>\n\t\t\t\t\t\t<\/div>\n\t\t\t\t<\/div>\n\t\t\t\t\t\t<\/div>\n\t\t\t\t\t<\/div>\n\t\t<\/div>\n\t\t\t\t\t\t\t\t<\/div>\n\t\t\t\t\t<\/div>\n\t\t<\/section>\n\t\t\t\t<section class=\"elementor-section elementor-top-section elementor-element elementor-element-f5d617d elementor-section-full_width elementor-section-stretched elementor-section-height-default elementor-section-height-default\" data-id=\"f5d617d\" data-element_type=\"section\" data-settings=\"{&quot;stretch_section&quot;:&quot;section-stretched&quot;}\">\n\t\t\t\t\t\t<div class=\"elementor-container elementor-column-gap-no\">\n\t\t\t\t\t\t\t<div class=\"elementor-row\">\n\t\t\t\t\t<div class=\"elementor-column elementor-col-100 elementor-top-column elementor-element elementor-element-1a35ba7\" data-id=\"1a35ba7\" data-element_type=\"column\">\n\t\t\t<div class=\"elementor-column-wrap\">\n\t\t\t\t\t\t\t<div class=\"elementor-widget-wrap\">\n\t\t\t\t\t\t\t\t<\/div>\n\t\t\t\t\t<\/div>\n\t\t<\/div>\n\t\t\t\t\t\t\t\t<\/div>\n\t\t\t\t\t<\/div>\n\t\t<\/section>\n\t\t\t\t<section class=\"elementor-section elementor-top-section elementor-element elementor-element-364a11a elementor-section-boxed elementor-section-height-default elementor-section-height-default\" data-id=\"364a11a\" data-element_type=\"section\" data-settings=\"{&quot;background_background&quot;:&quot;classic&quot;}\">\n\t\t\t\t\t\t<div class=\"elementor-container elementor-column-gap-default\">\n\t\t\t\t\t\t\t<div class=\"elementor-row\">\n\t\t\t\t\t<div class=\"elementor-column elementor-col-100 elementor-top-column elementor-element elementor-element-ab021ae\" data-id=\"ab021ae\" data-element_type=\"column\">\n\t\t\t<div class=\"elementor-column-wrap elementor-element-populated\">\n\t\t\t\t\t\t\t<div class=\"elementor-widget-wrap\">\n\t\t\t\t\t\t<section class=\"elementor-section elementor-inner-section elementor-element elementor-element-9b85323 elementor-section-boxed elementor-section-height-default elementor-section-height-default\" data-id=\"9b85323\" data-element_type=\"section\">\n\t\t\t\t\t\t<div class=\"elementor-container elementor-column-gap-wider\">\n\t\t\t\t\t\t\t<div class=\"elementor-row\">\n\t\t\t\t\t<div class=\"elementor-column elementor-col-50 elementor-inner-column elementor-element elementor-element-4036fe9\" data-id=\"4036fe9\" data-element_type=\"column\">\n\t\t\t<div class=\"elementor-column-wrap elementor-element-populated\">\n\t\t\t\t\t\t\t<div class=\"elementor-widget-wrap\">\n\t\t\t\t\t\t<div class=\"elementor-element elementor-element-f6b72e1 elementor-view-default elementor-vertical-align-top elementor-widget elementor-widget-icon-box\" data-id=\"f6b72e1\" data-element_type=\"widget\" data-widget_type=\"icon-box.default\">\n\t\t\t\t<div class=\"elementor-widget-container\">\n\t\t\t\t\t<div class=\"elementor-icon-box-wrapper\">\n\t\t\t\t\t\t<div class=\"elementor-icon-box-content\">\n\t\t\t\t<h3 class=\"elementor-icon-box-title\">\n\t\t\t\t\t<span >dise\u00f1o<\/span>\n\t\t\t\t<\/h3>\n\t\t\t\t\t\t\t\t<p class=\"elementor-icon-box-description\">Nuevos productos, variantes de productos est\u00e1ndar y productos desarrolladlos \u00edntegramente con la especificaciones proporcionadas por los clientes son estudiados y dise\u00f1ados por el personal altamente capacitado de nuestro departamento t\u00e9cnico. Gracias a la ayuda de tecnolog\u00edas de vanguardia, el software, junto con la gran experiencia obtenida durante a\u00f1os, la empresa se destaca por la ejecuci\u00f3n r\u00e1pida y la m\u00e1xima flexibilidad desde las primeras fases del producto.<\/p>\n\t\t\t\t\t\t\t<\/div>\n\t\t<\/div>\n\t\t\t\t<\/div>\n\t\t\t\t<\/div>\n\t\t\t\t<div class=\"elementor-element elementor-element-9713b37 elementor-view-default elementor-vertical-align-top elementor-widget elementor-widget-icon-box\" data-id=\"9713b37\" data-element_type=\"widget\" data-widget_type=\"icon-box.default\">\n\t\t\t\t<div class=\"elementor-widget-container\">\n\t\t\t\t\t<div class=\"elementor-icon-box-wrapper\">\n\t\t\t\t\t\t<div class=\"elementor-icon-box-content\">\n\t\t\t\t<h3 class=\"elementor-icon-box-title\">\n\t\t\t\t\t<span >Ingenier\u00eda<\/span>\n\t\t\t\t<\/h3>\n\t\t\t\t\t\t\t\t<p class=\"elementor-icon-box-description\">Al final del proceso de dise\u00f1o, la divisi\u00f3n t\u00e9cnica y el taller de prototipos finalizan el nuevo producto haciendo varias muestras que deben probarse para verificar el cumplimiento con las especificaciones de dise\u00f1o. Sobre el dise\u00f1o del Departamento T\u00e9cnico, el Taller Mec\u00e1nico interno realizan todo el equipamiento necesario para la producci\u00f3n de los nuevos productos. Moldes de funder\u00eda, herramientas utilizadas en la fase de torner\u00eda y morsas para sostener las piezas durante las elaboraciones mec\u00e1nicas son \u00edntegramente dise\u00f1ados y realizados internamente. Un sofisticado software que se comunica con el taller mec\u00e1nico permite a los dise\u00f1adores transferir en tiempo real los programas necesarios para que la maquinaria CNC produzca los modelos de fundici\u00f3n y utiler\u00edas de mecanizaci\u00f3n. <\/p>\n\t\t\t\t\t\t\t<\/div>\n\t\t<\/div>\n\t\t\t\t<\/div>\n\t\t\t\t<\/div>\n\t\t\t\t<div class=\"elementor-element elementor-element-b03bb44 elementor-view-default elementor-vertical-align-top elementor-widget elementor-widget-icon-box\" data-id=\"b03bb44\" data-element_type=\"widget\" data-widget_type=\"icon-box.default\">\n\t\t\t\t<div class=\"elementor-widget-container\">\n\t\t\t\t\t<div class=\"elementor-icon-box-wrapper\">\n\t\t\t\t\t\t<div class=\"elementor-icon-box-content\">\n\t\t\t\t<h3 class=\"elementor-icon-box-title\">\n\t\t\t\t\t<span >Mec\u00e1nico<\/span>\n\t\t\t\t<\/h3>\n\t\t\t\t\t\t\t\t<p class=\"elementor-icon-box-description\">Todas las materias primas utilizadas en producci\u00f3n est\u00e1n certificadas seg\u00fan EN 10204:2004 y se sufren a una inspecci\u00f3n antes de la aceptaci\u00f3n con el fin de verificar el cumplimiento. Cumpliendo con las demandas del cliente y con las direcciones de la UE, la oficina de la calidad puede emitir los certificados de origen de los metales utilizados en la producci\u00f3n de nuestras v\u00e1lvulas. <\/p>\n\t\t\t\t\t\t\t<\/div>\n\t\t<\/div>\n\t\t\t\t<\/div>\n\t\t\t\t<\/div>\n\t\t\t\t<div class=\"elementor-element elementor-element-f159454 elementor-view-default elementor-vertical-align-top elementor-widget elementor-widget-icon-box\" data-id=\"f159454\" data-element_type=\"widget\" data-widget_type=\"icon-box.default\">\n\t\t\t\t<div class=\"elementor-widget-container\">\n\t\t\t\t\t<div class=\"elementor-icon-box-wrapper\">\n\t\t\t\t\t\t<div class=\"elementor-icon-box-content\">\n\t\t\t\t<h3 class=\"elementor-icon-box-title\">\n\t\t\t\t\t<span >Fundci\u00f3n<\/span>\n\t\t\t\t<\/h3>\n\t\t\t\t\t\t\t\t<p class=\"elementor-icon-box-description\">Desde el principio de su Fundaci\u00f3n Conti Rubinetterie ha tenido su propia funderia permitiendo un control completo desde el primer paso del proceso de producci\u00f3n, m\u00e1xima flexibilidad y opciones de personalizaci\u00f3n. Recientemente ha sido renovado con hornos de inducci\u00f3n el\u00e9ctrica de \u00faltima generaci\u00f3n<\/p>\n\t\t\t\t\t\t\t<\/div>\n\t\t<\/div>\n\t\t\t\t<\/div>\n\t\t\t\t<\/div>\n\t\t\t\t\t\t<\/div>\n\t\t\t\t\t<\/div>\n\t\t<\/div>\n\t\t\t\t<div class=\"elementor-column elementor-col-50 elementor-inner-column elementor-element elementor-element-840ad4c\" data-id=\"840ad4c\" data-element_type=\"column\">\n\t\t\t<div class=\"elementor-column-wrap elementor-element-populated\">\n\t\t\t\t\t\t\t<div class=\"elementor-widget-wrap\">\n\t\t\t\t\t\t<div class=\"elementor-element elementor-element-490cafe elementor-view-default elementor-vertical-align-top elementor-widget elementor-widget-icon-box\" data-id=\"490cafe\" data-element_type=\"widget\" data-widget_type=\"icon-box.default\">\n\t\t\t\t<div class=\"elementor-widget-container\">\n\t\t\t\t\t<div class=\"elementor-icon-box-wrapper\">\n\t\t\t\t\t\t<div class=\"elementor-icon-box-content\">\n\t\t\t\t<h3 class=\"elementor-icon-box-title\">\n\t\t\t\t\t<span >Mecanizado<\/span>\n\t\t\t\t<\/h3>\n\t\t\t\t\t\t\t\t<p class=\"elementor-icon-box-description\">Todos los cuerpos de v\u00e1lvulas y componentes est\u00e1n fabricados internamente en la nuestra divisi\u00f3n de mecanizado gracias a personal calificado y un parque de maquinarias de vanguardia que comprende: centros de trabajo con control num\u00e9rico, transferencia de m\u00e1quinas y tornos CNC de \u00faltima generaci\u00f3n. Cada m\u00e1quina posee una tarjeta de control de calidad que permite verificar las tolerancias de cada pieza durante el mecanizado.<\/p>\n\t\t\t\t\t\t\t<\/div>\n\t\t<\/div>\n\t\t\t\t<\/div>\n\t\t\t\t<\/div>\n\t\t\t\t<div class=\"elementor-element elementor-element-f89c975 elementor-view-default elementor-vertical-align-top elementor-widget elementor-widget-icon-box\" data-id=\"f89c975\" data-element_type=\"widget\" data-widget_type=\"icon-box.default\">\n\t\t\t\t<div class=\"elementor-widget-container\">\n\t\t\t\t\t<div class=\"elementor-icon-box-wrapper\">\n\t\t\t\t\t\t<div class=\"elementor-icon-box-content\">\n\t\t\t\t<h3 class=\"elementor-icon-box-title\">\n\t\t\t\t\t<span >Montaje<\/span>\n\t\t\t\t<\/h3>\n\t\t\t\t\t\t\t\t<p class=\"elementor-icon-box-description\">Seg\u00fan el tipo y el tama\u00f1o del producto, el montaje es realizado usando l\u00edneas semi-autom\u00e1ticas o manuales adentro de islas \/ bancos espec\u00edficamente organizados seg\u00fan las diferentes familias de productos.<\/p>\n\t\t\t\t\t\t\t<\/div>\n\t\t<\/div>\n\t\t\t\t<\/div>\n\t\t\t\t<\/div>\n\t\t\t\t<div class=\"elementor-element elementor-element-f9d970a elementor-view-default elementor-vertical-align-top elementor-widget elementor-widget-icon-box\" data-id=\"f9d970a\" data-element_type=\"widget\" data-widget_type=\"icon-box.default\">\n\t\t\t\t<div class=\"elementor-widget-container\">\n\t\t\t\t\t<div class=\"elementor-icon-box-wrapper\">\n\t\t\t\t\t\t<div class=\"elementor-icon-box-content\">\n\t\t\t\t<h3 class=\"elementor-icon-box-title\">\n\t\t\t\t\t<span >Ensayos<\/span>\n\t\t\t\t<\/h3>\n\t\t\t\t\t\t\t\t<p class=\"elementor-icon-box-description\">La fase de ensayos es realizada sobre toda la producci\u00f3n por personal altamente cualificado bajo la supervisi\u00f3n del Departamento de Control de Calidad. Las estaciones de ensayos est\u00e1n dise\u00f1adas para probar la estanqueidad en una presi\u00f3n significativamente superior a la clase de ejercicio informada sobre el cuerpo de la v\u00e1lvula. El Departamento de Control de Calidad emite el certificado mostrando los resultados de los ensayos del tipo y los par\u00e1metros de los ensayos realizados. Durante todo el proceso de producci\u00f3n de componentes y productos semi-elaborados son sometidos a rigurosos controles y ensayos para verificar su cumplimiento durante las fases de producci\u00f3n anteriores al montaje. <\/p>\n\t\t\t\t\t\t\t<\/div>\n\t\t<\/div>\n\t\t\t\t<\/div>\n\t\t\t\t<\/div>\n\t\t\t\t<div class=\"elementor-element elementor-element-81d3fbf elementor-view-default elementor-vertical-align-top elementor-widget elementor-widget-icon-box\" data-id=\"81d3fbf\" data-element_type=\"widget\" data-widget_type=\"icon-box.default\">\n\t\t\t\t<div class=\"elementor-widget-container\">\n\t\t\t\t\t<div class=\"elementor-icon-box-wrapper\">\n\t\t\t\t\t\t<div class=\"elementor-icon-box-content\">\n\t\t\t\t<h3 class=\"elementor-icon-box-title\">\n\t\t\t\t\t<span ><\/span>\n\t\t\t\t<\/h3>\n\t\t\t\t\t\t\t\t<p class=\"elementor-icon-box-description\">Once testing is sucessfully completed all valves are subjected to a final visual inspection and ready for packing, subsequently for storage in stock.<\/p>\n\t\t\t\t\t\t\t<\/div>\n\t\t<\/div>\n\t\t\t\t<\/div>\n\t\t\t\t<\/div>\n\t\t\t\t\t\t<\/div>\n\t\t\t\t\t<\/div>\n\t\t<\/div>\n\t\t\t\t\t\t\t\t<\/div>\n\t\t\t\t\t<\/div>\n\t\t<\/section>\n\t\t\t\t<div class=\"elementor-element elementor-element-200dffe elementor-aspect-ratio-169 elementor-widget elementor-widget-video\" data-id=\"200dffe\" data-element_type=\"widget\" data-settings=\"{&quot;youtube_url&quot;:&quot;https:\\\/\\\/www.youtube.com\\\/watch?v=ANRmM6FdydY&quot;,&quot;yt_privacy&quot;:&quot;yes&quot;,&quot;video_type&quot;:&quot;youtube&quot;,&quot;controls&quot;:&quot;yes&quot;,&quot;aspect_ratio&quot;:&quot;169&quot;}\" data-widget_type=\"video.default\">\n\t\t\t\t<div class=\"elementor-widget-container\">\n\t\t\t\t\t<div class=\"elementor-wrapper elementor-fit-aspect-ratio elementor-open-inline\">\n\t\t\t<div class=\"elementor-video\"><\/div>\t\t<\/div>\n\t\t\t\t<\/div>\n\t\t\t\t<\/div>\n\t\t\t\t\t\t<\/div>\n\t\t\t\t\t<\/div>\n\t\t<\/div>\n\t\t\t\t\t\t\t\t<\/div>\n\t\t\t\t\t<\/div>\n\t\t<\/section>\n\t\t\t\t\t\t<\/div>\n\t\t\t\t\t\t<\/div>\n\t\t\t\t\t<\/div>\n\t\t","protected":false},"excerpt":{"rendered":"<p>Las v\u00e1lvulas Conti son reconocidas y apreciadas a nivel internacional en diversos sectores y aplicaciones por sus m\u00e1s altos niveles de calidad, fiabilidad y seguridad. Una de las estrat\u00e9gicas principales que han permitido alcanzar un est\u00e1ndar de calidad tan alto es la supervisi\u00f3n de todo el proceso productivo desde la etapa de dise\u00f1o a los [&hellip;]<\/p>\n","protected":false},"author":1,"featured_media":0,"parent":1551,"menu_order":3,"comment_status":"closed","ping_status":"closed","template":"","meta":[],"yoast_head":"<!-- This site is optimized with the Yoast SEO plugin v16.3 - https:\/\/yoast.com\/wordpress\/plugins\/seo\/ -->\n<title>Producci\u00f3n - Conti Rubinetterie<\/title>\n<meta name=\"robots\" content=\"index, follow, max-snippet:-1, max-image-preview:large, max-video-preview:-1\" \/>\n<link rel=\"canonical\" href=\"https:\/\/www.contivalves.com\/azienda\/produzione\/\" \/>\n<meta property=\"og:locale\" content=\"es_ES\" \/>\n<meta property=\"og:type\" content=\"article\" \/>\n<meta property=\"og:title\" content=\"Producci\u00f3n - Conti Rubinetterie\" \/>\n<meta property=\"og:description\" content=\"Las v\u00e1lvulas Conti son reconocidas y apreciadas a nivel internacional en diversos sectores y aplicaciones por sus m\u00e1s altos niveles de calidad, fiabilidad y seguridad. Una de las estrat\u00e9gicas principales que han permitido alcanzar un est\u00e1ndar de calidad tan alto es la supervisi\u00f3n de todo el proceso productivo desde la etapa de dise\u00f1o a los [&hellip;]\" \/>\n<meta property=\"og:url\" content=\"https:\/\/www.contivalves.com\/azienda\/produzione\/\" \/>\n<meta property=\"og:site_name\" content=\"Conti Rubinetterie\" \/>\n<meta property=\"article:modified_time\" content=\"2021-06-28T07:27:44+00:00\" \/>\n<meta name=\"twitter:card\" content=\"summary_large_image\" \/>\n<meta name=\"twitter:label1\" content=\"Tiempo de lectura\">\n\t<meta name=\"twitter:data1\" content=\"12 minutos\">\n<script type=\"application\/ld+json\" class=\"yoast-schema-graph\">{\"@context\":\"https:\/\/schema.org\",\"@graph\":[{\"@type\":\"Organization\",\"@id\":\"https:\/\/www.contivalves.com\/#organization\",\"name\":\"Conti Rubinetterie\",\"url\":\"https:\/\/www.contivalves.com\/\",\"sameAs\":[],\"logo\":{\"@type\":\"ImageObject\",\"@id\":\"https:\/\/www.contivalves.com\/#logo\",\"inLanguage\":\"es\",\"url\":\"https:\/\/www.contivalves.com\/wp-content\/uploads\/2018\/11\/conti-valves-rubinetterie-logo-sticky.png\",\"contentUrl\":\"https:\/\/www.contivalves.com\/wp-content\/uploads\/2018\/11\/conti-valves-rubinetterie-logo-sticky.png\",\"width\":199,\"height\":70,\"caption\":\"Conti Rubinetterie\"},\"image\":{\"@id\":\"https:\/\/www.contivalves.com\/#logo\"}},{\"@type\":\"WebSite\",\"@id\":\"https:\/\/www.contivalves.com\/#website\",\"url\":\"https:\/\/www.contivalves.com\/\",\"name\":\"Conti Rubinetterie\",\"description\":\"\",\"publisher\":{\"@id\":\"https:\/\/www.contivalves.com\/#organization\"},\"potentialAction\":[{\"@type\":\"SearchAction\",\"target\":\"https:\/\/www.contivalves.com\/?s={search_term_string}\",\"query-input\":\"required name=search_term_string\"}],\"inLanguage\":\"es\"},{\"@type\":\"WebPage\",\"@id\":\"https:\/\/www.contivalves.com\/azienda\/produzione\/#webpage\",\"url\":\"https:\/\/www.contivalves.com\/azienda\/produzione\/\",\"name\":\"Producci\\u00f3n - Conti Rubinetterie\",\"isPartOf\":{\"@id\":\"https:\/\/www.contivalves.com\/#website\"},\"datePublished\":\"2018-11-13T13:42:33+00:00\",\"dateModified\":\"2021-06-28T07:27:44+00:00\",\"breadcrumb\":{\"@id\":\"https:\/\/www.contivalves.com\/azienda\/produzione\/#breadcrumb\"},\"inLanguage\":\"es\",\"potentialAction\":[{\"@type\":\"ReadAction\",\"target\":[\"https:\/\/www.contivalves.com\/azienda\/produzione\/\"]}]},{\"@type\":\"BreadcrumbList\",\"@id\":\"https:\/\/www.contivalves.com\/azienda\/produzione\/#breadcrumb\",\"itemListElement\":[{\"@type\":\"ListItem\",\"position\":1,\"item\":{\"@type\":\"WebPage\",\"@id\":\"https:\/\/www.contivalves.com\/fr\/\",\"url\":\"https:\/\/www.contivalves.com\/fr\/\",\"name\":\"Home\"}},{\"@type\":\"ListItem\",\"position\":2,\"item\":{\"@type\":\"WebPage\",\"@id\":\"https:\/\/www.contivalves.com\/fr\/qui-nous-sommes\/\",\"url\":\"https:\/\/www.contivalves.com\/fr\/qui-nous-sommes\/\",\"name\":\"[:en]Company[:it]Azienda[:es]Empresa[:fr]Qui nous sommes[:de]WIR \\u00dcBER UNS[:]\"}},{\"@type\":\"ListItem\",\"position\":3,\"item\":{\"@id\":\"https:\/\/www.contivalves.com\/azienda\/produzione\/#webpage\"}}]}]}<\/script>\n<!-- \/ Yoast SEO plugin. -->","_links":{"self":[{"href":"https:\/\/www.contivalves.com\/es\/wp-json\/wp\/v2\/pages\/113"}],"collection":[{"href":"https:\/\/www.contivalves.com\/es\/wp-json\/wp\/v2\/pages"}],"about":[{"href":"https:\/\/www.contivalves.com\/es\/wp-json\/wp\/v2\/types\/page"}],"author":[{"embeddable":true,"href":"https:\/\/www.contivalves.com\/es\/wp-json\/wp\/v2\/users\/1"}],"replies":[{"embeddable":true,"href":"https:\/\/www.contivalves.com\/es\/wp-json\/wp\/v2\/comments?post=113"}],"version-history":[{"count":59,"href":"https:\/\/www.contivalves.com\/es\/wp-json\/wp\/v2\/pages\/113\/revisions"}],"predecessor-version":[{"id":2568,"href":"https:\/\/www.contivalves.com\/es\/wp-json\/wp\/v2\/pages\/113\/revisions\/2568"}],"up":[{"embeddable":true,"href":"https:\/\/www.contivalves.com\/es\/wp-json\/wp\/v2\/pages\/1551"}],"wp:attachment":[{"href":"https:\/\/www.contivalves.com\/es\/wp-json\/wp\/v2\/media?parent=113"}],"curies":[{"name":"wp","href":"https:\/\/api.w.org\/{rel}","templated":true}]}}