{"id":1703,"date":"2018-12-11T12:21:52","date_gmt":"2018-12-11T11:21:52","guid":{"rendered":"https:\/\/www.contivalves.com\/?page_id=1703"},"modified":"2019-02-05T14:47:52","modified_gmt":"2019-02-05T13:47:52","slug":"serie-bronzo-alluminio","status":"publish","type":"page","link":"https:\/\/www.contivalves.com\/es\/mercados\/bronce-aluminio\/","title":{"rendered":"[:en]Bronze Aluminium Valves[:it]Serie bronzo \/ alluminio[:es]Bronce\/aluminio[:fr]S\u00e9rie bronze\/aluminium[:de]Aluminium\/Bronze Ventile[:]"},"content":{"rendered":"\t\t<div data-elementor-type=\"wp-post\" data-elementor-id=\"1703\" class=\"elementor elementor-1703 elementor-bc-flex-widget\" data-elementor-settings=\"[]\">\n\t\t\t\t\t\t<div class=\"elementor-inner\">\n\t\t\t\t\t\t\t<div class=\"elementor-section-wrap\">\n\t\t\t\t\t\t\t<section class=\"elementor-section elementor-top-section elementor-element elementor-element-a2b627e elementor-section-boxed elementor-section-height-default elementor-section-height-default\" data-id=\"a2b627e\" data-element_type=\"section\">\n\t\t\t\t\t\t<div class=\"elementor-container elementor-column-gap-default\">\n\t\t\t\t\t\t\t<div class=\"elementor-row\">\n\t\t\t\t\t<div class=\"elementor-column elementor-col-100 elementor-top-column elementor-element elementor-element-496cb33\" data-id=\"496cb33\" data-element_type=\"column\">\n\t\t\t<div class=\"elementor-column-wrap elementor-element-populated\">\n\t\t\t\t\t\t\t<div class=\"elementor-widget-wrap\">\n\t\t\t\t\t\t<section class=\"elementor-section elementor-inner-section elementor-element elementor-element-367b0e9 elementor-section-boxed elementor-section-height-default elementor-section-height-default\" data-id=\"367b0e9\" data-element_type=\"section\">\n\t\t\t\t\t\t<div class=\"elementor-container elementor-column-gap-default\">\n\t\t\t\t\t\t\t<div class=\"elementor-row\">\n\t\t\t\t\t<div class=\"elementor-column elementor-col-50 elementor-inner-column elementor-element elementor-element-0d3450a\" data-id=\"0d3450a\" data-element_type=\"column\">\n\t\t\t<div class=\"elementor-column-wrap elementor-element-populated\">\n\t\t\t\t\t\t\t<div class=\"elementor-widget-wrap\">\n\t\t\t\t\t\t<div class=\"elementor-element elementor-element-ead4d1b elementor-widget elementor-widget-heading\" data-id=\"ead4d1b\" data-element_type=\"widget\" data-widget_type=\"heading.default\">\n\t\t\t\t<div class=\"elementor-widget-container\">\n\t\t\t<h2 class=\"elementor-heading-title elementor-size-default\">Gracias a 90 a\u00f1os experiencia en fabricaci\u00f3n de v\u00e1lvulas de alta calidad, know-how tecnol\u00f3gico y la funder\u00eda de bronce interna, Conti fue capaz de dise\u00f1ar con \u00e9xito, desarrollar y fabricar una l\u00ednea de productos de bronce de aluminio. Las v\u00e1lvulas de bronce de aluminio est\u00e1n disponibles en categor\u00edas de presi\u00f3n, tama\u00f1os y estilos diferentes.<\/h2>\t\t<\/div>\n\t\t\t\t<\/div>\n\t\t\t\t\t\t<\/div>\n\t\t\t\t\t<\/div>\n\t\t<\/div>\n\t\t\t\t<div class=\"elementor-column elementor-col-50 elementor-inner-column elementor-element elementor-element-6f4360c\" data-id=\"6f4360c\" data-element_type=\"column\">\n\t\t\t<div class=\"elementor-column-wrap elementor-element-populated\">\n\t\t\t\t\t\t\t<div class=\"elementor-widget-wrap\">\n\t\t\t\t\t\t<div class=\"elementor-element elementor-element-a42951a elementor-widget elementor-widget-text-editor\" data-id=\"a42951a\" data-element_type=\"widget\" data-widget_type=\"text-editor.default\">\n\t\t\t\t<div class=\"elementor-widget-container\">\n\t\t\t\t\t\t\t\t<div class=\"elementor-text-editor elementor-clearfix\">\n\t\t\t\t\t<p>La velocidad de corrosi\u00f3n es la \u00fanica variable m\u00e1s importante cuando se intenta estimar la vida \u00fatil de la v\u00e1lvula y la idoneidad de cada metal. Bronce de aluminio es un tipo de bronce en la cual el aluminio es el metal de aleaci\u00f3n principal a\u00f1adido al cobre, en contraste con el est\u00e1ndar de bronce (cobre y esta\u00f1o) o lat\u00f3n (cobre y zinc). El bronce de aluminio es la aleaci\u00f3n basada en cobre est\u00e1ndar de m\u00e1s alta resistencia y se utilizan donde se requieren mayores propiedades mec\u00e1nicas. Las v\u00e1lvulas en esta aleaci\u00f3n especial son m\u00e1s valoradas por su resistencia excepcional a la corrosi\u00f3n, dureza y resistencia en comparaci\u00f3n con otras aleaciones de bronce. Son convenientes para el agua de mar servicio y especialmente bueno para aplicaciones sujetas a: la corrosi\u00f3n crateriforme, corrosi\u00f3n de tensi\u00f3n y fatiga por corrosi\u00f3n. El bronce de aluminio es un excelente material para la construcci\u00f3n de v\u00e1lvulas no s\u00f3lo por su resistencia a la corrosi\u00f3n, sino tambi\u00e9n por su buena colabilidad, porque es soldable y porque tambi\u00e9n puede ser utilizado como material de ajuste.<\/p><p><b>&#8211; V\u00c1LVULAS DE COMPUERTA<br \/>&#8211; V\u00c1LVULAS DE GLOBO<br \/>&#8211; V\u00c1LVULAS DE RETENCI\u00d3N<br \/>&#8211; V\u00c1LVULAS DE BOLA<\/b><\/p>\t\t\t\t\t<\/div>\n\t\t\t\t\t\t<\/div>\n\t\t\t\t<\/div>\n\t\t\t\t\t\t<\/div>\n\t\t\t\t\t<\/div>\n\t\t<\/div>\n\t\t\t\t\t\t\t\t<\/div>\n\t\t\t\t\t<\/div>\n\t\t<\/section>\n\t\t\t\t\t\t<\/div>\n\t\t\t\t\t<\/div>\n\t\t<\/div>\n\t\t\t\t\t\t\t\t<\/div>\n\t\t\t\t\t<\/div>\n\t\t<\/section>\n\t\t\t\t\t\t<\/div>\n\t\t\t\t\t\t<\/div>\n\t\t\t\t\t<\/div>\n\t\t","protected":false},"excerpt":{"rendered":"<p>Gracias a 90 a\u00f1os experiencia en fabricaci\u00f3n de v\u00e1lvulas de alta calidad, know-how tecnol\u00f3gico y la funder\u00eda de bronce interna, Conti fue capaz de dise\u00f1ar con \u00e9xito, desarrollar y fabricar una l\u00ednea de productos de bronce de aluminio. Las v\u00e1lvulas de bronce de aluminio est\u00e1n disponibles en categor\u00edas de presi\u00f3n, tama\u00f1os y estilos diferentes. La [&hellip;]<\/p>\n","protected":false},"author":1,"featured_media":0,"parent":1548,"menu_order":3,"comment_status":"closed","ping_status":"closed","template":"","meta":[],"yoast_head":"<!-- This site is optimized with the Yoast SEO plugin v16.3 - https:\/\/yoast.com\/wordpress\/plugins\/seo\/ -->\n<title>Bronce\/aluminio - Conti Rubinetterie<\/title>\n<meta name=\"robots\" content=\"index, follow, max-snippet:-1, max-image-preview:large, max-video-preview:-1\" \/>\n<link rel=\"canonical\" href=\"https:\/\/www.contivalves.com\/en\/applications\/bronze-aluminium-valves\/\" \/>\n<meta property=\"og:locale\" content=\"es_ES\" \/>\n<meta property=\"og:type\" content=\"article\" \/>\n<meta property=\"og:title\" content=\"Bronce\/aluminio - Conti Rubinetterie\" \/>\n<meta property=\"og:description\" content=\"Gracias a 90 a\u00f1os experiencia en fabricaci\u00f3n de v\u00e1lvulas de alta calidad, know-how tecnol\u00f3gico y la funder\u00eda de bronce interna, Conti fue capaz de dise\u00f1ar con \u00e9xito, desarrollar y fabricar una l\u00ednea de productos de bronce de aluminio. Las v\u00e1lvulas de bronce de aluminio est\u00e1n disponibles en categor\u00edas de presi\u00f3n, tama\u00f1os y estilos diferentes. La [&hellip;]\" \/>\n<meta property=\"og:url\" content=\"https:\/\/www.contivalves.com\/en\/applications\/bronze-aluminium-valves\/\" \/>\n<meta property=\"og:site_name\" content=\"Conti Rubinetterie\" \/>\n<meta property=\"article:modified_time\" content=\"2019-02-05T13:47:52+00:00\" \/>\n<meta name=\"twitter:card\" content=\"summary_large_image\" \/>\n<meta name=\"twitter:label1\" content=\"Tiempo de lectura\">\n\t<meta name=\"twitter:data1\" content=\"6 minutos\">\n<script type=\"application\/ld+json\" class=\"yoast-schema-graph\">{\"@context\":\"https:\/\/schema.org\",\"@graph\":[{\"@type\":\"Organization\",\"@id\":\"https:\/\/www.contivalves.com\/#organization\",\"name\":\"Conti Rubinetterie\",\"url\":\"https:\/\/www.contivalves.com\/\",\"sameAs\":[],\"logo\":{\"@type\":\"ImageObject\",\"@id\":\"https:\/\/www.contivalves.com\/#logo\",\"inLanguage\":\"es\",\"url\":\"https:\/\/www.contivalves.com\/wp-content\/uploads\/2018\/11\/conti-valves-rubinetterie-logo-sticky.png\",\"contentUrl\":\"https:\/\/www.contivalves.com\/wp-content\/uploads\/2018\/11\/conti-valves-rubinetterie-logo-sticky.png\",\"width\":199,\"height\":70,\"caption\":\"Conti Rubinetterie\"},\"image\":{\"@id\":\"https:\/\/www.contivalves.com\/#logo\"}},{\"@type\":\"WebSite\",\"@id\":\"https:\/\/www.contivalves.com\/#website\",\"url\":\"https:\/\/www.contivalves.com\/\",\"name\":\"Conti Rubinetterie\",\"description\":\"\",\"publisher\":{\"@id\":\"https:\/\/www.contivalves.com\/#organization\"},\"potentialAction\":[{\"@type\":\"SearchAction\",\"target\":\"https:\/\/www.contivalves.com\/?s={search_term_string}\",\"query-input\":\"required name=search_term_string\"}],\"inLanguage\":\"es\"},{\"@type\":\"WebPage\",\"@id\":\"https:\/\/www.contivalves.com\/en\/applications\/bronze-aluminium-valves\/#webpage\",\"url\":\"https:\/\/www.contivalves.com\/en\/applications\/bronze-aluminium-valves\/\",\"name\":\"Bronce\/aluminio - Conti Rubinetterie\",\"isPartOf\":{\"@id\":\"https:\/\/www.contivalves.com\/#website\"},\"datePublished\":\"2018-12-11T11:21:52+00:00\",\"dateModified\":\"2019-02-05T13:47:52+00:00\",\"breadcrumb\":{\"@id\":\"https:\/\/www.contivalves.com\/en\/applications\/bronze-aluminium-valves\/#breadcrumb\"},\"inLanguage\":\"es\",\"potentialAction\":[{\"@type\":\"ReadAction\",\"target\":[\"https:\/\/www.contivalves.com\/en\/applications\/bronze-aluminium-valves\/\"]}]},{\"@type\":\"BreadcrumbList\",\"@id\":\"https:\/\/www.contivalves.com\/en\/applications\/bronze-aluminium-valves\/#breadcrumb\",\"itemListElement\":[{\"@type\":\"ListItem\",\"position\":1,\"item\":{\"@type\":\"WebPage\",\"@id\":\"https:\/\/www.contivalves.com\/fr\/\",\"url\":\"https:\/\/www.contivalves.com\/fr\/\",\"name\":\"Home\"}},{\"@type\":\"ListItem\",\"position\":2,\"item\":{\"@type\":\"WebPage\",\"@id\":\"https:\/\/www.contivalves.com\/fr\/applications\/\",\"url\":\"https:\/\/www.contivalves.com\/fr\/applications\/\",\"name\":\"[:en]Applications[:it]Applicazioni[:es]Mercados[:fr]Applications[:de]Anwendungen[:]\"}},{\"@type\":\"ListItem\",\"position\":3,\"item\":{\"@id\":\"https:\/\/www.contivalves.com\/en\/applications\/bronze-aluminium-valves\/#webpage\"}}]}]}<\/script>\n<!-- \/ Yoast SEO plugin. -->","_links":{"self":[{"href":"https:\/\/www.contivalves.com\/es\/wp-json\/wp\/v2\/pages\/1703"}],"collection":[{"href":"https:\/\/www.contivalves.com\/es\/wp-json\/wp\/v2\/pages"}],"about":[{"href":"https:\/\/www.contivalves.com\/es\/wp-json\/wp\/v2\/types\/page"}],"author":[{"embeddable":true,"href":"https:\/\/www.contivalves.com\/es\/wp-json\/wp\/v2\/users\/1"}],"replies":[{"embeddable":true,"href":"https:\/\/www.contivalves.com\/es\/wp-json\/wp\/v2\/comments?post=1703"}],"version-history":[{"count":21,"href":"https:\/\/www.contivalves.com\/es\/wp-json\/wp\/v2\/pages\/1703\/revisions"}],"predecessor-version":[{"id":2126,"href":"https:\/\/www.contivalves.com\/es\/wp-json\/wp\/v2\/pages\/1703\/revisions\/2126"}],"up":[{"embeddable":true,"href":"https:\/\/www.contivalves.com\/es\/wp-json\/wp\/v2\/pages\/1548"}],"wp:attachment":[{"href":"https:\/\/www.contivalves.com\/es\/wp-json\/wp\/v2\/media?parent=1703"}],"curies":[{"name":"wp","href":"https:\/\/api.w.org\/{rel}","templated":true}]}}