{"id":435,"date":"2018-11-15T14:57:54","date_gmt":"2018-11-15T13:57:54","guid":{"rendered":"https:\/\/www.contivalves.com\/?page_id=435"},"modified":"2021-03-16T09:15:39","modified_gmt":"2021-03-16T08:15:39","slug":"soluzioni-personalizzate","status":"publish","type":"page","link":"https:\/\/www.contivalves.com\/es\/mercados\/soluciones-de-valvulas-de-ingenieria\/","title":{"rendered":"[:en]Custom engineered solutions[:it]Soluzioni personalizzate[:es]Soluciones de v\u00e1lvulas de ingenier\u00eda[:fr]Solutions de soupapes sp\u00e9cialis\u00e9s[:de]Personifizierte L\u00f6sungen[:]"},"content":{"rendered":"\t\t<div data-elementor-type=\"wp-post\" data-elementor-id=\"435\" class=\"elementor elementor-435\" data-elementor-settings=\"[]\">\n\t\t\t\t\t\t<div class=\"elementor-inner\">\n\t\t\t\t\t\t\t<div class=\"elementor-section-wrap\">\n\t\t\t\t\t\t\t<section class=\"elementor-section elementor-top-section elementor-element elementor-element-2fa2518 elementor-section-boxed elementor-section-height-default elementor-section-height-default\" data-id=\"2fa2518\" data-element_type=\"section\">\n\t\t\t\t\t\t<div class=\"elementor-container elementor-column-gap-default\">\n\t\t\t\t\t\t\t<div class=\"elementor-row\">\n\t\t\t\t\t<div class=\"elementor-column elementor-col-100 elementor-top-column elementor-element elementor-element-5b21c73\" data-id=\"5b21c73\" data-element_type=\"column\">\n\t\t\t<div class=\"elementor-column-wrap elementor-element-populated\">\n\t\t\t\t\t\t\t<div class=\"elementor-widget-wrap\">\n\t\t\t\t\t\t<section class=\"elementor-section elementor-inner-section elementor-element elementor-element-e0bdad5 elementor-section-boxed elementor-section-height-default elementor-section-height-default\" data-id=\"e0bdad5\" data-element_type=\"section\">\n\t\t\t\t\t\t<div class=\"elementor-container elementor-column-gap-default\">\n\t\t\t\t\t\t\t<div class=\"elementor-row\">\n\t\t\t\t\t<div class=\"elementor-column elementor-col-50 elementor-inner-column elementor-element elementor-element-47990b6\" data-id=\"47990b6\" data-element_type=\"column\">\n\t\t\t<div class=\"elementor-column-wrap elementor-element-populated\">\n\t\t\t\t\t\t\t<div class=\"elementor-widget-wrap\">\n\t\t\t\t\t\t<div class=\"elementor-element elementor-element-15e651e elementor-widget elementor-widget-heading\" data-id=\"15e651e\" data-element_type=\"widget\" data-widget_type=\"heading.default\">\n\t\t\t\t<div class=\"elementor-widget-container\">\n\t\t\t<h2 class=\"elementor-heading-title elementor-size-default\">Conti Rubinetterie pone a disposici\u00f3n toda su experiencia y sus recursos, y entecha colaboraci\u00f3n con sus clientes, estudia, dise\u00f1a y crea soluciones personalizadas respetando las especificaciones provistas. La funder\u00eda interna, el uso de las tecnolog\u00edas m\u00e1s avanzadas y software sofisticados para el dise\u00f1o con la garant\u00eda de m\u00e1xima flexibilidad rapidez de ejecuci\u00f3n para todos los requerimientos y las realizaciones que no sean est\u00e1ndar.<\/h2>\t\t<\/div>\n\t\t\t\t<\/div>\n\t\t\t\t\t\t<\/div>\n\t\t\t\t\t<\/div>\n\t\t<\/div>\n\t\t\t\t<div class=\"elementor-column elementor-col-50 elementor-inner-column elementor-element elementor-element-8668b83\" data-id=\"8668b83\" data-element_type=\"column\">\n\t\t\t<div class=\"elementor-column-wrap elementor-element-populated\">\n\t\t\t\t\t\t\t<div class=\"elementor-widget-wrap\">\n\t\t\t\t\t\t<div class=\"elementor-element elementor-element-8a2cfa6 elementor-widget elementor-widget-text-editor\" data-id=\"8a2cfa6\" data-element_type=\"widget\" data-widget_type=\"text-editor.default\">\n\t\t\t\t<div class=\"elementor-widget-container\">\n\t\t\t\t\t\t\t\t<div class=\"elementor-text-editor elementor-clearfix\">\n\t\t\t\t\tCon la fundaci\u00f3n de nuestra divisi\u00f3n dedicada a las SOLUCIONES DE INGENIER\u00cdA PERSONALIZADAS en 2006, podemos brindar el mismo nivel de investigaci\u00f3n y desarrollo para sus productos que aplicamos a los nuestros. Esto combinado con la operaci\u00f3n de manufactura de nivel mundial, da un resultado imbatible para apoyar sus necesidades exclusivas de producto. \n\nNuestras v\u00e1lvulas tienen dise\u00f1os personalizados para satisfacer sus par\u00e1metros estrictos. Para garantizar el ajuste correcto, ofrecemos una amplia gama de opciones \u2013 desde v\u00e1lvulas de aleaciones \u00fanicas a accesorios a medida. Estas selecciones pueden combinarse en muchas formas para crear una soluci\u00f3n distintiva. \n\nSu soluci\u00f3n personalizada se basar\u00e1 en nuestra cartera de productos. Revise nuestras ofertas y br\u00edndenos especificaciones para ayudar a determinar qu\u00e9 tipo de v\u00e1lvula y configuraci\u00f3n satisfar\u00e1 sus requisitos. \n\nCada v\u00e1lvula puede hacerse con la mayor\u00eda de los tipos y tama\u00f1os de bridas, conexiones soldadas, NPT o conexiones de tubos. A continuaci\u00f3n se detallan las opciones de personalizaci\u00f3n principales que usted puede consultar para crear la soluci\u00f3n de v\u00e1lvulas personalizadas que satisfaga mejor sus necesidades y especificaciones:\t\t\t\t\t<\/div>\n\t\t\t\t\t\t<\/div>\n\t\t\t\t<\/div>\n\t\t\t\t<div class=\"elementor-element elementor-element-94e171a elementor-widget elementor-widget-text-editor\" data-id=\"94e171a\" data-element_type=\"widget\" data-widget_type=\"text-editor.default\">\n\t\t\t\t<div class=\"elementor-widget-container\">\n\t\t\t\t\t\t\t\t<div class=\"elementor-text-editor elementor-clearfix\">\n\t\t\t\t\t<p><\/p><ul><li><span style=\"font-weight: 600;\">ALEACIONES DE V\u00c1LVULA<\/span><\/li><li><span style=\"font-weight: 600;\">CONEXIONES DE LOS EXTREMOS<\/span><\/li><li><span style=\"font-weight: 600;\">SELECCIONES DE CUBIERTA SUPERIOR<\/span><\/li><li><span style=\"font-weight: 600;\">SOLUCIONES Y MATERIALES DE REGULADORES DE V\u00c1LVULAS<\/span><\/li><li><span style=\"font-weight: 600;\">OPCIONES DE EMBALAJE<\/span><\/li><li><span style=\"font-weight: 600;\">TEMPERATURA DE FUNCIONAMIENTO Y PAR\u00c1METROS DE LA PRESI\u00d3N<\/span><\/li><li><span style=\"font-weight: 600;\">ACCESORIOS HECHOS A MEDIDA<\/span><\/li><\/ul><p><\/p>\t\t\t\t\t<\/div>\n\t\t\t\t\t\t<\/div>\n\t\t\t\t<\/div>\n\t\t\t\t\t\t<\/div>\n\t\t\t\t\t<\/div>\n\t\t<\/div>\n\t\t\t\t\t\t\t\t<\/div>\n\t\t\t\t\t<\/div>\n\t\t<\/section>\n\t\t\t\t\t\t<\/div>\n\t\t\t\t\t<\/div>\n\t\t<\/div>\n\t\t\t\t\t\t\t\t<\/div>\n\t\t\t\t\t<\/div>\n\t\t<\/section>\n\t\t\t\t<section class=\"elementor-section elementor-top-section elementor-element elementor-element-0681818 elementor-section-boxed elementor-section-height-default elementor-section-height-default\" data-id=\"0681818\" data-element_type=\"section\">\n\t\t\t\t\t\t<div class=\"elementor-container elementor-column-gap-default\">\n\t\t\t\t\t\t\t<div class=\"elementor-row\">\n\t\t\t\t\t<div class=\"elementor-column elementor-col-100 elementor-top-column elementor-element elementor-element-8222097\" data-id=\"8222097\" data-element_type=\"column\">\n\t\t\t<div class=\"elementor-column-wrap\">\n\t\t\t\t\t\t\t<div class=\"elementor-widget-wrap\">\n\t\t\t\t\t\t\t\t<\/div>\n\t\t\t\t\t<\/div>\n\t\t<\/div>\n\t\t\t\t\t\t\t\t<\/div>\n\t\t\t\t\t<\/div>\n\t\t<\/section>\n\t\t\t\t\t\t<\/div>\n\t\t\t\t\t\t<\/div>\n\t\t\t\t\t<\/div>\n\t\t","protected":false},"excerpt":{"rendered":"<p>Conti Rubinetterie pone a disposici\u00f3n toda su experiencia y sus recursos, y entecha colaboraci\u00f3n con sus clientes, estudia, dise\u00f1a y crea soluciones personalizadas respetando las especificaciones provistas. La funder\u00eda interna, el uso de las tecnolog\u00edas m\u00e1s avanzadas y software sofisticados para el dise\u00f1o con la garant\u00eda de m\u00e1xima flexibilidad rapidez de ejecuci\u00f3n para todos los [&hellip;]<\/p>\n","protected":false},"author":1,"featured_media":0,"parent":1548,"menu_order":2,"comment_status":"closed","ping_status":"closed","template":"","meta":[],"yoast_head":"<!-- This site is optimized with the Yoast SEO plugin v16.3 - https:\/\/yoast.com\/wordpress\/plugins\/seo\/ -->\n<title>Soluciones de v\u00e1lvulas de ingenier\u00eda - Conti Rubinetterie<\/title>\n<meta name=\"robots\" content=\"index, follow, max-snippet:-1, max-image-preview:large, max-video-preview:-1\" \/>\n<link rel=\"canonical\" href=\"https:\/\/www.contivalves.com\/applicazioni\/soluzioni-personalizzate\/\" \/>\n<meta property=\"og:locale\" content=\"es_ES\" \/>\n<meta property=\"og:type\" content=\"article\" \/>\n<meta property=\"og:title\" content=\"Soluciones de v\u00e1lvulas de ingenier\u00eda - Conti Rubinetterie\" \/>\n<meta property=\"og:description\" content=\"Conti Rubinetterie pone a disposici\u00f3n toda su experiencia y sus recursos, y entecha colaboraci\u00f3n con sus clientes, estudia, dise\u00f1a y crea soluciones personalizadas respetando las especificaciones provistas. La funder\u00eda interna, el uso de las tecnolog\u00edas m\u00e1s avanzadas y software sofisticados para el dise\u00f1o con la garant\u00eda de m\u00e1xima flexibilidad rapidez de ejecuci\u00f3n para todos los [&hellip;]\" \/>\n<meta property=\"og:url\" content=\"https:\/\/www.contivalves.com\/applicazioni\/soluzioni-personalizzate\/\" \/>\n<meta property=\"og:site_name\" content=\"Conti Rubinetterie\" \/>\n<meta property=\"article:modified_time\" content=\"2021-03-16T08:15:39+00:00\" \/>\n<meta property=\"og:image\" content=\"https:\/\/www.contivalves.com\/wp-content\/uploads\/2018\/11\/conti-soluzioni-personalizzate-2-300x240.jpg\" \/>\n<meta name=\"twitter:card\" content=\"summary_large_image\" \/>\n<meta name=\"twitter:label1\" content=\"Tiempo de lectura\">\n\t<meta name=\"twitter:data1\" content=\"7 minutos\">\n<script type=\"application\/ld+json\" class=\"yoast-schema-graph\">{\"@context\":\"https:\/\/schema.org\",\"@graph\":[{\"@type\":\"Organization\",\"@id\":\"https:\/\/www.contivalves.com\/#organization\",\"name\":\"Conti Rubinetterie\",\"url\":\"https:\/\/www.contivalves.com\/\",\"sameAs\":[],\"logo\":{\"@type\":\"ImageObject\",\"@id\":\"https:\/\/www.contivalves.com\/#logo\",\"inLanguage\":\"es\",\"url\":\"https:\/\/www.contivalves.com\/wp-content\/uploads\/2018\/11\/conti-valves-rubinetterie-logo-sticky.png\",\"contentUrl\":\"https:\/\/www.contivalves.com\/wp-content\/uploads\/2018\/11\/conti-valves-rubinetterie-logo-sticky.png\",\"width\":199,\"height\":70,\"caption\":\"Conti Rubinetterie\"},\"image\":{\"@id\":\"https:\/\/www.contivalves.com\/#logo\"}},{\"@type\":\"WebSite\",\"@id\":\"https:\/\/www.contivalves.com\/#website\",\"url\":\"https:\/\/www.contivalves.com\/\",\"name\":\"Conti Rubinetterie\",\"description\":\"\",\"publisher\":{\"@id\":\"https:\/\/www.contivalves.com\/#organization\"},\"potentialAction\":[{\"@type\":\"SearchAction\",\"target\":\"https:\/\/www.contivalves.com\/?s={search_term_string}\",\"query-input\":\"required name=search_term_string\"}],\"inLanguage\":\"es\"},{\"@type\":\"ImageObject\",\"@id\":\"https:\/\/www.contivalves.com\/applicazioni\/soluzioni-personalizzate\/#primaryimage\",\"inLanguage\":\"es\",\"url\":\"https:\/\/www.contivalves.com\/wp-content\/uploads\/2018\/11\/conti-soluzioni-personalizzate-2.jpg\",\"contentUrl\":\"https:\/\/www.contivalves.com\/wp-content\/uploads\/2018\/11\/conti-soluzioni-personalizzate-2.jpg\",\"width\":1181,\"height\":945},{\"@type\":\"WebPage\",\"@id\":\"https:\/\/www.contivalves.com\/applicazioni\/soluzioni-personalizzate\/#webpage\",\"url\":\"https:\/\/www.contivalves.com\/applicazioni\/soluzioni-personalizzate\/\",\"name\":\"Soluciones de v\\u00e1lvulas de ingenier\\u00eda - Conti Rubinetterie\",\"isPartOf\":{\"@id\":\"https:\/\/www.contivalves.com\/#website\"},\"primaryImageOfPage\":{\"@id\":\"https:\/\/www.contivalves.com\/applicazioni\/soluzioni-personalizzate\/#primaryimage\"},\"datePublished\":\"2018-11-15T13:57:54+00:00\",\"dateModified\":\"2021-03-16T08:15:39+00:00\",\"breadcrumb\":{\"@id\":\"https:\/\/www.contivalves.com\/applicazioni\/soluzioni-personalizzate\/#breadcrumb\"},\"inLanguage\":\"es\",\"potentialAction\":[{\"@type\":\"ReadAction\",\"target\":[\"https:\/\/www.contivalves.com\/applicazioni\/soluzioni-personalizzate\/\"]}]},{\"@type\":\"BreadcrumbList\",\"@id\":\"https:\/\/www.contivalves.com\/applicazioni\/soluzioni-personalizzate\/#breadcrumb\",\"itemListElement\":[{\"@type\":\"ListItem\",\"position\":1,\"item\":{\"@type\":\"WebPage\",\"@id\":\"https:\/\/www.contivalves.com\/fr\/\",\"url\":\"https:\/\/www.contivalves.com\/fr\/\",\"name\":\"Home\"}},{\"@type\":\"ListItem\",\"position\":2,\"item\":{\"@type\":\"WebPage\",\"@id\":\"https:\/\/www.contivalves.com\/fr\/applications\/\",\"url\":\"https:\/\/www.contivalves.com\/fr\/applications\/\",\"name\":\"[:en]Applications[:it]Applicazioni[:es]Mercados[:fr]Applications[:de]Anwendungen[:]\"}},{\"@type\":\"ListItem\",\"position\":3,\"item\":{\"@id\":\"https:\/\/www.contivalves.com\/applicazioni\/soluzioni-personalizzate\/#webpage\"}}]}]}<\/script>\n<!-- \/ Yoast SEO plugin. -->","_links":{"self":[{"href":"https:\/\/www.contivalves.com\/es\/wp-json\/wp\/v2\/pages\/435"}],"collection":[{"href":"https:\/\/www.contivalves.com\/es\/wp-json\/wp\/v2\/pages"}],"about":[{"href":"https:\/\/www.contivalves.com\/es\/wp-json\/wp\/v2\/types\/page"}],"author":[{"embeddable":true,"href":"https:\/\/www.contivalves.com\/es\/wp-json\/wp\/v2\/users\/1"}],"replies":[{"embeddable":true,"href":"https:\/\/www.contivalves.com\/es\/wp-json\/wp\/v2\/comments?post=435"}],"version-history":[{"count":13,"href":"https:\/\/www.contivalves.com\/es\/wp-json\/wp\/v2\/pages\/435\/revisions"}],"predecessor-version":[{"id":2295,"href":"https:\/\/www.contivalves.com\/es\/wp-json\/wp\/v2\/pages\/435\/revisions\/2295"}],"up":[{"embeddable":true,"href":"https:\/\/www.contivalves.com\/es\/wp-json\/wp\/v2\/pages\/1548"}],"wp:attachment":[{"href":"https:\/\/www.contivalves.com\/es\/wp-json\/wp\/v2\/media?parent=435"}],"curies":[{"name":"wp","href":"https:\/\/api.w.org\/{rel}","templated":true}]}}