{"id":107,"date":"2018-11-13T14:42:04","date_gmt":"2018-11-13T13:42:04","guid":{"rendered":"https:\/\/www.contivalves.com\/?page_id=107"},"modified":"2021-03-15T15:44:36","modified_gmt":"2021-03-15T14:44:36","slug":"mission","status":"publish","type":"page","link":"https:\/\/www.contivalves.com\/fr\/qui-nous-sommes\/mission\/","title":{"rendered":"Mission"},"content":{"rendered":"\t\t<div data-elementor-type=\"wp-post\" data-elementor-id=\"107\" class=\"elementor elementor-107\" data-elementor-settings=\"[]\">\n\t\t\t\t\t\t<div class=\"elementor-inner\">\n\t\t\t\t\t\t\t<div class=\"elementor-section-wrap\">\n\t\t\t\t\t\t\t<section class=\"elementor-section elementor-inner-section elementor-element elementor-element-0fecdaf elementor-section-boxed elementor-section-height-default elementor-section-height-default\" data-id=\"0fecdaf\" data-element_type=\"section\">\n\t\t\t\t\t\t<div class=\"elementor-container elementor-column-gap-default\">\n\t\t\t\t\t\t\t<div class=\"elementor-row\">\n\t\t\t\t\t<div class=\"elementor-column elementor-col-50 elementor-inner-column elementor-element elementor-element-3282ce3\" data-id=\"3282ce3\" data-element_type=\"column\">\n\t\t\t<div class=\"elementor-column-wrap\">\n\t\t\t\t\t\t\t<div class=\"elementor-widget-wrap\">\n\t\t\t\t\t\t\t\t<\/div>\n\t\t\t\t\t<\/div>\n\t\t<\/div>\n\t\t\t\t<div class=\"elementor-column elementor-col-50 elementor-inner-column elementor-element elementor-element-6755cd1\" data-id=\"6755cd1\" data-element_type=\"column\">\n\t\t\t<div class=\"elementor-column-wrap elementor-element-populated\">\n\t\t\t\t\t\t\t<div class=\"elementor-widget-wrap\">\n\t\t\t\t\t\t<div class=\"elementor-element elementor-element-c03ebb0 elementor-widget elementor-widget-text-editor\" data-id=\"c03ebb0\" data-element_type=\"widget\" data-widget_type=\"text-editor.default\">\n\t\t\t\t<div class=\"elementor-widget-container\">\n\t\t\t\t\t\t\t\t<div class=\"elementor-text-editor elementor-clearfix\">\n\t\t\t\t\t<p>Depuis plus de 100 ans notre objectif est celui d&#8217;\u00eatre le premier choix de nos clients dans tous les march\u00e9s fournis par notre soci\u00e9t\u00e9, en proposant de solutions innovantes aussi bien que qualit\u00e9 et excellence op\u00e9rationnelle visant aux plus \u00e9lev\u00e9s standards qualitatifs. <\/p>\t\t\t\t\t<\/div>\n\t\t\t\t\t\t<\/div>\n\t\t\t\t<\/div>\n\t\t\t\t\t\t<\/div>\n\t\t\t\t\t<\/div>\n\t\t<\/div>\n\t\t\t\t\t\t\t\t<\/div>\n\t\t\t\t\t<\/div>\n\t\t<\/section>\n\t\t\t\t<section class=\"elementor-section elementor-top-section elementor-element elementor-element-54e7713 elementor-section-boxed elementor-section-height-default elementor-section-height-default\" data-id=\"54e7713\" data-element_type=\"section\">\n\t\t\t\t\t\t<div class=\"elementor-container elementor-column-gap-default\">\n\t\t\t\t\t\t\t<div class=\"elementor-row\">\n\t\t\t\t\t<div class=\"elementor-column elementor-col-100 elementor-top-column elementor-element elementor-element-2c58f1f\" data-id=\"2c58f1f\" data-element_type=\"column\">\n\t\t\t<div class=\"elementor-column-wrap elementor-element-populated\">\n\t\t\t\t\t\t\t<div class=\"elementor-widget-wrap\">\n\t\t\t\t\t\t<div class=\"elementor-element elementor-element-f9f6526 elementor-widget elementor-widget-image\" data-id=\"f9f6526\" data-element_type=\"widget\" data-widget_type=\"image.default\">\n\t\t\t\t<div class=\"elementor-widget-container\">\n\t\t\t\t\t\t\t\t<div class=\"elementor-image\">\n\t\t\t\t\t\t\t\t\t\t\t\t<img width=\"1024\" height=\"506\" src=\"https:\/\/www.contivalves.com\/wp-content\/uploads\/2018\/12\/world-map-conti-1024x506.png\" class=\"attachment-large size-large\" alt=\"\" loading=\"lazy\" srcset=\"https:\/\/www.contivalves.com\/wp-content\/uploads\/2018\/12\/world-map-conti-1024x506.png 1024w, https:\/\/www.contivalves.com\/wp-content\/uploads\/2018\/12\/world-map-conti-300x148.png 300w, https:\/\/www.contivalves.com\/wp-content\/uploads\/2018\/12\/world-map-conti-768x379.png 768w, https:\/\/www.contivalves.com\/wp-content\/uploads\/2018\/12\/world-map-conti.png 1500w\" sizes=\"(max-width: 1024px) 100vw, 1024px\" \/>\t\t\t\t\t\t\t\t\t\t\t\t\t\t<\/div>\n\t\t\t\t\t\t<\/div>\n\t\t\t\t<\/div>\n\t\t\t\t\t\t<\/div>\n\t\t\t\t\t<\/div>\n\t\t<\/div>\n\t\t\t\t\t\t\t\t<\/div>\n\t\t\t\t\t<\/div>\n\t\t<\/section>\n\t\t\t\t\t\t<\/div>\n\t\t\t\t\t\t<\/div>\n\t\t\t\t\t<\/div>\n\t\t","protected":false},"excerpt":{"rendered":"<p>Soupapes construites pour durer dans le temps&#8230; &#8211; Giovanni Conti 1931 Depuis plus de 100 ans notre objectif est celui d&#8217;\u00eatre le premier choix de nos clients dans tous les march\u00e9s fournis par notre soci\u00e9t\u00e9, en proposant de solutions innovantes aussi bien que qualit\u00e9 et excellence op\u00e9rationnelle visant aux plus \u00e9lev\u00e9s standards qualitatifs.<\/p>\n","protected":false},"author":1,"featured_media":0,"parent":1551,"menu_order":1,"comment_status":"closed","ping_status":"closed","template":"","meta":[],"yoast_head":"<!-- This site is optimized with the Yoast SEO plugin v16.3 - https:\/\/yoast.com\/wordpress\/plugins\/seo\/ -->\n<title>Mission - Conti Rubinetterie<\/title>\n<meta name=\"robots\" content=\"index, follow, max-snippet:-1, max-image-preview:large, max-video-preview:-1\" \/>\n<link rel=\"canonical\" href=\"https:\/\/www.contivalves.com\/de\/wir-uber-uns\/mission\/\" \/>\n<meta property=\"og:locale\" content=\"fr_FR\" \/>\n<meta property=\"og:type\" content=\"article\" \/>\n<meta property=\"og:title\" content=\"Mission - Conti Rubinetterie\" \/>\n<meta property=\"og:description\" content=\"Soupapes construites pour durer dans le temps&#8230; &#8211; Giovanni Conti 1931 Depuis plus de 100 ans notre objectif est celui d&#8217;\u00eatre le premier choix de nos clients dans tous les march\u00e9s fournis par notre soci\u00e9t\u00e9, en proposant de solutions innovantes aussi bien que qualit\u00e9 et excellence op\u00e9rationnelle visant aux plus \u00e9lev\u00e9s standards qualitatifs.\" \/>\n<meta property=\"og:url\" content=\"https:\/\/www.contivalves.com\/de\/wir-uber-uns\/mission\/\" \/>\n<meta property=\"og:site_name\" content=\"Conti Rubinetterie\" \/>\n<meta property=\"article:modified_time\" content=\"2021-03-15T14:44:36+00:00\" \/>\n<meta property=\"og:image\" content=\"https:\/\/www.contivalves.com\/wp-content\/uploads\/2018\/12\/world-map-conti-1024x506.png\" \/>\n<meta name=\"twitter:card\" content=\"summary_large_image\" \/>\n<meta name=\"twitter:label1\" content=\"Dur\u00e9e de lecture est.\">\n\t<meta name=\"twitter:data1\" content=\"1 minute\">\n<script type=\"application\/ld+json\" class=\"yoast-schema-graph\">{\"@context\":\"https:\/\/schema.org\",\"@graph\":[{\"@type\":\"Organization\",\"@id\":\"https:\/\/www.contivalves.com\/#organization\",\"name\":\"Conti Rubinetterie\",\"url\":\"https:\/\/www.contivalves.com\/\",\"sameAs\":[],\"logo\":{\"@type\":\"ImageObject\",\"@id\":\"https:\/\/www.contivalves.com\/#logo\",\"inLanguage\":\"fr-FR\",\"url\":\"https:\/\/www.contivalves.com\/wp-content\/uploads\/2018\/11\/conti-valves-rubinetterie-logo-sticky.png\",\"contentUrl\":\"https:\/\/www.contivalves.com\/wp-content\/uploads\/2018\/11\/conti-valves-rubinetterie-logo-sticky.png\",\"width\":199,\"height\":70,\"caption\":\"Conti Rubinetterie\"},\"image\":{\"@id\":\"https:\/\/www.contivalves.com\/#logo\"}},{\"@type\":\"WebSite\",\"@id\":\"https:\/\/www.contivalves.com\/#website\",\"url\":\"https:\/\/www.contivalves.com\/\",\"name\":\"Conti Rubinetterie\",\"description\":\"\",\"publisher\":{\"@id\":\"https:\/\/www.contivalves.com\/#organization\"},\"potentialAction\":[{\"@type\":\"SearchAction\",\"target\":\"https:\/\/www.contivalves.com\/?s={search_term_string}\",\"query-input\":\"required name=search_term_string\"}],\"inLanguage\":\"fr-FR\"},{\"@type\":\"ImageObject\",\"@id\":\"https:\/\/www.contivalves.com\/de\/wir-uber-uns\/mission\/#primaryimage\",\"inLanguage\":\"fr-FR\",\"url\":\"https:\/\/www.contivalves.com\/wp-content\/uploads\/2018\/12\/world-map-conti.png\",\"contentUrl\":\"https:\/\/www.contivalves.com\/wp-content\/uploads\/2018\/12\/world-map-conti.png\",\"width\":1500,\"height\":741},{\"@type\":\"WebPage\",\"@id\":\"https:\/\/www.contivalves.com\/de\/wir-uber-uns\/mission\/#webpage\",\"url\":\"https:\/\/www.contivalves.com\/de\/wir-uber-uns\/mission\/\",\"name\":\"Mission - Conti Rubinetterie\",\"isPartOf\":{\"@id\":\"https:\/\/www.contivalves.com\/#website\"},\"primaryImageOfPage\":{\"@id\":\"https:\/\/www.contivalves.com\/de\/wir-uber-uns\/mission\/#primaryimage\"},\"datePublished\":\"2018-11-13T13:42:04+00:00\",\"dateModified\":\"2021-03-15T14:44:36+00:00\",\"breadcrumb\":{\"@id\":\"https:\/\/www.contivalves.com\/de\/wir-uber-uns\/mission\/#breadcrumb\"},\"inLanguage\":\"fr-FR\",\"potentialAction\":[{\"@type\":\"ReadAction\",\"target\":[\"https:\/\/www.contivalves.com\/de\/wir-uber-uns\/mission\/\"]}]},{\"@type\":\"BreadcrumbList\",\"@id\":\"https:\/\/www.contivalves.com\/de\/wir-uber-uns\/mission\/#breadcrumb\",\"itemListElement\":[{\"@type\":\"ListItem\",\"position\":1,\"item\":{\"@type\":\"WebPage\",\"@id\":\"https:\/\/www.contivalves.com\/fr\/\",\"url\":\"https:\/\/www.contivalves.com\/fr\/\",\"name\":\"Home\"}},{\"@type\":\"ListItem\",\"position\":2,\"item\":{\"@type\":\"WebPage\",\"@id\":\"https:\/\/www.contivalves.com\/fr\/qui-nous-sommes\/\",\"url\":\"https:\/\/www.contivalves.com\/fr\/qui-nous-sommes\/\",\"name\":\"[:en]Company[:it]Azienda[:es]Empresa[:fr]Qui nous sommes[:de]WIR \\u00dcBER UNS[:]\"}},{\"@type\":\"ListItem\",\"position\":3,\"item\":{\"@id\":\"https:\/\/www.contivalves.com\/de\/wir-uber-uns\/mission\/#webpage\"}}]}]}<\/script>\n<!-- \/ Yoast SEO plugin. -->","_links":{"self":[{"href":"https:\/\/www.contivalves.com\/fr\/wp-json\/wp\/v2\/pages\/107"}],"collection":[{"href":"https:\/\/www.contivalves.com\/fr\/wp-json\/wp\/v2\/pages"}],"about":[{"href":"https:\/\/www.contivalves.com\/fr\/wp-json\/wp\/v2\/types\/page"}],"author":[{"embeddable":true,"href":"https:\/\/www.contivalves.com\/fr\/wp-json\/wp\/v2\/users\/1"}],"replies":[{"embeddable":true,"href":"https:\/\/www.contivalves.com\/fr\/wp-json\/wp\/v2\/comments?post=107"}],"version-history":[{"count":17,"href":"https:\/\/www.contivalves.com\/fr\/wp-json\/wp\/v2\/pages\/107\/revisions"}],"predecessor-version":[{"id":2254,"href":"https:\/\/www.contivalves.com\/fr\/wp-json\/wp\/v2\/pages\/107\/revisions\/2254"}],"up":[{"embeddable":true,"href":"https:\/\/www.contivalves.com\/fr\/wp-json\/wp\/v2\/pages\/1551"}],"wp:attachment":[{"href":"https:\/\/www.contivalves.com\/fr\/wp-json\/wp\/v2\/media?parent=107"}],"curies":[{"name":"wp","href":"https:\/\/api.w.org\/{rel}","templated":true}]}}