{"id":113,"date":"2018-11-13T14:42:33","date_gmt":"2018-11-13T13:42:33","guid":{"rendered":"https:\/\/www.contivalves.com\/?page_id=113"},"modified":"2021-06-28T09:27:44","modified_gmt":"2021-06-28T07:27:44","slug":"produzione","status":"publish","type":"page","link":"https:\/\/www.contivalves.com\/fr\/qui-nous-sommes\/production\/","title":{"rendered":"[:en]Production process[:it]Produzione[:es]Producci\u00f3n[:fr]Production[:de]Produktion[:]"},"content":{"rendered":"\t\t<div data-elementor-type=\"wp-post\" data-elementor-id=\"113\" class=\"elementor elementor-113\" data-elementor-settings=\"[]\">\n\t\t\t\t\t\t<div class=\"elementor-inner\">\n\t\t\t\t\t\t\t<div class=\"elementor-section-wrap\">\n\t\t\t\t\t\t\t<section class=\"elementor-section elementor-inner-section elementor-element elementor-element-b06e5b7 elementor-section-boxed elementor-section-height-default elementor-section-height-default\" data-id=\"b06e5b7\" data-element_type=\"section\">\n\t\t\t\t\t\t<div class=\"elementor-container elementor-column-gap-default\">\n\t\t\t\t\t\t\t<div class=\"elementor-row\">\n\t\t\t\t\t<div class=\"elementor-column elementor-col-100 elementor-inner-column elementor-element elementor-element-606d451\" data-id=\"606d451\" data-element_type=\"column\">\n\t\t\t<div class=\"elementor-column-wrap elementor-element-populated\">\n\t\t\t\t\t\t\t<div class=\"elementor-widget-wrap\">\n\t\t\t\t\t\t<div class=\"elementor-element elementor-element-77767bf elementor-widget elementor-widget-heading\" data-id=\"77767bf\" data-element_type=\"widget\" data-widget_type=\"heading.default\">\n\t\t\t\t<div class=\"elementor-widget-container\">\n\t\t\t<h2 class=\"elementor-heading-title elementor-size-default\">Conti est une soci\u00e9t\u00e9 reconnue et appr\u00e9ci\u00e9e \u00e0 l\u2019\u00e9chelle internationale dans diverses industries et applications aux plus hauts niveaux de qualit\u00e9, pr\u00e9cision et s\u00e9curit\u00e9.<\/h2>\t\t<\/div>\n\t\t\t\t<\/div>\n\t\t\t\t<div class=\"elementor-element elementor-element-7ed44d6 elementor-widget elementor-widget-text-editor\" data-id=\"7ed44d6\" data-element_type=\"widget\" data-widget_type=\"text-editor.default\">\n\t\t\t\t<div class=\"elementor-widget-container\">\n\t\t\t\t\t\t\t\t<div class=\"elementor-text-editor elementor-clearfix\">\n\t\t\t\t\t<p>L\u2019un des principaux choix strat\u00e9giques qui nous ont permis d&#8217;arriver \u00e0 ce niveau de qualit\u00e9 est le contr\u00f4le de tout le processus de production, du stade de la programmation jusqu\u2019aux essais d\u00e9finitifs ex\u00e9cut\u00e9s sur 100% de la production.<\/p>\t\t\t\t\t<\/div>\n\t\t\t\t\t\t<\/div>\n\t\t\t\t<\/div>\n\t\t\t\t\t\t<\/div>\n\t\t\t\t\t<\/div>\n\t\t<\/div>\n\t\t\t\t\t\t\t\t<\/div>\n\t\t\t\t\t<\/div>\n\t\t<\/section>\n\t\t\t\t<section class=\"elementor-section elementor-top-section elementor-element elementor-element-f5d617d elementor-section-full_width elementor-section-stretched elementor-section-height-default elementor-section-height-default\" data-id=\"f5d617d\" data-element_type=\"section\" data-settings=\"{&quot;stretch_section&quot;:&quot;section-stretched&quot;}\">\n\t\t\t\t\t\t<div class=\"elementor-container elementor-column-gap-no\">\n\t\t\t\t\t\t\t<div class=\"elementor-row\">\n\t\t\t\t\t<div class=\"elementor-column elementor-col-100 elementor-top-column elementor-element elementor-element-1a35ba7\" data-id=\"1a35ba7\" data-element_type=\"column\">\n\t\t\t<div class=\"elementor-column-wrap\">\n\t\t\t\t\t\t\t<div class=\"elementor-widget-wrap\">\n\t\t\t\t\t\t\t\t<\/div>\n\t\t\t\t\t<\/div>\n\t\t<\/div>\n\t\t\t\t\t\t\t\t<\/div>\n\t\t\t\t\t<\/div>\n\t\t<\/section>\n\t\t\t\t<section class=\"elementor-section elementor-top-section elementor-element elementor-element-364a11a elementor-section-boxed elementor-section-height-default elementor-section-height-default\" data-id=\"364a11a\" data-element_type=\"section\" data-settings=\"{&quot;background_background&quot;:&quot;classic&quot;}\">\n\t\t\t\t\t\t<div class=\"elementor-container elementor-column-gap-default\">\n\t\t\t\t\t\t\t<div class=\"elementor-row\">\n\t\t\t\t\t<div class=\"elementor-column elementor-col-100 elementor-top-column elementor-element elementor-element-ab021ae\" data-id=\"ab021ae\" data-element_type=\"column\">\n\t\t\t<div class=\"elementor-column-wrap elementor-element-populated\">\n\t\t\t\t\t\t\t<div class=\"elementor-widget-wrap\">\n\t\t\t\t\t\t<section class=\"elementor-section elementor-inner-section elementor-element elementor-element-9b85323 elementor-section-boxed elementor-section-height-default elementor-section-height-default\" data-id=\"9b85323\" data-element_type=\"section\">\n\t\t\t\t\t\t<div class=\"elementor-container elementor-column-gap-wider\">\n\t\t\t\t\t\t\t<div class=\"elementor-row\">\n\t\t\t\t\t<div class=\"elementor-column elementor-col-50 elementor-inner-column elementor-element elementor-element-4036fe9\" data-id=\"4036fe9\" data-element_type=\"column\">\n\t\t\t<div class=\"elementor-column-wrap elementor-element-populated\">\n\t\t\t\t\t\t\t<div class=\"elementor-widget-wrap\">\n\t\t\t\t\t\t<div class=\"elementor-element elementor-element-f6b72e1 elementor-view-default elementor-vertical-align-top elementor-widget elementor-widget-icon-box\" data-id=\"f6b72e1\" data-element_type=\"widget\" data-widget_type=\"icon-box.default\">\n\t\t\t\t<div class=\"elementor-widget-container\">\n\t\t\t\t\t<div class=\"elementor-icon-box-wrapper\">\n\t\t\t\t\t\t<div class=\"elementor-icon-box-content\">\n\t\t\t\t<h3 class=\"elementor-icon-box-title\">\n\t\t\t\t\t<span >\u00c9tude<\/span>\n\t\t\t\t<\/h3>\n\t\t\t\t\t\t\t\t<p class=\"elementor-icon-box-description\">Les nouveaux produits, les variantes de produits standards ou les produits enti\u00e8rement d\u00e9velopp\u00e9s sur la base de sp\u00e9cifications fournies par les clients sont \u00e9tudi\u00e9s et mis au point par du personnel tr\u00e8s qualifi\u00e9 dans notre bureau d\u2019\u00e9tude. L'emploi de technologies et de logiciel d'avant-garde, associ\u00e9 \u00e0 la grande exp\u00e9rience acquise dans le temps, ont permis \u00e0 la soci\u00e9t\u00e9 de se distinguer d\u00e8s le d\u00e9but pour sa rapidit\u00e9 d\u2019ex\u00e9cution et son maximum de flexibilit\u00e9.<\/p>\n\t\t\t\t\t\t\t<\/div>\n\t\t<\/div>\n\t\t\t\t<\/div>\n\t\t\t\t<\/div>\n\t\t\t\t<div class=\"elementor-element elementor-element-9713b37 elementor-view-default elementor-vertical-align-top elementor-widget elementor-widget-icon-box\" data-id=\"9713b37\" data-element_type=\"widget\" data-widget_type=\"icon-box.default\">\n\t\t\t\t<div class=\"elementor-widget-container\">\n\t\t\t\t\t<div class=\"elementor-icon-box-wrapper\">\n\t\t\t\t\t\t<div class=\"elementor-icon-box-content\">\n\t\t\t\t<h3 class=\"elementor-icon-box-title\">\n\t\t\t\t\t<span >Fabrication<\/span>\n\t\t\t\t<\/h3>\n\t\t\t\t\t\t\t\t<p class=\"elementor-icon-box-description\">\u00c0 la fin du processus d\u2019\u00e9tude, le D\u00e9partement Technique et l'atelier charg\u00e9 des prototypes mettent le nouveau produit au point en faisant plusieurs \u00e9chantillons \u00e0 tester, pour v\u00e9rifier la conformit\u00e9 par rapport aux sp\u00e9cifications. Le D\u00e9partement Technique peut alors commander \u00e0 l'atelier m\u00e9canique tous les outils n\u00e9cessaires pour la production des nouveaux produits. Un logiciel sophistiqu\u00e9 jouant le r\u00f4le d\u2019interface avec l'atelier m\u00e9canique permet aux dessinateurs de transf\u00e9rer en temps r\u00e9el les programmes n\u00e9cessaires pour que les \u00e9quipements \u00e0 commande num\u00e9rique puissent fabriquer les moules servant \u00e0 la fonderie et les outils pour l\u2019usinage. <\/p>\n\t\t\t\t\t\t\t<\/div>\n\t\t<\/div>\n\t\t\t\t<\/div>\n\t\t\t\t<\/div>\n\t\t\t\t<div class=\"elementor-element elementor-element-b03bb44 elementor-view-default elementor-vertical-align-top elementor-widget elementor-widget-icon-box\" data-id=\"b03bb44\" data-element_type=\"widget\" data-widget_type=\"icon-box.default\">\n\t\t\t\t<div class=\"elementor-widget-container\">\n\t\t\t\t\t<div class=\"elementor-icon-box-wrapper\">\n\t\t\t\t\t\t<div class=\"elementor-icon-box-content\">\n\t\t\t\t<h3 class=\"elementor-icon-box-title\">\n\t\t\t\t\t<span >Fournitures \/ r\u00e9ception de mati\u00e8res premi\u00e8res<\/span>\n\t\t\t\t<\/h3>\n\t\t\t\t\t\t\t\t<p class=\"elementor-icon-box-description\">Toutes les mati\u00e8res premi\u00e8res utilis\u00e9es pour la production sont certifi\u00e9es conform\u00e9ment \u00e0 la norme EN 10204:2004 et sont soumises \u00e0 une inspection rigoureuse avant d\u2019\u00eatre accept\u00e9es, pour en v\u00e9rifier la conformit\u00e9. \u00c0 la demande du client et conform\u00e9ment aux directives de l'UE, le Service Qualit\u00e9 peut d\u00e9livrer des certificats d'origine pour les m\u00e9taux servant \u00e0 la fabrication de nos soupapes. \n<\/p>\n\t\t\t\t\t\t\t<\/div>\n\t\t<\/div>\n\t\t\t\t<\/div>\n\t\t\t\t<\/div>\n\t\t\t\t<div class=\"elementor-element elementor-element-f159454 elementor-view-default elementor-vertical-align-top elementor-widget elementor-widget-icon-box\" data-id=\"f159454\" data-element_type=\"widget\" data-widget_type=\"icon-box.default\">\n\t\t\t\t<div class=\"elementor-widget-container\">\n\t\t\t\t\t<div class=\"elementor-icon-box-wrapper\">\n\t\t\t\t\t\t<div class=\"elementor-icon-box-content\">\n\t\t\t\t<h3 class=\"elementor-icon-box-title\">\n\t\t\t\t\t<span >Fonderie<\/span>\n\t\t\t\t<\/h3>\n\t\t\t\t\t\t\t\t<p class=\"elementor-icon-box-description\">D\u00e8s le d\u00e9but de sa fondation, Conti Rubinetterie a poss\u00e9d\u00e9 sa propre fonderie lui permettant de contr\u00f4ler tout le processus de fabrication, d\u00e8s le tout premier stade, avec un maximum de flexibilit\u00e9 et d\u2019options pour l\u2019usinage sur mesure. R\u00e9cemment, la fonderie a \u00e9t\u00e9 r\u00e9nov\u00e9e avec des fours \u00e9lectriques \u00e0 induction de la toute derni\u00e8re g\u00e9n\u00e9ration. <\/p>\n\t\t\t\t\t\t\t<\/div>\n\t\t<\/div>\n\t\t\t\t<\/div>\n\t\t\t\t<\/div>\n\t\t\t\t\t\t<\/div>\n\t\t\t\t\t<\/div>\n\t\t<\/div>\n\t\t\t\t<div class=\"elementor-column elementor-col-50 elementor-inner-column elementor-element elementor-element-840ad4c\" data-id=\"840ad4c\" data-element_type=\"column\">\n\t\t\t<div class=\"elementor-column-wrap elementor-element-populated\">\n\t\t\t\t\t\t\t<div class=\"elementor-widget-wrap\">\n\t\t\t\t\t\t<div class=\"elementor-element elementor-element-490cafe elementor-view-default elementor-vertical-align-top elementor-widget elementor-widget-icon-box\" data-id=\"490cafe\" data-element_type=\"widget\" data-widget_type=\"icon-box.default\">\n\t\t\t\t<div class=\"elementor-widget-container\">\n\t\t\t\t\t<div class=\"elementor-icon-box-wrapper\">\n\t\t\t\t\t\t<div class=\"elementor-icon-box-content\">\n\t\t\t\t<h3 class=\"elementor-icon-box-title\">\n\t\t\t\t\t<span >Usinage<\/span>\n\t\t\t\t<\/h3>\n\t\t\t\t\t\t\t\t<p class=\"elementor-icon-box-description\">L'usinage de tous les corps et les composants des soupapes est assur\u00e9 au sein de notre D\u00e9partement Usinage par du personnel qualifi\u00e9 et des postes d\u2019usinage \u00e0 commande num\u00e9rique \u00e0 la pointe du progr\u00e8s.<\/p>\n\t\t\t\t\t\t\t<\/div>\n\t\t<\/div>\n\t\t\t\t<\/div>\n\t\t\t\t<\/div>\n\t\t\t\t<div class=\"elementor-element elementor-element-f89c975 elementor-view-default elementor-vertical-align-top elementor-widget elementor-widget-icon-box\" data-id=\"f89c975\" data-element_type=\"widget\" data-widget_type=\"icon-box.default\">\n\t\t\t\t<div class=\"elementor-widget-container\">\n\t\t\t\t\t<div class=\"elementor-icon-box-wrapper\">\n\t\t\t\t\t\t<div class=\"elementor-icon-box-content\">\n\t\t\t\t<h3 class=\"elementor-icon-box-title\">\n\t\t\t\t\t<span >Montage<\/span>\n\t\t\t\t<\/h3>\n\t\t\t\t\t\t\t\t<p class=\"elementor-icon-box-description\">Selon le type de produit et sa taille, l'assemblage se fait en utilisant des lignes semi-automatiques ou manuelles, dans des \u00eeles\/sur des bancs sp\u00e9cifiques organis\u00e9s en fonction de groupes de produits divers. <\/p>\n\t\t\t\t\t\t\t<\/div>\n\t\t<\/div>\n\t\t\t\t<\/div>\n\t\t\t\t<\/div>\n\t\t\t\t<div class=\"elementor-element elementor-element-f9d970a elementor-view-default elementor-vertical-align-top elementor-widget elementor-widget-icon-box\" data-id=\"f9d970a\" data-element_type=\"widget\" data-widget_type=\"icon-box.default\">\n\t\t\t\t<div class=\"elementor-widget-container\">\n\t\t\t\t\t<div class=\"elementor-icon-box-wrapper\">\n\t\t\t\t\t\t<div class=\"elementor-icon-box-content\">\n\t\t\t\t<h3 class=\"elementor-icon-box-title\">\n\t\t\t\t\t<span >Essais<\/span>\n\t\t\t\t<\/h3>\n\t\t\t\t\t\t\t\t<p class=\"elementor-icon-box-description\">Les essais sont assur\u00e9s sur toute la production par du personnel tr\u00e8s qualifi\u00e9, sous la surveillance du Service Contr\u00f4le Qualit\u00e9. Les postes utilis\u00e9s pour les essais sont con\u00e7us pour tester l'\u00e9tanch\u00e9it\u00e9 du mat\u00e9riau \u00e0 une pression nettement plus \u00e9lev\u00e9e que celle de la classe d'exercice report\u00e9e sur le corps de la valve. Sur demande, le contr\u00f4le de la qualit\u00e9 peut d\u00e9livrer le certificat montrant les r\u00e9sultats de l'essai pour le type (air ou eau) et les param\u00e8tres (intensit\u00e9 et dur\u00e9e) des essais ex\u00e9cut\u00e9s. Tout au long du processus de fabrication, les composants et les produits semi-finis sont soumis \u00e0 des contr\u00f4les rigoureux et \u00e0 des essais pour v\u00e9rifier leur conformit\u00e9 au cours des diverses phases de production qui pr\u00e9c\u00e8dent le montage. <\/p>\n\t\t\t\t\t\t\t<\/div>\n\t\t<\/div>\n\t\t\t\t<\/div>\n\t\t\t\t<\/div>\n\t\t\t\t<div class=\"elementor-element elementor-element-81d3fbf elementor-view-default elementor-vertical-align-top elementor-widget elementor-widget-icon-box\" data-id=\"81d3fbf\" data-element_type=\"widget\" data-widget_type=\"icon-box.default\">\n\t\t\t\t<div class=\"elementor-widget-container\">\n\t\t\t\t\t<div class=\"elementor-icon-box-wrapper\">\n\t\t\t\t\t\t<div class=\"elementor-icon-box-content\">\n\t\t\t\t<h3 class=\"elementor-icon-box-title\">\n\t\t\t\t\t<span >Emballage et emmagasinage<\/span>\n\t\t\t\t<\/h3>\n\t\t\t\t\t\t\t\t<p class=\"elementor-icon-box-description\">Une fois que les essais sont termin\u00e9s de fa\u00e7on positive, toutes les soupapes sont soumises \u00e0 une derni\u00e8re inspection visuelle et sont alors pr\u00eates pour l\u2019emballage, puis pour le stockage dans les d\u00e9p\u00f4ts.<\/p>\n\t\t\t\t\t\t\t<\/div>\n\t\t<\/div>\n\t\t\t\t<\/div>\n\t\t\t\t<\/div>\n\t\t\t\t\t\t<\/div>\n\t\t\t\t\t<\/div>\n\t\t<\/div>\n\t\t\t\t\t\t\t\t<\/div>\n\t\t\t\t\t<\/div>\n\t\t<\/section>\n\t\t\t\t<div class=\"elementor-element elementor-element-200dffe elementor-aspect-ratio-169 elementor-widget elementor-widget-video\" data-id=\"200dffe\" data-element_type=\"widget\" data-settings=\"{&quot;youtube_url&quot;:&quot;https:\\\/\\\/www.youtube.com\\\/watch?v=ANRmM6FdydY&quot;,&quot;yt_privacy&quot;:&quot;yes&quot;,&quot;video_type&quot;:&quot;youtube&quot;,&quot;controls&quot;:&quot;yes&quot;,&quot;aspect_ratio&quot;:&quot;169&quot;}\" data-widget_type=\"video.default\">\n\t\t\t\t<div class=\"elementor-widget-container\">\n\t\t\t\t\t<div class=\"elementor-wrapper elementor-fit-aspect-ratio elementor-open-inline\">\n\t\t\t<div class=\"elementor-video\"><\/div>\t\t<\/div>\n\t\t\t\t<\/div>\n\t\t\t\t<\/div>\n\t\t\t\t\t\t<\/div>\n\t\t\t\t\t<\/div>\n\t\t<\/div>\n\t\t\t\t\t\t\t\t<\/div>\n\t\t\t\t\t<\/div>\n\t\t<\/section>\n\t\t\t\t\t\t<\/div>\n\t\t\t\t\t\t<\/div>\n\t\t\t\t\t<\/div>\n\t\t","protected":false},"excerpt":{"rendered":"<p>Conti est une soci\u00e9t\u00e9 reconnue et appr\u00e9ci\u00e9e \u00e0 l\u2019\u00e9chelle internationale dans diverses industries et applications aux plus hauts niveaux de qualit\u00e9, pr\u00e9cision et s\u00e9curit\u00e9. L\u2019un des principaux choix strat\u00e9giques qui nous ont permis d&#8217;arriver \u00e0 ce niveau de qualit\u00e9 est le contr\u00f4le de tout le processus de production, du stade de la programmation jusqu\u2019aux essais [&hellip;]<\/p>\n","protected":false},"author":1,"featured_media":0,"parent":1551,"menu_order":3,"comment_status":"closed","ping_status":"closed","template":"","meta":[],"yoast_head":"<!-- This site is optimized with the Yoast SEO plugin v16.3 - https:\/\/yoast.com\/wordpress\/plugins\/seo\/ -->\n<title>Production - Conti Rubinetterie<\/title>\n<meta name=\"robots\" content=\"index, follow, max-snippet:-1, max-image-preview:large, max-video-preview:-1\" \/>\n<link rel=\"canonical\" href=\"https:\/\/www.contivalves.com\/azienda\/produzione\/\" \/>\n<meta property=\"og:locale\" content=\"fr_FR\" \/>\n<meta property=\"og:type\" content=\"article\" \/>\n<meta property=\"og:title\" content=\"Production - Conti Rubinetterie\" \/>\n<meta property=\"og:description\" content=\"Conti est une soci\u00e9t\u00e9 reconnue et appr\u00e9ci\u00e9e \u00e0 l\u2019\u00e9chelle internationale dans diverses industries et applications aux plus hauts niveaux de qualit\u00e9, pr\u00e9cision et s\u00e9curit\u00e9. L\u2019un des principaux choix strat\u00e9giques qui nous ont permis d&#8217;arriver \u00e0 ce niveau de qualit\u00e9 est le contr\u00f4le de tout le processus de production, du stade de la programmation jusqu\u2019aux essais [&hellip;]\" \/>\n<meta property=\"og:url\" content=\"https:\/\/www.contivalves.com\/azienda\/produzione\/\" \/>\n<meta property=\"og:site_name\" content=\"Conti Rubinetterie\" \/>\n<meta property=\"article:modified_time\" content=\"2021-06-28T07:27:44+00:00\" \/>\n<meta name=\"twitter:card\" content=\"summary_large_image\" \/>\n<meta name=\"twitter:label1\" content=\"Dur\u00e9e de lecture est.\">\n\t<meta name=\"twitter:data1\" content=\"12 minutes\">\n<script type=\"application\/ld+json\" class=\"yoast-schema-graph\">{\"@context\":\"https:\/\/schema.org\",\"@graph\":[{\"@type\":\"Organization\",\"@id\":\"https:\/\/www.contivalves.com\/#organization\",\"name\":\"Conti Rubinetterie\",\"url\":\"https:\/\/www.contivalves.com\/\",\"sameAs\":[],\"logo\":{\"@type\":\"ImageObject\",\"@id\":\"https:\/\/www.contivalves.com\/#logo\",\"inLanguage\":\"fr-FR\",\"url\":\"https:\/\/www.contivalves.com\/wp-content\/uploads\/2018\/11\/conti-valves-rubinetterie-logo-sticky.png\",\"contentUrl\":\"https:\/\/www.contivalves.com\/wp-content\/uploads\/2018\/11\/conti-valves-rubinetterie-logo-sticky.png\",\"width\":199,\"height\":70,\"caption\":\"Conti Rubinetterie\"},\"image\":{\"@id\":\"https:\/\/www.contivalves.com\/#logo\"}},{\"@type\":\"WebSite\",\"@id\":\"https:\/\/www.contivalves.com\/#website\",\"url\":\"https:\/\/www.contivalves.com\/\",\"name\":\"Conti Rubinetterie\",\"description\":\"\",\"publisher\":{\"@id\":\"https:\/\/www.contivalves.com\/#organization\"},\"potentialAction\":[{\"@type\":\"SearchAction\",\"target\":\"https:\/\/www.contivalves.com\/?s={search_term_string}\",\"query-input\":\"required name=search_term_string\"}],\"inLanguage\":\"fr-FR\"},{\"@type\":\"WebPage\",\"@id\":\"https:\/\/www.contivalves.com\/azienda\/produzione\/#webpage\",\"url\":\"https:\/\/www.contivalves.com\/azienda\/produzione\/\",\"name\":\"Production - Conti Rubinetterie\",\"isPartOf\":{\"@id\":\"https:\/\/www.contivalves.com\/#website\"},\"datePublished\":\"2018-11-13T13:42:33+00:00\",\"dateModified\":\"2021-06-28T07:27:44+00:00\",\"breadcrumb\":{\"@id\":\"https:\/\/www.contivalves.com\/azienda\/produzione\/#breadcrumb\"},\"inLanguage\":\"fr-FR\",\"potentialAction\":[{\"@type\":\"ReadAction\",\"target\":[\"https:\/\/www.contivalves.com\/azienda\/produzione\/\"]}]},{\"@type\":\"BreadcrumbList\",\"@id\":\"https:\/\/www.contivalves.com\/azienda\/produzione\/#breadcrumb\",\"itemListElement\":[{\"@type\":\"ListItem\",\"position\":1,\"item\":{\"@type\":\"WebPage\",\"@id\":\"https:\/\/www.contivalves.com\/fr\/\",\"url\":\"https:\/\/www.contivalves.com\/fr\/\",\"name\":\"Home\"}},{\"@type\":\"ListItem\",\"position\":2,\"item\":{\"@type\":\"WebPage\",\"@id\":\"https:\/\/www.contivalves.com\/fr\/qui-nous-sommes\/\",\"url\":\"https:\/\/www.contivalves.com\/fr\/qui-nous-sommes\/\",\"name\":\"[:en]Company[:it]Azienda[:es]Empresa[:fr]Qui nous sommes[:de]WIR \\u00dcBER UNS[:]\"}},{\"@type\":\"ListItem\",\"position\":3,\"item\":{\"@id\":\"https:\/\/www.contivalves.com\/azienda\/produzione\/#webpage\"}}]}]}<\/script>\n<!-- \/ Yoast SEO plugin. -->","_links":{"self":[{"href":"https:\/\/www.contivalves.com\/fr\/wp-json\/wp\/v2\/pages\/113"}],"collection":[{"href":"https:\/\/www.contivalves.com\/fr\/wp-json\/wp\/v2\/pages"}],"about":[{"href":"https:\/\/www.contivalves.com\/fr\/wp-json\/wp\/v2\/types\/page"}],"author":[{"embeddable":true,"href":"https:\/\/www.contivalves.com\/fr\/wp-json\/wp\/v2\/users\/1"}],"replies":[{"embeddable":true,"href":"https:\/\/www.contivalves.com\/fr\/wp-json\/wp\/v2\/comments?post=113"}],"version-history":[{"count":59,"href":"https:\/\/www.contivalves.com\/fr\/wp-json\/wp\/v2\/pages\/113\/revisions"}],"predecessor-version":[{"id":2568,"href":"https:\/\/www.contivalves.com\/fr\/wp-json\/wp\/v2\/pages\/113\/revisions\/2568"}],"up":[{"embeddable":true,"href":"https:\/\/www.contivalves.com\/fr\/wp-json\/wp\/v2\/pages\/1551"}],"wp:attachment":[{"href":"https:\/\/www.contivalves.com\/fr\/wp-json\/wp\/v2\/media?parent=113"}],"curies":[{"name":"wp","href":"https:\/\/api.w.org\/{rel}","templated":true}]}}