{"id":116,"date":"2018-11-13T14:42:48","date_gmt":"2018-11-13T13:42:48","guid":{"rendered":"https:\/\/www.contivalves.com\/?page_id=116"},"modified":"2023-10-17T15:50:14","modified_gmt":"2023-10-17T13:50:14","slug":"certificazioni","status":"publish","type":"page","link":"https:\/\/www.contivalves.com\/fr\/qui-nous-sommes\/certifications\/","title":{"rendered":"[:en]Certifications[:it]Certificazioni[:es]Certificaciones del producto[:fr]Certifications[:de]Zertifizierungen[:]"},"content":{"rendered":"\t\t<div data-elementor-type=\"wp-post\" data-elementor-id=\"116\" class=\"elementor elementor-116\" data-elementor-settings=\"[]\">\n\t\t\t\t\t\t<div class=\"elementor-inner\">\n\t\t\t\t\t\t\t<div class=\"elementor-section-wrap\">\n\t\t\t\t\t\t\t<section class=\"elementor-section elementor-top-section elementor-element elementor-element-df5f158 elementor-section-boxed elementor-section-height-default elementor-section-height-default\" data-id=\"df5f158\" data-element_type=\"section\">\n\t\t\t\t\t\t<div class=\"elementor-container elementor-column-gap-default\">\n\t\t\t\t\t\t\t<div class=\"elementor-row\">\n\t\t\t\t\t<div class=\"elementor-column elementor-col-100 elementor-top-column elementor-element elementor-element-9007b2f\" data-id=\"9007b2f\" data-element_type=\"column\">\n\t\t\t<div class=\"elementor-column-wrap elementor-element-populated\">\n\t\t\t\t\t\t\t<div class=\"elementor-widget-wrap\">\n\t\t\t\t\t\t<section class=\"elementor-section elementor-inner-section elementor-element elementor-element-08fbd6b elementor-section-boxed elementor-section-height-default elementor-section-height-default\" data-id=\"08fbd6b\" data-element_type=\"section\">\n\t\t\t\t\t\t<div class=\"elementor-container elementor-column-gap-default\">\n\t\t\t\t\t\t\t<div class=\"elementor-row\">\n\t\t\t\t\t<div class=\"elementor-column elementor-col-50 elementor-inner-column elementor-element elementor-element-e19f070\" data-id=\"e19f070\" data-element_type=\"column\">\n\t\t\t<div class=\"elementor-column-wrap elementor-element-populated\">\n\t\t\t\t\t\t\t<div class=\"elementor-widget-wrap\">\n\t\t\t\t\t\t<div class=\"elementor-element elementor-element-7a77bc3 elementor-widget elementor-widget-heading\" data-id=\"7a77bc3\" data-element_type=\"widget\" data-widget_type=\"heading.default\">\n\t\t\t\t<div class=\"elementor-widget-container\">\n\t\t\t<h2 class=\"elementor-heading-title elementor-size-default\">CONTI RUBINETTERIE joue un r\u00f4le d\u2019avant-garde dans la recherche de processus de fabrication et de production de qualit\u00e9. Nos soupapes, compl\u00e8tement con\u00e7ues et fabriqu\u00e9es dans nos usines par une \u00e9quipe sp\u00e9cialis\u00e9e et avec l\u2019\u00e9quipement le plus innovateur, sont faites pour durer. Elles sont soumises \u00e0 une s\u00e9quence rigoureuse d'essais tr\u00e8s stricts et d\u2019inspections internes avant d'\u00eatre exp\u00e9di\u00e9es. Aujourd'hui, tout comme il y a 100 ans, la qualit\u00e9 du produit continue \u00e0 \u00eatre le principal souci dans toutes les phases du cycle de production.<br><\/h2>\t\t<\/div>\n\t\t\t\t<\/div>\n\t\t\t\t\t\t<\/div>\n\t\t\t\t\t<\/div>\n\t\t<\/div>\n\t\t\t\t<div class=\"elementor-column elementor-col-50 elementor-inner-column elementor-element elementor-element-190e6f5\" data-id=\"190e6f5\" data-element_type=\"column\">\n\t\t\t<div class=\"elementor-column-wrap elementor-element-populated\">\n\t\t\t\t\t\t\t<div class=\"elementor-widget-wrap\">\n\t\t\t\t\t\t<div class=\"elementor-element elementor-element-352cc28 elementor-widget elementor-widget-text-editor\" data-id=\"352cc28\" data-element_type=\"widget\" data-widget_type=\"text-editor.default\">\n\t\t\t\t<div class=\"elementor-widget-container\">\n\t\t\t\t\t\t\t\t<div class=\"elementor-text-editor elementor-clearfix\">\n\t\t\t\t\t<p><strong>CERTIFICATION DE LA SOCI\u00c9T\u00c9<\/strong><br \/>Depuis 1999, CONTI RUBINETTERIE a un certificat de syst\u00e8me de qualit\u00e9 conform\u00e9ment \u00e0 la norme UNI EN ISO 9001:2015.<br \/><\/p>\t\t\t\t\t<\/div>\n\t\t\t\t\t\t<\/div>\n\t\t\t\t<\/div>\n\t\t\t\t<div class=\"elementor-element elementor-element-0f41273 elementor-arrows-position-outside elementor-pagination-position-outside elementor-widget elementor-widget-image-carousel\" data-id=\"0f41273\" data-element_type=\"widget\" data-settings=\"{&quot;slides_to_show&quot;:&quot;10&quot;,&quot;slides_to_show_mobile&quot;:&quot;2&quot;,&quot;slides_to_scroll&quot;:&quot;6&quot;,&quot;image_spacing_custom&quot;:{&quot;unit&quot;:&quot;px&quot;,&quot;size&quot;:30,&quot;sizes&quot;:[]},&quot;navigation&quot;:&quot;both&quot;,&quot;autoplay&quot;:&quot;yes&quot;,&quot;pause_on_hover&quot;:&quot;yes&quot;,&quot;pause_on_interaction&quot;:&quot;yes&quot;,&quot;autoplay_speed&quot;:5000,&quot;infinite&quot;:&quot;yes&quot;,&quot;speed&quot;:500}\" data-widget_type=\"image-carousel.default\">\n\t\t\t\t<div class=\"elementor-widget-container\">\n\t\t\t\t\t<div class=\"elementor-image-carousel-wrapper swiper-container\" dir=\"ltr\">\n\t\t\t<div class=\"elementor-image-carousel swiper-wrapper\">\n\t\t\t\t<div class=\"swiper-slide\"><a data-elementor-open-lightbox=\"yes\" data-elementor-lightbox-slideshow=\"0f41273\" data-elementor-lightbox-title=\"ISO 9001\" href=\"https:\/\/www.contivalves.com\/wp-content\/uploads\/2023\/10\/ISO-9001.jpg\"><figure class=\"swiper-slide-inner\"><img class=\"swiper-slide-image\" src=\"https:\/\/www.contivalves.com\/wp-content\/uploads\/2023\/10\/ISO-9001.jpg\" alt=\"ISO 9001\" \/><\/figure><\/a><\/div>\t\t\t<\/div>\n\t\t\t\t\t<\/div>\n\t\t\t\t<\/div>\n\t\t\t\t<\/div>\n\t\t\t\t\t\t<\/div>\n\t\t\t\t\t<\/div>\n\t\t<\/div>\n\t\t\t\t\t\t\t\t<\/div>\n\t\t\t\t\t<\/div>\n\t\t<\/section>\n\t\t\t\t\t\t<\/div>\n\t\t\t\t\t<\/div>\n\t\t<\/div>\n\t\t\t\t\t\t\t\t<\/div>\n\t\t\t\t\t<\/div>\n\t\t<\/section>\n\t\t\t\t<section class=\"elementor-section elementor-top-section elementor-element elementor-element-6befe74 elementor-section-boxed elementor-section-height-default elementor-section-height-default\" data-id=\"6befe74\" data-element_type=\"section\" data-settings=\"{&quot;background_background&quot;:&quot;classic&quot;}\">\n\t\t\t\t\t\t<div class=\"elementor-container elementor-column-gap-default\">\n\t\t\t\t\t\t\t<div class=\"elementor-row\">\n\t\t\t\t\t<div class=\"elementor-column elementor-col-50 elementor-top-column elementor-element elementor-element-dc24f1f\" data-id=\"dc24f1f\" data-element_type=\"column\">\n\t\t\t<div class=\"elementor-column-wrap elementor-element-populated\">\n\t\t\t\t\t\t\t<div class=\"elementor-widget-wrap\">\n\t\t\t\t\t\t<div class=\"elementor-element elementor-element-910ec82 elementor-widget elementor-widget-text-editor\" data-id=\"910ec82\" data-element_type=\"widget\" data-widget_type=\"text-editor.default\">\n\t\t\t\t<div class=\"elementor-widget-container\">\n\t\t\t\t\t\t\t\t<div class=\"elementor-text-editor elementor-clearfix\">\n\t\t\t\t\t<p><strong>CERTIFICATS D&#8217;ORIGINE DES MAT\u00c9RIAUX<\/strong><br \/>Toutes les mati\u00e8res premi\u00e8res utilis\u00e9es pour la production viennent de fournitures conformes \u00e0 la norme EN 10204:2004 qui en attestent l\u2019origine et la composition chimique. \u00c0 la demande du client et conform\u00e9ment aux r\u00e8glements de l\u2019Union europ\u00e9enne, le contr\u00f4le de la qualit\u00e9 d\u00e9livrera des certificats pour les m\u00e9taux utilis\u00e9s au cours du processus de production de nos soupapes. <br \/><\/p>\t\t\t\t\t<\/div>\n\t\t\t\t\t\t<\/div>\n\t\t\t\t<\/div>\n\t\t\t\t\t\t<\/div>\n\t\t\t\t\t<\/div>\n\t\t<\/div>\n\t\t\t\t<div class=\"elementor-column elementor-col-50 elementor-top-column elementor-element elementor-element-040ed5f\" data-id=\"040ed5f\" data-element_type=\"column\">\n\t\t\t<div class=\"elementor-column-wrap elementor-element-populated\">\n\t\t\t\t\t\t\t<div class=\"elementor-widget-wrap\">\n\t\t\t\t\t\t<div class=\"elementor-element elementor-element-51a1aa2 elementor-widget elementor-widget-text-editor\" data-id=\"51a1aa2\" data-element_type=\"widget\" data-widget_type=\"text-editor.default\">\n\t\t\t\t<div class=\"elementor-widget-container\">\n\t\t\t\t\t\t\t\t<div class=\"elementor-text-editor elementor-clearfix\">\n\t\t\t\t\t<p><strong>PROC\u00c8S-VERBAUX DES ESSAIS<\/strong><br \/>Les essais sont effectu\u00e9s sur 100% de la production. L&#8217;essai permettant de v\u00e9rifier les fuites est effectu\u00e9 sur des postes certifi\u00e9s conform\u00e9ment aux normes europ\u00e9ennes ou aux sp\u00e9cifications fournies par le client. Sur demande, le contr\u00f4le de la qualit\u00e9 d\u00e9livre le certificat d&#8217;inspection qui contient les sp\u00e9cifications pour le type et les param\u00e8tres des essais ex\u00e9cut\u00e9s. <\/p>\t\t\t\t\t<\/div>\n\t\t\t\t\t\t<\/div>\n\t\t\t\t<\/div>\n\t\t\t\t\t\t<\/div>\n\t\t\t\t\t<\/div>\n\t\t<\/div>\n\t\t\t\t\t\t\t\t<\/div>\n\t\t\t\t\t<\/div>\n\t\t<\/section>\n\t\t\t\t<section class=\"elementor-section elementor-top-section elementor-element elementor-element-344b91c elementor-section-boxed elementor-section-height-default elementor-section-height-default\" data-id=\"344b91c\" data-element_type=\"section\">\n\t\t\t\t\t\t<div class=\"elementor-container elementor-column-gap-default\">\n\t\t\t\t\t\t\t<div class=\"elementor-row\">\n\t\t\t\t\t<div class=\"elementor-column elementor-col-100 elementor-top-column elementor-element elementor-element-8491656\" data-id=\"8491656\" data-element_type=\"column\">\n\t\t\t<div class=\"elementor-column-wrap elementor-element-populated\">\n\t\t\t\t\t\t\t<div class=\"elementor-widget-wrap\">\n\t\t\t\t\t\t<div class=\"elementor-element elementor-element-3d1659f elementor-widget elementor-widget-text-editor\" data-id=\"3d1659f\" data-element_type=\"widget\" data-widget_type=\"text-editor.default\">\n\t\t\t\t<div class=\"elementor-widget-container\">\n\t\t\t\t\t\t\t\t<div class=\"elementor-text-editor elementor-clearfix\">\n\t\t\t\t\t<p><strong>CERTIFICATIONS DES PRODUITS<\/strong><br \/>Des laboratoires de certification qualifi\u00e9s \u00e0 l\u2019\u00e9chelle mondiale ont certifi\u00e9 nos soupapes pour leurs performances, solidit\u00e9 et dur\u00e9e. Nos soupapes sont fabriqu\u00e9es conform\u00e9ment aux directives europ\u00e9ennes PED 2014\/68\/UE concernant les \u00e9quipements sous pression. <br \/><\/p>\t\t\t\t\t<\/div>\n\t\t\t\t\t\t<\/div>\n\t\t\t\t<\/div>\n\t\t\t\t<div class=\"elementor-element elementor-element-bc0e918 elementor-arrows-position-outside elementor-pagination-position-outside elementor-widget elementor-widget-image-carousel\" data-id=\"bc0e918\" data-element_type=\"widget\" data-settings=\"{&quot;slides_to_show&quot;:&quot;6&quot;,&quot;slides_to_show_tablet&quot;:&quot;4&quot;,&quot;slides_to_show_mobile&quot;:&quot;2&quot;,&quot;slides_to_scroll&quot;:&quot;1&quot;,&quot;image_spacing_custom&quot;:{&quot;unit&quot;:&quot;px&quot;,&quot;size&quot;:30,&quot;sizes&quot;:[]},&quot;navigation&quot;:&quot;both&quot;,&quot;autoplay&quot;:&quot;yes&quot;,&quot;pause_on_hover&quot;:&quot;yes&quot;,&quot;pause_on_interaction&quot;:&quot;yes&quot;,&quot;autoplay_speed&quot;:5000,&quot;infinite&quot;:&quot;yes&quot;,&quot;speed&quot;:500}\" data-widget_type=\"image-carousel.default\">\n\t\t\t\t<div class=\"elementor-widget-container\">\n\t\t\t\t\t<div class=\"elementor-image-carousel-wrapper swiper-container\" dir=\"ltr\">\n\t\t\t<div class=\"elementor-image-carousel swiper-wrapper\">\n\t\t\t\t<div class=\"swiper-slide\"><a data-elementor-open-lightbox=\"yes\" data-elementor-lightbox-slideshow=\"bc0e918\" data-elementor-lightbox-title=\"CE CHECK VALVES\" href=\"https:\/\/www.contivalves.com\/wp-content\/uploads\/2021\/05\/CE-CHECK-VALVES.jpg\"><figure class=\"swiper-slide-inner\"><img class=\"swiper-slide-image\" src=\"https:\/\/www.contivalves.com\/wp-content\/uploads\/2021\/05\/CE-CHECK-VALVES.jpg\" alt=\"CE CHECK VALVES\" \/><\/figure><\/a><\/div><div class=\"swiper-slide\"><a data-elementor-open-lightbox=\"yes\" data-elementor-lightbox-slideshow=\"bc0e918\" data-elementor-lightbox-title=\"CE PLUG VALVES\" href=\"https:\/\/www.contivalves.com\/wp-content\/uploads\/2021\/05\/CE-PLUG-VALVES.jpg\"><figure class=\"swiper-slide-inner\"><img class=\"swiper-slide-image\" src=\"https:\/\/www.contivalves.com\/wp-content\/uploads\/2021\/05\/CE-PLUG-VALVES.jpg\" alt=\"CE PLUG VALVES\" \/><\/figure><\/a><\/div><div class=\"swiper-slide\"><a data-elementor-open-lightbox=\"yes\" data-elementor-lightbox-slideshow=\"bc0e918\" data-elementor-lightbox-title=\"CE Y STRAINER\" href=\"https:\/\/www.contivalves.com\/wp-content\/uploads\/2021\/05\/CE-Y-STRAINER.jpg\"><figure class=\"swiper-slide-inner\"><img class=\"swiper-slide-image\" src=\"https:\/\/www.contivalves.com\/wp-content\/uploads\/2021\/05\/CE-Y-STRAINER.jpg\" alt=\"CE Y STRAINER\" \/><\/figure><\/a><\/div><div class=\"swiper-slide\"><a data-elementor-open-lightbox=\"yes\" data-elementor-lightbox-slideshow=\"bc0e918\" data-elementor-lightbox-title=\"CE GLOBE VALVES\" href=\"https:\/\/www.contivalves.com\/wp-content\/uploads\/2023\/05\/CE-GLOBE-VALVES-scaled.jpg\"><figure class=\"swiper-slide-inner\"><img class=\"swiper-slide-image\" src=\"https:\/\/www.contivalves.com\/wp-content\/uploads\/2023\/05\/CE-GLOBE-VALVES-scaled.jpg\" alt=\"CE GLOBE VALVES\" \/><\/figure><\/a><\/div><div class=\"swiper-slide\"><a data-elementor-open-lightbox=\"yes\" data-elementor-lightbox-slideshow=\"bc0e918\" data-elementor-lightbox-title=\"CE BALL VALVES\" href=\"https:\/\/www.contivalves.com\/wp-content\/uploads\/2023\/05\/CE-BALL-VALVES-scaled.jpg\"><figure class=\"swiper-slide-inner\"><img class=\"swiper-slide-image\" src=\"https:\/\/www.contivalves.com\/wp-content\/uploads\/2023\/05\/CE-BALL-VALVES-scaled.jpg\" alt=\"CE BALL VALVES\" \/><\/figure><\/a><\/div><div class=\"swiper-slide\"><a data-elementor-open-lightbox=\"yes\" data-elementor-lightbox-slideshow=\"bc0e918\" data-elementor-lightbox-title=\"CE GATE VALVES\" href=\"https:\/\/www.contivalves.com\/wp-content\/uploads\/2023\/05\/CE-GATE-VALVES-scaled.jpg\"><figure class=\"swiper-slide-inner\"><img class=\"swiper-slide-image\" src=\"https:\/\/www.contivalves.com\/wp-content\/uploads\/2023\/05\/CE-GATE-VALVES-scaled.jpg\" alt=\"CE GATE VALVES\" \/><\/figure><\/a><\/div>\t\t\t<\/div>\n\t\t\t\t\t\t\t\t\t\t\t\t<div class=\"swiper-pagination\"><\/div>\n\t\t\t\t\t\t\t\t\t\t\t\t\t<div class=\"elementor-swiper-button elementor-swiper-button-prev\">\n\t\t\t\t\t\t<i class=\"eicon-chevron-left\" aria-hidden=\"true\"><\/i>\n\t\t\t\t\t\t<span class=\"elementor-screen-only\">Pr\u00e9c\u00e9dent<\/span>\n\t\t\t\t\t<\/div>\n\t\t\t\t\t<div class=\"elementor-swiper-button elementor-swiper-button-next\">\n\t\t\t\t\t\t<i class=\"eicon-chevron-right\" aria-hidden=\"true\"><\/i>\n\t\t\t\t\t\t<span class=\"elementor-screen-only\">Suivant<\/span>\n\t\t\t\t\t<\/div>\n\t\t\t\t\t\t\t\t\t<\/div>\n\t\t\t\t<\/div>\n\t\t\t\t<\/div>\n\t\t\t\t\t\t<\/div>\n\t\t\t\t\t<\/div>\n\t\t<\/div>\n\t\t\t\t\t\t\t\t<\/div>\n\t\t\t\t\t<\/div>\n\t\t<\/section>\n\t\t\t\t\t\t<\/div>\n\t\t\t\t\t\t<\/div>\n\t\t\t\t\t<\/div>\n\t\t","protected":false},"excerpt":{"rendered":"<p>CONTI RUBINETTERIE joue un r\u00f4le d\u2019avant-garde dans la recherche de processus de fabrication et de production de qualit\u00e9. Nos soupapes, compl\u00e8tement con\u00e7ues et fabriqu\u00e9es dans nos usines par une \u00e9quipe sp\u00e9cialis\u00e9e et avec l\u2019\u00e9quipement le plus innovateur, sont faites pour durer. Elles sont soumises \u00e0 une s\u00e9quence rigoureuse d&#8217;essais tr\u00e8s stricts et d\u2019inspections internes avant [&hellip;]<\/p>\n","protected":false},"author":1,"featured_media":0,"parent":1551,"menu_order":4,"comment_status":"closed","ping_status":"closed","template":"","meta":[],"yoast_head":"<!-- This site is optimized with the Yoast SEO plugin v16.3 - https:\/\/yoast.com\/wordpress\/plugins\/seo\/ -->\n<title>Certifications - Conti Rubinetterie<\/title>\n<meta name=\"robots\" content=\"index, follow, max-snippet:-1, max-image-preview:large, max-video-preview:-1\" \/>\n<link rel=\"canonical\" href=\"https:\/\/www.contivalves.com\/fr\/qui-nous-sommes\/certifications\/\" \/>\n<meta property=\"og:locale\" content=\"fr_FR\" \/>\n<meta property=\"og:type\" content=\"article\" \/>\n<meta property=\"og:title\" content=\"Certifications - Conti Rubinetterie\" \/>\n<meta property=\"og:description\" content=\"CONTI RUBINETTERIE joue un r\u00f4le d\u2019avant-garde dans la recherche de processus de fabrication et de production de qualit\u00e9. Nos soupapes, compl\u00e8tement con\u00e7ues et fabriqu\u00e9es dans nos usines par une \u00e9quipe sp\u00e9cialis\u00e9e et avec l\u2019\u00e9quipement le plus innovateur, sont faites pour durer. Elles sont soumises \u00e0 une s\u00e9quence rigoureuse d&#8217;essais tr\u00e8s stricts et d\u2019inspections internes avant [&hellip;]\" \/>\n<meta property=\"og:url\" content=\"https:\/\/www.contivalves.com\/fr\/qui-nous-sommes\/certifications\/\" \/>\n<meta property=\"og:site_name\" content=\"Conti Rubinetterie\" \/>\n<meta property=\"article:modified_time\" content=\"2023-10-17T13:50:14+00:00\" \/>\n<meta property=\"og:image\" content=\"https:\/\/www.contivalves.com\/wp-content\/uploads\/2023\/10\/ISO-9001.jpg\" \/>\n<meta name=\"twitter:card\" content=\"summary_large_image\" \/>\n<meta name=\"twitter:label1\" content=\"Dur\u00e9e de lecture est.\">\n\t<meta name=\"twitter:data1\" content=\"10 minutes\">\n<script type=\"application\/ld+json\" class=\"yoast-schema-graph\">{\"@context\":\"https:\/\/schema.org\",\"@graph\":[{\"@type\":\"Organization\",\"@id\":\"https:\/\/www.contivalves.com\/#organization\",\"name\":\"Conti Rubinetterie\",\"url\":\"https:\/\/www.contivalves.com\/\",\"sameAs\":[],\"logo\":{\"@type\":\"ImageObject\",\"@id\":\"https:\/\/www.contivalves.com\/#logo\",\"inLanguage\":\"fr-FR\",\"url\":\"https:\/\/www.contivalves.com\/wp-content\/uploads\/2018\/11\/conti-valves-rubinetterie-logo-sticky.png\",\"contentUrl\":\"https:\/\/www.contivalves.com\/wp-content\/uploads\/2018\/11\/conti-valves-rubinetterie-logo-sticky.png\",\"width\":199,\"height\":70,\"caption\":\"Conti Rubinetterie\"},\"image\":{\"@id\":\"https:\/\/www.contivalves.com\/#logo\"}},{\"@type\":\"WebSite\",\"@id\":\"https:\/\/www.contivalves.com\/#website\",\"url\":\"https:\/\/www.contivalves.com\/\",\"name\":\"Conti Rubinetterie\",\"description\":\"\",\"publisher\":{\"@id\":\"https:\/\/www.contivalves.com\/#organization\"},\"potentialAction\":[{\"@type\":\"SearchAction\",\"target\":\"https:\/\/www.contivalves.com\/?s={search_term_string}\",\"query-input\":\"required name=search_term_string\"}],\"inLanguage\":\"fr-FR\"},{\"@type\":\"ImageObject\",\"@id\":\"https:\/\/www.contivalves.com\/fr\/qui-nous-sommes\/certifications\/#primaryimage\",\"inLanguage\":\"fr-FR\",\"url\":\"https:\/\/www.contivalves.com\/wp-content\/uploads\/2023\/10\/ISO-9001.jpg\",\"contentUrl\":\"https:\/\/www.contivalves.com\/wp-content\/uploads\/2023\/10\/ISO-9001.jpg\",\"width\":1240,\"height\":1754},{\"@type\":\"WebPage\",\"@id\":\"https:\/\/www.contivalves.com\/fr\/qui-nous-sommes\/certifications\/#webpage\",\"url\":\"https:\/\/www.contivalves.com\/fr\/qui-nous-sommes\/certifications\/\",\"name\":\"Certifications - Conti Rubinetterie\",\"isPartOf\":{\"@id\":\"https:\/\/www.contivalves.com\/#website\"},\"primaryImageOfPage\":{\"@id\":\"https:\/\/www.contivalves.com\/fr\/qui-nous-sommes\/certifications\/#primaryimage\"},\"datePublished\":\"2018-11-13T13:42:48+00:00\",\"dateModified\":\"2023-10-17T13:50:14+00:00\",\"breadcrumb\":{\"@id\":\"https:\/\/www.contivalves.com\/fr\/qui-nous-sommes\/certifications\/#breadcrumb\"},\"inLanguage\":\"fr-FR\",\"potentialAction\":[{\"@type\":\"ReadAction\",\"target\":[\"https:\/\/www.contivalves.com\/fr\/qui-nous-sommes\/certifications\/\"]}]},{\"@type\":\"BreadcrumbList\",\"@id\":\"https:\/\/www.contivalves.com\/fr\/qui-nous-sommes\/certifications\/#breadcrumb\",\"itemListElement\":[{\"@type\":\"ListItem\",\"position\":1,\"item\":{\"@type\":\"WebPage\",\"@id\":\"https:\/\/www.contivalves.com\/fr\/\",\"url\":\"https:\/\/www.contivalves.com\/fr\/\",\"name\":\"Home\"}},{\"@type\":\"ListItem\",\"position\":2,\"item\":{\"@type\":\"WebPage\",\"@id\":\"https:\/\/www.contivalves.com\/fr\/qui-nous-sommes\/\",\"url\":\"https:\/\/www.contivalves.com\/fr\/qui-nous-sommes\/\",\"name\":\"[:en]Company[:it]Azienda[:es]Empresa[:fr]Qui nous sommes[:de]WIR \\u00dcBER UNS[:]\"}},{\"@type\":\"ListItem\",\"position\":3,\"item\":{\"@id\":\"https:\/\/www.contivalves.com\/fr\/qui-nous-sommes\/certifications\/#webpage\"}}]}]}<\/script>\n<!-- \/ Yoast SEO plugin. -->","_links":{"self":[{"href":"https:\/\/www.contivalves.com\/fr\/wp-json\/wp\/v2\/pages\/116"}],"collection":[{"href":"https:\/\/www.contivalves.com\/fr\/wp-json\/wp\/v2\/pages"}],"about":[{"href":"https:\/\/www.contivalves.com\/fr\/wp-json\/wp\/v2\/types\/page"}],"author":[{"embeddable":true,"href":"https:\/\/www.contivalves.com\/fr\/wp-json\/wp\/v2\/users\/1"}],"replies":[{"embeddable":true,"href":"https:\/\/www.contivalves.com\/fr\/wp-json\/wp\/v2\/comments?post=116"}],"version-history":[{"count":80,"href":"https:\/\/www.contivalves.com\/fr\/wp-json\/wp\/v2\/pages\/116\/revisions"}],"predecessor-version":[{"id":2747,"href":"https:\/\/www.contivalves.com\/fr\/wp-json\/wp\/v2\/pages\/116\/revisions\/2747"}],"up":[{"embeddable":true,"href":"https:\/\/www.contivalves.com\/fr\/wp-json\/wp\/v2\/pages\/1551"}],"wp:attachment":[{"href":"https:\/\/www.contivalves.com\/fr\/wp-json\/wp\/v2\/media?parent=116"}],"curies":[{"name":"wp","href":"https:\/\/api.w.org\/{rel}","templated":true}]}}