{"id":119,"date":"2018-11-13T14:43:03","date_gmt":"2018-11-13T13:43:03","guid":{"rendered":"https:\/\/www.contivalves.com\/?page_id=119"},"modified":"2023-10-17T15:51:49","modified_gmt":"2023-10-17T13:51:49","slug":"rispetto-per-lambiente","status":"publish","type":"page","link":"https:\/\/www.contivalves.com\/fr\/qui-nous-sommes\/respect-de-lenvironnement\/","title":{"rendered":"[:en]Respecting the environment[:it]Rispetto per l&#8217;ambiente[:es]Respeto por el medio ambiente[:fr]Respect de l&#8217;environnement[:de]Umweltschutz[:]"},"content":{"rendered":"\t\t<div data-elementor-type=\"wp-post\" data-elementor-id=\"119\" class=\"elementor elementor-119\" data-elementor-settings=\"[]\">\n\t\t\t\t\t\t<div class=\"elementor-inner\">\n\t\t\t\t\t\t\t<div class=\"elementor-section-wrap\">\n\t\t\t\t\t\t\t<section class=\"elementor-section elementor-top-section elementor-element elementor-element-3da7fcc elementor-section-boxed elementor-section-height-default elementor-section-height-default\" data-id=\"3da7fcc\" data-element_type=\"section\">\n\t\t\t\t\t\t<div class=\"elementor-container elementor-column-gap-default\">\n\t\t\t\t\t\t\t<div class=\"elementor-row\">\n\t\t\t\t\t<div class=\"elementor-column elementor-col-100 elementor-top-column elementor-element elementor-element-aeb0dea\" data-id=\"aeb0dea\" data-element_type=\"column\">\n\t\t\t<div class=\"elementor-column-wrap elementor-element-populated\">\n\t\t\t\t\t\t\t<div class=\"elementor-widget-wrap\">\n\t\t\t\t\t\t<section class=\"elementor-section elementor-inner-section elementor-element elementor-element-9415e58 elementor-section-boxed elementor-section-height-default elementor-section-height-default\" data-id=\"9415e58\" data-element_type=\"section\">\n\t\t\t\t\t\t<div class=\"elementor-container elementor-column-gap-wider\">\n\t\t\t\t\t\t\t<div class=\"elementor-row\">\n\t\t\t\t\t<div class=\"elementor-column elementor-col-50 elementor-inner-column elementor-element elementor-element-ebf5cf2\" data-id=\"ebf5cf2\" data-element_type=\"column\">\n\t\t\t<div class=\"elementor-column-wrap elementor-element-populated\">\n\t\t\t\t\t\t\t<div class=\"elementor-widget-wrap\">\n\t\t\t\t\t\t<div class=\"elementor-element elementor-element-ff04d63 elementor-widget elementor-widget-heading\" data-id=\"ff04d63\" data-element_type=\"widget\" data-widget_type=\"heading.default\">\n\t\t\t\t<div class=\"elementor-widget-container\">\n\t\t\t<h2 class=\"elementor-heading-title elementor-size-default\">Nous consid\u00e9rons la responsabilit\u00e9 environnementale comme faisant partie int\u00e9grante de nos activit\u00e9s, avec une influence sur toute l\u2019entreprise en tant qu\u2019aspect indispensable en ce qui concerne notre vision et notre mission. En attendant la g\u00e9n\u00e9ration suivante, nous nous consacrons \u00e0 une am\u00e9lioration constante de nos prestations pour r\u00e9duire notre impact \u00e9cologique.<\/h2>\t\t<\/div>\n\t\t\t\t<\/div>\n\t\t\t\t\t\t<\/div>\n\t\t\t\t\t<\/div>\n\t\t<\/div>\n\t\t\t\t<div class=\"elementor-column elementor-col-50 elementor-inner-column elementor-element elementor-element-b829de0\" data-id=\"b829de0\" data-element_type=\"column\">\n\t\t\t<div class=\"elementor-column-wrap elementor-element-populated\">\n\t\t\t\t\t\t\t<div class=\"elementor-widget-wrap\">\n\t\t\t\t\t\t<div class=\"elementor-element elementor-element-7a2b8fa elementor-arrows-position-outside elementor-pagination-position-outside elementor-widget elementor-widget-image-carousel\" data-id=\"7a2b8fa\" data-element_type=\"widget\" data-settings=\"{&quot;slides_to_show&quot;:&quot;2&quot;,&quot;slides_to_show_mobile&quot;:&quot;2&quot;,&quot;slides_to_scroll&quot;:&quot;1&quot;,&quot;image_spacing_custom&quot;:{&quot;unit&quot;:&quot;px&quot;,&quot;size&quot;:30,&quot;sizes&quot;:[]},&quot;navigation&quot;:&quot;both&quot;,&quot;autoplay&quot;:&quot;yes&quot;,&quot;pause_on_hover&quot;:&quot;yes&quot;,&quot;pause_on_interaction&quot;:&quot;yes&quot;,&quot;autoplay_speed&quot;:5000,&quot;infinite&quot;:&quot;yes&quot;,&quot;speed&quot;:500}\" data-widget_type=\"image-carousel.default\">\n\t\t\t\t<div class=\"elementor-widget-container\">\n\t\t\t\t\t<div class=\"elementor-image-carousel-wrapper swiper-container\" dir=\"ltr\">\n\t\t\t<div class=\"elementor-image-carousel swiper-wrapper\">\n\t\t\t\t<div class=\"swiper-slide\"><a data-elementor-open-lightbox=\"yes\" data-elementor-lightbox-slideshow=\"7a2b8fa\" data-elementor-lightbox-title=\"zero-emission-UNI-EN-ISO-14064-1\" href=\"https:\/\/www.contivalves.com\/wp-content\/uploads\/2018\/12\/zero-emission-UNI-EN-ISO-14064-1.jpg\"><figure class=\"swiper-slide-inner\"><img class=\"swiper-slide-image\" src=\"https:\/\/www.contivalves.com\/wp-content\/uploads\/2018\/12\/zero-emission-UNI-EN-ISO-14064-1.jpg\" alt=\"Zero emission (UNI EN ISO 14064)\" \/><figcaption class=\"elementor-image-carousel-caption\">Zero emission (UNI EN ISO 14064)<\/figcaption><\/figure><\/a><\/div><div class=\"swiper-slide\"><a data-elementor-open-lightbox=\"yes\" data-elementor-lightbox-slideshow=\"7a2b8fa\" data-elementor-lightbox-title=\"ISO 14001\" href=\"https:\/\/www.contivalves.com\/wp-content\/uploads\/2023\/10\/ISO-14001.jpg\"><figure class=\"swiper-slide-inner\"><img class=\"swiper-slide-image\" src=\"https:\/\/www.contivalves.com\/wp-content\/uploads\/2023\/10\/ISO-14001.jpg\" alt=\"ISO 14001\" \/><\/figure><\/a><\/div>\t\t\t<\/div>\n\t\t\t\t\t\t\t\t\t\t\t\t<div class=\"swiper-pagination\"><\/div>\n\t\t\t\t\t\t\t\t\t\t\t\t\t<div class=\"elementor-swiper-button elementor-swiper-button-prev\">\n\t\t\t\t\t\t<i class=\"eicon-chevron-left\" aria-hidden=\"true\"><\/i>\n\t\t\t\t\t\t<span class=\"elementor-screen-only\">Pr\u00e9c\u00e9dent<\/span>\n\t\t\t\t\t<\/div>\n\t\t\t\t\t<div class=\"elementor-swiper-button elementor-swiper-button-next\">\n\t\t\t\t\t\t<i class=\"eicon-chevron-right\" aria-hidden=\"true\"><\/i>\n\t\t\t\t\t\t<span class=\"elementor-screen-only\">Suivant<\/span>\n\t\t\t\t\t<\/div>\n\t\t\t\t\t\t\t\t\t<\/div>\n\t\t\t\t<\/div>\n\t\t\t\t<\/div>\n\t\t\t\t<div class=\"elementor-element elementor-element-5c962c4 elementor-widget elementor-widget-text-editor\" data-id=\"5c962c4\" data-element_type=\"widget\" data-widget_type=\"text-editor.default\">\n\t\t\t\t<div class=\"elementor-widget-container\">\n\t\t\t\t\t\t\t\t<div class=\"elementor-text-editor elementor-clearfix\">\n\t\t\t\t\t<p><strong>ISO 14001 CERTIFIED<br \/><\/strong>CONTI est fier d&#8217;avoir re\u00e7u la prestigieuse Certification ISO 14001.<\/p><p>ISO 14001 est une norme environnementale internationale qui \u00e9tablit les param\u00e8tres de fonctionnement d&#8217;un syst\u00e8me de gestion environnementale (SGE) efficace.<br \/>Les normes sont con\u00e7ues pour aborder le d\u00e9licat \u00e9quilibre entre les entreprises maintien de la rentabilit\u00e9 et de r\u00e9duire l&#8217;impact environnemental. Des entreprises certifi\u00e9es ISO 14001 contre doivent prouver qu&#8217;ils ont construit consid\u00e9ration pour la consommation d&#8217;\u00e9nergie, l&#8217;utilisation des ressources naturelles, et les strat\u00e9gies de gestion des d\u00e9chets dans les syst\u00e8mes de gestion plus larges de leurs op\u00e9rations de mani\u00e8re pratique.<br \/>La norme exige que la soci\u00e9t\u00e9 de concevoir des objectifs environnementaux, fixer des objectifs et mettre en \u0153uvre des programmes efficaces d&#8217;am\u00e9lioration continue \u00e0 recevoir la certification. Il n\u00e9cessite l&#8217;engagement de l&#8217;ensemble de l&#8217;organisation pour r\u00e9ussir.<br \/>L\u2019ISO 14001 accr\u00e9dit\u00e9 italien a \u00e9t\u00e9 d\u00e9cern\u00e9 \u00e0 Conti Rubinetterie apr\u00e8s un audit externe rigoureux par QAID Accr\u00e9dites Entit\u00e9 organisme ind\u00e9pendant.<\/p><p><strong>POWERED BY THE SUN &#8211; 2011<\/strong><br \/>Conti Rubinetterie continue \u00e0 se battre en vue d\u2019activit\u00e9s soutenables pour l&#8217;environnement et pour l&#8217;emploi d&#8217;\u00e9nergies renouvelables permettant un d\u00e9veloppement industriel soutenable. Le projet &#8220;POWERED BY THE SUN&#8221; que l\u2019entreprise a lanc\u00e9 est bas\u00e9 sur un nouveau syst\u00e8me photovolta\u00efque. Le soleil fournit 40% de tous nos besoins \u00e9nerg\u00e9tiques. Les toits de nos usines sont couverts de panneaux isolants en polyur\u00e9thane sur lesquels se trouvent des panneaux photovolta\u00efques SHARP \u00e0 150 KWH fabriqu\u00e9s au Japon. L&#8217;\u00e9lectricit\u00e9 produite en convertissant l&#8217;\u00e9nergie contenue dans les radiations solaires est utilis\u00e9e pour produire plus de 140,000 kWh par an, ce qui permet d&#8217;\u00e9viter l&#8217;\u00e9mission de pr\u00e8s de 74,340 kg de dioxyde de carbone, soit environ 10.600 arbres.<\/p>\t\t\t\t\t<\/div>\n\t\t\t\t\t\t<\/div>\n\t\t\t\t<\/div>\n\t\t\t\t\t\t<\/div>\n\t\t\t\t\t<\/div>\n\t\t<\/div>\n\t\t\t\t\t\t\t\t<\/div>\n\t\t\t\t\t<\/div>\n\t\t<\/section>\n\t\t\t\t\t\t<\/div>\n\t\t\t\t\t<\/div>\n\t\t<\/div>\n\t\t\t\t\t\t\t\t<\/div>\n\t\t\t\t\t<\/div>\n\t\t<\/section>\n\t\t\t\t<section class=\"elementor-section elementor-top-section elementor-element elementor-element-3b8f2e6 elementor-section-content-middle elementor-reverse-mobile elementor-section-full_width elementor-section-height-default elementor-section-height-default\" data-id=\"3b8f2e6\" data-element_type=\"section\" data-settings=\"{&quot;background_background&quot;:&quot;classic&quot;}\">\n\t\t\t\t\t\t<div class=\"elementor-container elementor-column-gap-default\">\n\t\t\t\t\t\t\t<div class=\"elementor-row\">\n\t\t\t\t\t<div class=\"elementor-column elementor-col-50 elementor-top-column elementor-element elementor-element-2ab4f14\" data-id=\"2ab4f14\" data-element_type=\"column\" data-settings=\"{&quot;background_background&quot;:&quot;classic&quot;}\">\n\t\t\t<div class=\"elementor-column-wrap elementor-element-populated\">\n\t\t\t\t\t\t\t<div class=\"elementor-widget-wrap\">\n\t\t\t\t\t\t<div class=\"elementor-element elementor-element-6ff9758 elementor-widget elementor-widget-text-editor\" data-id=\"6ff9758\" data-element_type=\"widget\" data-widget_type=\"text-editor.default\">\n\t\t\t\t<div class=\"elementor-widget-container\">\n\t\t\t\t\t\t\t\t<div class=\"elementor-text-editor elementor-clearfix\">\n\t\t\t\t\t\t\t\t\t\t<\/div>\n\t\t\t\t\t\t<\/div>\n\t\t\t\t<\/div>\n\t\t\t\t\t\t<\/div>\n\t\t\t\t\t<\/div>\n\t\t<\/div>\n\t\t\t\t<div class=\"elementor-column elementor-col-50 elementor-top-column elementor-element elementor-element-382e40a\" data-id=\"382e40a\" data-element_type=\"column\" data-settings=\"{&quot;background_background&quot;:&quot;classic&quot;}\">\n\t\t\t<div class=\"elementor-column-wrap elementor-element-populated\">\n\t\t\t\t\t\t\t<div class=\"elementor-widget-wrap\">\n\t\t\t\t\t\t<div class=\"elementor-element elementor-element-b26f0ce elementor-view-default elementor-vertical-align-top elementor-widget elementor-widget-icon-box\" data-id=\"b26f0ce\" data-element_type=\"widget\" data-widget_type=\"icon-box.default\">\n\t\t\t\t<div class=\"elementor-widget-container\">\n\t\t\t\t\t<div class=\"elementor-icon-box-wrapper\">\n\t\t\t\t\t\t<div class=\"elementor-icon-box-content\">\n\t\t\t\t<h3 class=\"elementor-icon-box-title\">\n\t\t\t\t\t<span >Soleil<\/span>\n\t\t\t\t<\/h3>\n\t\t\t\t\t\t\t\t<p class=\"elementor-icon-box-description\">Avec la mise en \u0153uvre du projet POWERED BY THE SUN, nous obtenons que le soleil fournisse 40% de l\u2019ensemble de nos besoins \u00e9nerg\u00e9tiques.<\/p>\n\t\t\t\t\t\t\t<\/div>\n\t\t<\/div>\n\t\t\t\t<\/div>\n\t\t\t\t<\/div>\n\t\t\t\t<div class=\"elementor-element elementor-element-31b3cfb elementor-view-default elementor-vertical-align-top elementor-widget elementor-widget-icon-box\" data-id=\"31b3cfb\" data-element_type=\"widget\" data-widget_type=\"icon-box.default\">\n\t\t\t\t<div class=\"elementor-widget-container\">\n\t\t\t\t\t<div class=\"elementor-icon-box-wrapper\">\n\t\t\t\t\t\t<div class=\"elementor-icon-box-content\">\n\t\t\t\t<h3 class=\"elementor-icon-box-title\">\n\t\t\t\t\t<span >Eau<\/span>\n\t\t\t\t<\/h3>\n\t\t\t\t\t\t\t\t<p class=\"elementor-icon-box-description\">L'eau utilis\u00e9e au cours des diff\u00e9rentes phases du processus de fabrication est nettoy\u00e9e \u00e0 l\u2019aide d\u2019un syst\u00e8me de filtration, puis recycl\u00e9e.<\/p>\n\t\t\t\t\t\t\t<\/div>\n\t\t<\/div>\n\t\t\t\t<\/div>\n\t\t\t\t<\/div>\n\t\t\t\t<div class=\"elementor-element elementor-element-c73f4a6 elementor-view-default elementor-vertical-align-top elementor-widget elementor-widget-icon-box\" data-id=\"c73f4a6\" data-element_type=\"widget\" data-widget_type=\"icon-box.default\">\n\t\t\t\t<div class=\"elementor-widget-container\">\n\t\t\t\t\t<div class=\"elementor-icon-box-wrapper\">\n\t\t\t\t\t\t<div class=\"elementor-icon-box-content\">\n\t\t\t\t<h3 class=\"elementor-icon-box-title\">\n\t\t\t\t\t<span >Air<\/span>\n\t\t\t\t<\/h3>\n\t\t\t\t\t\t\t\t<p class=\"elementor-icon-box-description\">Les vapeurs des processus de production ayant lieu dans la fonderie sont recueillies par un syst\u00e8me de filtration de l'air certifi\u00e9, puis nettoy\u00e9es avant d\u2019\u00eatre rel\u00e2ch\u00e9es dans l'atmosph\u00e8re.<\/p>\n\t\t\t\t\t\t\t<\/div>\n\t\t<\/div>\n\t\t\t\t<\/div>\n\t\t\t\t<\/div>\n\t\t\t\t\t\t<\/div>\n\t\t\t\t\t<\/div>\n\t\t<\/div>\n\t\t\t\t\t\t\t\t<\/div>\n\t\t\t\t\t<\/div>\n\t\t<\/section>\n\t\t\t\t\t\t<\/div>\n\t\t\t\t\t\t<\/div>\n\t\t\t\t\t<\/div>\n\t\t","protected":false},"excerpt":{"rendered":"<p>Nous consid\u00e9rons la responsabilit\u00e9 environnementale comme faisant partie int\u00e9grante de nos activit\u00e9s, avec une influence sur toute l\u2019entreprise en tant qu\u2019aspect indispensable en ce qui concerne notre vision et notre mission. En attendant la g\u00e9n\u00e9ration suivante, nous nous consacrons \u00e0 une am\u00e9lioration constante de nos prestations pour r\u00e9duire notre impact \u00e9cologique. Zero emission (UNI EN [&hellip;]<\/p>\n","protected":false},"author":1,"featured_media":0,"parent":1551,"menu_order":5,"comment_status":"closed","ping_status":"closed","template":"","meta":[],"yoast_head":"<!-- This site is optimized with the Yoast SEO plugin v16.3 - https:\/\/yoast.com\/wordpress\/plugins\/seo\/ -->\n<title>Respect de l&#039;environnement - Conti Rubinetterie<\/title>\n<meta name=\"robots\" content=\"index, follow, max-snippet:-1, max-image-preview:large, max-video-preview:-1\" \/>\n<link rel=\"canonical\" href=\"https:\/\/www.contivalves.com\/fr\/qui-nous-sommes\/respect-de-lenvironnement\/\" \/>\n<meta property=\"og:locale\" content=\"fr_FR\" \/>\n<meta property=\"og:type\" content=\"article\" \/>\n<meta property=\"og:title\" content=\"Respect de l&#039;environnement - Conti Rubinetterie\" \/>\n<meta property=\"og:description\" content=\"Nous consid\u00e9rons la responsabilit\u00e9 environnementale comme faisant partie int\u00e9grante de nos activit\u00e9s, avec une influence sur toute l\u2019entreprise en tant qu\u2019aspect indispensable en ce qui concerne notre vision et notre mission. En attendant la g\u00e9n\u00e9ration suivante, nous nous consacrons \u00e0 une am\u00e9lioration constante de nos prestations pour r\u00e9duire notre impact \u00e9cologique. Zero emission (UNI EN [&hellip;]\" \/>\n<meta property=\"og:url\" content=\"https:\/\/www.contivalves.com\/fr\/qui-nous-sommes\/respect-de-lenvironnement\/\" \/>\n<meta property=\"og:site_name\" content=\"Conti Rubinetterie\" \/>\n<meta property=\"article:modified_time\" content=\"2023-10-17T13:51:49+00:00\" \/>\n<meta property=\"og:image\" content=\"https:\/\/www.contivalves.com\/wp-content\/uploads\/2018\/12\/zero-emission-UNI-EN-ISO-14064-1.jpg\" \/>\n<meta name=\"twitter:card\" content=\"summary_large_image\" \/>\n<meta name=\"twitter:label1\" content=\"Dur\u00e9e de lecture est.\">\n\t<meta name=\"twitter:data1\" content=\"10 minutes\">\n<script type=\"application\/ld+json\" class=\"yoast-schema-graph\">{\"@context\":\"https:\/\/schema.org\",\"@graph\":[{\"@type\":\"Organization\",\"@id\":\"https:\/\/www.contivalves.com\/#organization\",\"name\":\"Conti Rubinetterie\",\"url\":\"https:\/\/www.contivalves.com\/\",\"sameAs\":[],\"logo\":{\"@type\":\"ImageObject\",\"@id\":\"https:\/\/www.contivalves.com\/#logo\",\"inLanguage\":\"fr-FR\",\"url\":\"https:\/\/www.contivalves.com\/wp-content\/uploads\/2018\/11\/conti-valves-rubinetterie-logo-sticky.png\",\"contentUrl\":\"https:\/\/www.contivalves.com\/wp-content\/uploads\/2018\/11\/conti-valves-rubinetterie-logo-sticky.png\",\"width\":199,\"height\":70,\"caption\":\"Conti Rubinetterie\"},\"image\":{\"@id\":\"https:\/\/www.contivalves.com\/#logo\"}},{\"@type\":\"WebSite\",\"@id\":\"https:\/\/www.contivalves.com\/#website\",\"url\":\"https:\/\/www.contivalves.com\/\",\"name\":\"Conti Rubinetterie\",\"description\":\"\",\"publisher\":{\"@id\":\"https:\/\/www.contivalves.com\/#organization\"},\"potentialAction\":[{\"@type\":\"SearchAction\",\"target\":\"https:\/\/www.contivalves.com\/?s={search_term_string}\",\"query-input\":\"required name=search_term_string\"}],\"inLanguage\":\"fr-FR\"},{\"@type\":\"ImageObject\",\"@id\":\"https:\/\/www.contivalves.com\/fr\/qui-nous-sommes\/respect-de-lenvironnement\/#primaryimage\",\"inLanguage\":\"fr-FR\",\"url\":\"https:\/\/www.contivalves.com\/wp-content\/uploads\/2018\/12\/zero-emission-UNI-EN-ISO-14064-1.jpg\",\"contentUrl\":\"https:\/\/www.contivalves.com\/wp-content\/uploads\/2018\/12\/zero-emission-UNI-EN-ISO-14064-1.jpg\",\"width\":707,\"height\":1000,\"caption\":\"Zero emission (UNI EN ISO 14064)\"},{\"@type\":\"WebPage\",\"@id\":\"https:\/\/www.contivalves.com\/fr\/qui-nous-sommes\/respect-de-lenvironnement\/#webpage\",\"url\":\"https:\/\/www.contivalves.com\/fr\/qui-nous-sommes\/respect-de-lenvironnement\/\",\"name\":\"Respect de l'environnement - Conti Rubinetterie\",\"isPartOf\":{\"@id\":\"https:\/\/www.contivalves.com\/#website\"},\"primaryImageOfPage\":{\"@id\":\"https:\/\/www.contivalves.com\/fr\/qui-nous-sommes\/respect-de-lenvironnement\/#primaryimage\"},\"datePublished\":\"2018-11-13T13:43:03+00:00\",\"dateModified\":\"2023-10-17T13:51:49+00:00\",\"breadcrumb\":{\"@id\":\"https:\/\/www.contivalves.com\/fr\/qui-nous-sommes\/respect-de-lenvironnement\/#breadcrumb\"},\"inLanguage\":\"fr-FR\",\"potentialAction\":[{\"@type\":\"ReadAction\",\"target\":[\"https:\/\/www.contivalves.com\/fr\/qui-nous-sommes\/respect-de-lenvironnement\/\"]}]},{\"@type\":\"BreadcrumbList\",\"@id\":\"https:\/\/www.contivalves.com\/fr\/qui-nous-sommes\/respect-de-lenvironnement\/#breadcrumb\",\"itemListElement\":[{\"@type\":\"ListItem\",\"position\":1,\"item\":{\"@type\":\"WebPage\",\"@id\":\"https:\/\/www.contivalves.com\/fr\/\",\"url\":\"https:\/\/www.contivalves.com\/fr\/\",\"name\":\"Home\"}},{\"@type\":\"ListItem\",\"position\":2,\"item\":{\"@type\":\"WebPage\",\"@id\":\"https:\/\/www.contivalves.com\/fr\/qui-nous-sommes\/\",\"url\":\"https:\/\/www.contivalves.com\/fr\/qui-nous-sommes\/\",\"name\":\"[:en]Company[:it]Azienda[:es]Empresa[:fr]Qui nous sommes[:de]WIR \\u00dcBER UNS[:]\"}},{\"@type\":\"ListItem\",\"position\":3,\"item\":{\"@id\":\"https:\/\/www.contivalves.com\/fr\/qui-nous-sommes\/respect-de-lenvironnement\/#webpage\"}}]}]}<\/script>\n<!-- \/ Yoast SEO plugin. -->","_links":{"self":[{"href":"https:\/\/www.contivalves.com\/fr\/wp-json\/wp\/v2\/pages\/119"}],"collection":[{"href":"https:\/\/www.contivalves.com\/fr\/wp-json\/wp\/v2\/pages"}],"about":[{"href":"https:\/\/www.contivalves.com\/fr\/wp-json\/wp\/v2\/types\/page"}],"author":[{"embeddable":true,"href":"https:\/\/www.contivalves.com\/fr\/wp-json\/wp\/v2\/users\/1"}],"replies":[{"embeddable":true,"href":"https:\/\/www.contivalves.com\/fr\/wp-json\/wp\/v2\/comments?post=119"}],"version-history":[{"count":52,"href":"https:\/\/www.contivalves.com\/fr\/wp-json\/wp\/v2\/pages\/119\/revisions"}],"predecessor-version":[{"id":2751,"href":"https:\/\/www.contivalves.com\/fr\/wp-json\/wp\/v2\/pages\/119\/revisions\/2751"}],"up":[{"embeddable":true,"href":"https:\/\/www.contivalves.com\/fr\/wp-json\/wp\/v2\/pages\/1551"}],"wp:attachment":[{"href":"https:\/\/www.contivalves.com\/fr\/wp-json\/wp\/v2\/media?parent=119"}],"curies":[{"name":"wp","href":"https:\/\/api.w.org\/{rel}","templated":true}]}}