{"id":435,"date":"2018-11-15T14:57:54","date_gmt":"2018-11-15T13:57:54","guid":{"rendered":"https:\/\/www.contivalves.com\/?page_id=435"},"modified":"2021-03-16T09:15:39","modified_gmt":"2021-03-16T08:15:39","slug":"soluzioni-personalizzate","status":"publish","type":"page","link":"https:\/\/www.contivalves.com\/fr\/applications\/solutions-de-soupapes-specialises\/","title":{"rendered":"[:en]Custom engineered solutions[:it]Soluzioni personalizzate[:es]Soluciones de v\u00e1lvulas de ingenier\u00eda[:fr]Solutions de soupapes sp\u00e9cialis\u00e9s[:de]Personifizierte L\u00f6sungen[:]"},"content":{"rendered":"\t\t<div data-elementor-type=\"wp-post\" data-elementor-id=\"435\" class=\"elementor elementor-435\" data-elementor-settings=\"[]\">\n\t\t\t\t\t\t<div class=\"elementor-inner\">\n\t\t\t\t\t\t\t<div class=\"elementor-section-wrap\">\n\t\t\t\t\t\t\t<section class=\"elementor-section elementor-top-section elementor-element elementor-element-2fa2518 elementor-section-boxed elementor-section-height-default elementor-section-height-default\" data-id=\"2fa2518\" data-element_type=\"section\">\n\t\t\t\t\t\t<div class=\"elementor-container elementor-column-gap-default\">\n\t\t\t\t\t\t\t<div class=\"elementor-row\">\n\t\t\t\t\t<div class=\"elementor-column elementor-col-100 elementor-top-column elementor-element elementor-element-5b21c73\" data-id=\"5b21c73\" data-element_type=\"column\">\n\t\t\t<div class=\"elementor-column-wrap elementor-element-populated\">\n\t\t\t\t\t\t\t<div class=\"elementor-widget-wrap\">\n\t\t\t\t\t\t<section class=\"elementor-section elementor-inner-section elementor-element elementor-element-e0bdad5 elementor-section-boxed elementor-section-height-default elementor-section-height-default\" data-id=\"e0bdad5\" data-element_type=\"section\">\n\t\t\t\t\t\t<div class=\"elementor-container elementor-column-gap-default\">\n\t\t\t\t\t\t\t<div class=\"elementor-row\">\n\t\t\t\t\t<div class=\"elementor-column elementor-col-50 elementor-inner-column elementor-element elementor-element-47990b6\" data-id=\"47990b6\" data-element_type=\"column\">\n\t\t\t<div class=\"elementor-column-wrap elementor-element-populated\">\n\t\t\t\t\t\t\t<div class=\"elementor-widget-wrap\">\n\t\t\t\t\t\t<div class=\"elementor-element elementor-element-15e651e elementor-widget elementor-widget-heading\" data-id=\"15e651e\" data-element_type=\"widget\" data-widget_type=\"heading.default\">\n\t\t\t\t<div class=\"elementor-widget-container\">\n\t\t\t<h2 class=\"elementor-heading-title elementor-size-default\">Nous avons commenc\u00e9 il y a pr\u00e8s d\u2019un si\u00e8cle avec une id\u00e9e bien pr\u00e9cise: satisfaire les exigences de nos clients et livrer des produits de qualit\u00e9. Pendant plus de 100 ans, les produits Conti ont \u00e9t\u00e9 synonymes d\u2019innovation, de qualit\u00e9 et de prestations, pour permettre de fournir des solutions sur les divers march\u00e9s que nous desservons. Nos clients et les ing\u00e9nieurs du monde entier nous ont r\u00e9compens\u00e9s de nos efforts avec une grande loyaut\u00e9, en revenant souvent chez nous pour chercher les produits et les solutions qu\u2019ils ont appris \u00e0 conna\u00eetre et \u00e0 appr\u00e9cier.<\/h2>\t\t<\/div>\n\t\t\t\t<\/div>\n\t\t\t\t\t\t<\/div>\n\t\t\t\t\t<\/div>\n\t\t<\/div>\n\t\t\t\t<div class=\"elementor-column elementor-col-50 elementor-inner-column elementor-element elementor-element-8668b83\" data-id=\"8668b83\" data-element_type=\"column\">\n\t\t\t<div class=\"elementor-column-wrap elementor-element-populated\">\n\t\t\t\t\t\t\t<div class=\"elementor-widget-wrap\">\n\t\t\t\t\t\t<div class=\"elementor-element elementor-element-8a2cfa6 elementor-widget elementor-widget-text-editor\" data-id=\"8a2cfa6\" data-element_type=\"widget\" data-widget_type=\"text-editor.default\">\n\t\t\t\t<div class=\"elementor-widget-container\">\n\t\t\t\t\t\t\t\t<div class=\"elementor-text-editor elementor-clearfix\">\n\t\t\t\t\tAvec la fondation de notre d\u00e9partement \u00abSYST\u00c8MES DE SOUPAPES SP\u00c9CIALIS\u00c9S\u00bb en 2006, nous pouvons assurer le m\u00eame niveau de recherche et de d\u00e9veloppement \u00e0 vos produits qu\u2019aux n\u00f4tres. Associez \u00e0 cela un travail de fabrication industrielle de classe internationale et vous obtiendrez une combinaison imbattable \u00e0 l&#8217;appui de vos besoins de produits uniques.\n\nNos soupapes sont con\u00e7ues sur mesure pour faire face \u00e0 vos param\u00e8tres les plus stricts. Pour assurer une conformit\u00e9 parfaite, nous offrons une vaste gamme d&#8217;options, allant d\u2019alliages uniques pour soupapes aux accessoires faits sur mesure. Il est possible de repenser ces s\u00e9lections de toutes sortes de fa\u00e7ons, pour arriver \u00e0 une solution tout \u00e0 fait personnalis\u00e9e.\n\nVotre solution, con\u00e7ue sur mesure, sera bas\u00e9e sur notre gamme de produits. Examinez nos offres et donnez-nous vos sp\u00e9cifications pour nous aider \u00e0 d\u00e9terminer le type de soupape et de configuration pouvant satisfaire vos exigences.\n\nChaque soupape peut \u00eatre pr\u00e9vue pour la plupart des types de brides existants et en plusieurs tailles, avec des extr\u00e9mit\u00e9s soud\u00e9es, filet\u00e9es ou des raccords de tuyauterie. La liste report\u00e9e ci-dessous comprend les principales options de personnalisation auxquelles vous pouvez vous reporter, de fa\u00e7on \u00e0 cr\u00e9er la solution de soupape sur mesure permettant de satisfaire parfaitement vos exigences et vos sp\u00e9cifications:\n\t\t\t\t\t<\/div>\n\t\t\t\t\t\t<\/div>\n\t\t\t\t<\/div>\n\t\t\t\t<div class=\"elementor-element elementor-element-94e171a elementor-widget elementor-widget-text-editor\" data-id=\"94e171a\" data-element_type=\"widget\" data-widget_type=\"text-editor.default\">\n\t\t\t\t<div class=\"elementor-widget-container\">\n\t\t\t\t\t\t\t\t<div class=\"elementor-text-editor elementor-clearfix\">\n\t\t\t\t\t<p><\/p><ul><li><span style=\"font-weight: 600;\">ALLIAGES POUR VALVES<\/span><\/li><li><span style=\"font-weight: 600;\">EXTR\u00c9MIT\u00c9S DE RACCORDEMENT<\/span><\/li><li><span style=\"font-weight: 600;\">S\u00c9LECTIONS DE BONNETS\u00a0<\/span><\/li><li><span style=\"font-weight: 600;\">SOLUTIONS ET MATERIELS DE FINITION POUR L\u2019INTERIEUR DES VANNES\u00a0<\/span><\/li><li><span style=\"font-weight: 600;\">CHOIX D\u2019EMBALLAGES\u00a0<\/span><\/li><li><span style=\"font-weight: 600;\">TEMP\u00c9RATURE D\u2019EXERCICE ET PARAM\u00c8TRES DE PRESSION\u00a0<\/span><\/li><li><span style=\"font-weight: 600;\">ACCESSOIRES SUR MESURE<\/span><\/li><\/ul><p><\/p>\t\t\t\t\t<\/div>\n\t\t\t\t\t\t<\/div>\n\t\t\t\t<\/div>\n\t\t\t\t\t\t<\/div>\n\t\t\t\t\t<\/div>\n\t\t<\/div>\n\t\t\t\t\t\t\t\t<\/div>\n\t\t\t\t\t<\/div>\n\t\t<\/section>\n\t\t\t\t\t\t<\/div>\n\t\t\t\t\t<\/div>\n\t\t<\/div>\n\t\t\t\t\t\t\t\t<\/div>\n\t\t\t\t\t<\/div>\n\t\t<\/section>\n\t\t\t\t<section class=\"elementor-section elementor-top-section elementor-element elementor-element-0681818 elementor-section-boxed elementor-section-height-default elementor-section-height-default\" data-id=\"0681818\" data-element_type=\"section\">\n\t\t\t\t\t\t<div class=\"elementor-container elementor-column-gap-default\">\n\t\t\t\t\t\t\t<div class=\"elementor-row\">\n\t\t\t\t\t<div class=\"elementor-column elementor-col-100 elementor-top-column elementor-element elementor-element-8222097\" data-id=\"8222097\" data-element_type=\"column\">\n\t\t\t<div class=\"elementor-column-wrap\">\n\t\t\t\t\t\t\t<div class=\"elementor-widget-wrap\">\n\t\t\t\t\t\t\t\t<\/div>\n\t\t\t\t\t<\/div>\n\t\t<\/div>\n\t\t\t\t\t\t\t\t<\/div>\n\t\t\t\t\t<\/div>\n\t\t<\/section>\n\t\t\t\t\t\t<\/div>\n\t\t\t\t\t\t<\/div>\n\t\t\t\t\t<\/div>\n\t\t","protected":false},"excerpt":{"rendered":"<p>Nous avons commenc\u00e9 il y a pr\u00e8s d\u2019un si\u00e8cle avec une id\u00e9e bien pr\u00e9cise: satisfaire les exigences de nos clients et livrer des produits de qualit\u00e9. Pendant plus de 100 ans, les produits Conti ont \u00e9t\u00e9 synonymes d\u2019innovation, de qualit\u00e9 et de prestations, pour permettre de fournir des solutions sur les divers march\u00e9s que nous [&hellip;]<\/p>\n","protected":false},"author":1,"featured_media":0,"parent":1548,"menu_order":2,"comment_status":"closed","ping_status":"closed","template":"","meta":[],"yoast_head":"<!-- This site is optimized with the Yoast SEO plugin v16.3 - https:\/\/yoast.com\/wordpress\/plugins\/seo\/ -->\n<title>Solutions de soupapes sp\u00e9cialis\u00e9s - Conti Rubinetterie<\/title>\n<meta name=\"robots\" content=\"index, follow, max-snippet:-1, max-image-preview:large, max-video-preview:-1\" \/>\n<link rel=\"canonical\" href=\"https:\/\/www.contivalves.com\/applicazioni\/soluzioni-personalizzate\/\" \/>\n<meta property=\"og:locale\" content=\"fr_FR\" \/>\n<meta property=\"og:type\" content=\"article\" \/>\n<meta property=\"og:title\" content=\"Solutions de soupapes sp\u00e9cialis\u00e9s - Conti Rubinetterie\" \/>\n<meta property=\"og:description\" content=\"Nous avons commenc\u00e9 il y a pr\u00e8s d\u2019un si\u00e8cle avec une id\u00e9e bien pr\u00e9cise: satisfaire les exigences de nos clients et livrer des produits de qualit\u00e9. Pendant plus de 100 ans, les produits Conti ont \u00e9t\u00e9 synonymes d\u2019innovation, de qualit\u00e9 et de prestations, pour permettre de fournir des solutions sur les divers march\u00e9s que nous [&hellip;]\" \/>\n<meta property=\"og:url\" content=\"https:\/\/www.contivalves.com\/applicazioni\/soluzioni-personalizzate\/\" \/>\n<meta property=\"og:site_name\" content=\"Conti Rubinetterie\" \/>\n<meta property=\"article:modified_time\" content=\"2021-03-16T08:15:39+00:00\" \/>\n<meta property=\"og:image\" content=\"https:\/\/www.contivalves.com\/wp-content\/uploads\/2018\/11\/conti-soluzioni-personalizzate-2-300x240.jpg\" \/>\n<meta name=\"twitter:card\" content=\"summary_large_image\" \/>\n<meta name=\"twitter:label1\" content=\"Dur\u00e9e de lecture est.\">\n\t<meta name=\"twitter:data1\" content=\"7 minutes\">\n<script type=\"application\/ld+json\" class=\"yoast-schema-graph\">{\"@context\":\"https:\/\/schema.org\",\"@graph\":[{\"@type\":\"Organization\",\"@id\":\"https:\/\/www.contivalves.com\/#organization\",\"name\":\"Conti Rubinetterie\",\"url\":\"https:\/\/www.contivalves.com\/\",\"sameAs\":[],\"logo\":{\"@type\":\"ImageObject\",\"@id\":\"https:\/\/www.contivalves.com\/#logo\",\"inLanguage\":\"fr-FR\",\"url\":\"https:\/\/www.contivalves.com\/wp-content\/uploads\/2018\/11\/conti-valves-rubinetterie-logo-sticky.png\",\"contentUrl\":\"https:\/\/www.contivalves.com\/wp-content\/uploads\/2018\/11\/conti-valves-rubinetterie-logo-sticky.png\",\"width\":199,\"height\":70,\"caption\":\"Conti Rubinetterie\"},\"image\":{\"@id\":\"https:\/\/www.contivalves.com\/#logo\"}},{\"@type\":\"WebSite\",\"@id\":\"https:\/\/www.contivalves.com\/#website\",\"url\":\"https:\/\/www.contivalves.com\/\",\"name\":\"Conti Rubinetterie\",\"description\":\"\",\"publisher\":{\"@id\":\"https:\/\/www.contivalves.com\/#organization\"},\"potentialAction\":[{\"@type\":\"SearchAction\",\"target\":\"https:\/\/www.contivalves.com\/?s={search_term_string}\",\"query-input\":\"required name=search_term_string\"}],\"inLanguage\":\"fr-FR\"},{\"@type\":\"ImageObject\",\"@id\":\"https:\/\/www.contivalves.com\/applicazioni\/soluzioni-personalizzate\/#primaryimage\",\"inLanguage\":\"fr-FR\",\"url\":\"https:\/\/www.contivalves.com\/wp-content\/uploads\/2018\/11\/conti-soluzioni-personalizzate-2.jpg\",\"contentUrl\":\"https:\/\/www.contivalves.com\/wp-content\/uploads\/2018\/11\/conti-soluzioni-personalizzate-2.jpg\",\"width\":1181,\"height\":945},{\"@type\":\"WebPage\",\"@id\":\"https:\/\/www.contivalves.com\/applicazioni\/soluzioni-personalizzate\/#webpage\",\"url\":\"https:\/\/www.contivalves.com\/applicazioni\/soluzioni-personalizzate\/\",\"name\":\"Solutions de soupapes sp\\u00e9cialis\\u00e9s - Conti Rubinetterie\",\"isPartOf\":{\"@id\":\"https:\/\/www.contivalves.com\/#website\"},\"primaryImageOfPage\":{\"@id\":\"https:\/\/www.contivalves.com\/applicazioni\/soluzioni-personalizzate\/#primaryimage\"},\"datePublished\":\"2018-11-15T13:57:54+00:00\",\"dateModified\":\"2021-03-16T08:15:39+00:00\",\"breadcrumb\":{\"@id\":\"https:\/\/www.contivalves.com\/applicazioni\/soluzioni-personalizzate\/#breadcrumb\"},\"inLanguage\":\"fr-FR\",\"potentialAction\":[{\"@type\":\"ReadAction\",\"target\":[\"https:\/\/www.contivalves.com\/applicazioni\/soluzioni-personalizzate\/\"]}]},{\"@type\":\"BreadcrumbList\",\"@id\":\"https:\/\/www.contivalves.com\/applicazioni\/soluzioni-personalizzate\/#breadcrumb\",\"itemListElement\":[{\"@type\":\"ListItem\",\"position\":1,\"item\":{\"@type\":\"WebPage\",\"@id\":\"https:\/\/www.contivalves.com\/fr\/\",\"url\":\"https:\/\/www.contivalves.com\/fr\/\",\"name\":\"Home\"}},{\"@type\":\"ListItem\",\"position\":2,\"item\":{\"@type\":\"WebPage\",\"@id\":\"https:\/\/www.contivalves.com\/fr\/applications\/\",\"url\":\"https:\/\/www.contivalves.com\/fr\/applications\/\",\"name\":\"[:en]Applications[:it]Applicazioni[:es]Mercados[:fr]Applications[:de]Anwendungen[:]\"}},{\"@type\":\"ListItem\",\"position\":3,\"item\":{\"@id\":\"https:\/\/www.contivalves.com\/applicazioni\/soluzioni-personalizzate\/#webpage\"}}]}]}<\/script>\n<!-- \/ Yoast SEO plugin. -->","_links":{"self":[{"href":"https:\/\/www.contivalves.com\/fr\/wp-json\/wp\/v2\/pages\/435"}],"collection":[{"href":"https:\/\/www.contivalves.com\/fr\/wp-json\/wp\/v2\/pages"}],"about":[{"href":"https:\/\/www.contivalves.com\/fr\/wp-json\/wp\/v2\/types\/page"}],"author":[{"embeddable":true,"href":"https:\/\/www.contivalves.com\/fr\/wp-json\/wp\/v2\/users\/1"}],"replies":[{"embeddable":true,"href":"https:\/\/www.contivalves.com\/fr\/wp-json\/wp\/v2\/comments?post=435"}],"version-history":[{"count":13,"href":"https:\/\/www.contivalves.com\/fr\/wp-json\/wp\/v2\/pages\/435\/revisions"}],"predecessor-version":[{"id":2295,"href":"https:\/\/www.contivalves.com\/fr\/wp-json\/wp\/v2\/pages\/435\/revisions\/2295"}],"up":[{"embeddable":true,"href":"https:\/\/www.contivalves.com\/fr\/wp-json\/wp\/v2\/pages\/1548"}],"wp:attachment":[{"href":"https:\/\/www.contivalves.com\/fr\/wp-json\/wp\/v2\/media?parent=435"}],"curies":[{"name":"wp","href":"https:\/\/api.w.org\/{rel}","templated":true}]}}